{"id":19793,"date":"2025-03-30T10:03:27","date_gmt":"2025-03-30T10:03:27","guid":{"rendered":"https:\/\/streetpower-rekond.se\/newsite\/?post_type=product&#038;p=19793"},"modified":"2025-05-06T07:59:03","modified_gmt":"2025-05-06T07:59:03","slug":"silky-finish-400-gsm-microfibre-cloth-2-pack","status":"publish","type":"product","link":"https:\/\/streetpower-rekond.se\/newsite\/sv\/product\/silky-finish-400-gsm-microfibre-cloth-2-pack\/","title":{"rendered":"Silky Finish &#8211; 400 GSM Microfibre Cloth 2-pack"},"content":{"rendered":"<p>Egenskaper:<\/p>\n<p>Vikt: 400 GSM<\/p>\n<p>Storlek: 40 x 40 cm<\/p>\n<p>Blandning: 70\/30 polyester\/polyamid<\/p>\n<p>Grym kvalitet b\u00e4sta p\u00e5 marknaden<\/p>\n<p>Tillverkad i Korea<\/p>\n<p>Anv\u00e4ndning:<\/p>\n<p>Avtorkning av lackskydd\/lackbehandling\/vax\/polermedel<\/p>\n<p>Inv\u00e4ndig reng\u00f6ring<\/p>\n<p>Blek inte och anv\u00e4nd inte sk\u00f6ljmedel. Tv\u00e4tt i h\u00f6g v\u00e4rme \u00f6ver 60\u00baC kan orsaka tygdeformation eller skada.<\/p>\n","protected":false},"excerpt":{"rendered":"<p>Det \u00e4r en fluffig mikrofiber med en medell\u00e5ng lugg. f\u00f6r universal anv\u00e4ndning. Rekommenderas speciellt till arbete med lack, rentorkning av keramiska behandlingar och bilinredning. Duken \u00e4r laserskuren, vilket g\u00f6r den saknar h\u00e5rda kanter, och har inga sydda flikar eller andra markeringar, vilket positivt p\u00e5verkar s\u00e4kerheten vid arbete p\u00e5 lackade ytor. Den \u00e4r gjord av koreansk mikrofiber av h\u00f6gsta kvalitet.<\/p>\n","protected":false},"featured_media":19794,"comment_status":"open","ping_status":"closed","template":"","meta":[],"etheme_brands":[{"term_id":410,"name":"Ultracoat","slug":"ultracoat","term_group":0,"term_taxonomy_id":410,"taxonomy":"brand","description":"","parent":0,"count":79,"filter":"raw"}],"product_brand":[384],"product_cat":[219],"product_tag":[],"class_list":{"0":"post-19793","1":"product","2":"type-product","3":"status-publish","4":"has-post-thumbnail","6":"brand-ultracoat","7":"product_brand-ultracoat","8":"product_cat-mikrofiberdukar","10":"first","11":"instock","12":"sale","13":"featured","14":"taxable","15":"shipping-taxable","16":"purchasable","17":"product-type-simple"},"_links":{"self":[{"href":"https:\/\/streetpower-rekond.se\/newsite\/sv\/wp-json\/wp\/v2\/product\/19793","targetHints":{"allow":["GET"]}}],"collection":[{"href":"https:\/\/streetpower-rekond.se\/newsite\/sv\/wp-json\/wp\/v2\/product"}],"about":[{"href":"https:\/\/streetpower-rekond.se\/newsite\/sv\/wp-json\/wp\/v2\/types\/product"}],"replies":[{"embeddable":true,"href":"https:\/\/streetpower-rekond.se\/newsite\/sv\/wp-json\/wp\/v2\/comments?post=19793"}],"version-history":[{"count":2,"href":"https:\/\/streetpower-rekond.se\/newsite\/sv\/wp-json\/wp\/v2\/product\/19793\/revisions"}],"predecessor-version":[{"id":23146,"href":"https:\/\/streetpower-rekond.se\/newsite\/sv\/wp-json\/wp\/v2\/product\/19793\/revisions\/23146"}],"wp:featuredmedia":[{"embeddable":true,"href":"https:\/\/streetpower-rekond.se\/newsite\/sv\/wp-json\/wp\/v2\/media\/19794"}],"wp:attachment":[{"href":"https:\/\/streetpower-rekond.se\/newsite\/sv\/wp-json\/wp\/v2\/media?parent=19793"}],"wp:term":[{"taxonomy":"brand","embeddable":true,"href":"https:\/\/streetpower-rekond.se\/newsite\/sv\/wp-json\/wp\/v2\/etheme_brands?post=19793"},{"taxonomy":"product_brand","embeddable":true,"href":"https:\/\/streetpower-rekond.se\/newsite\/sv\/wp-json\/wp\/v2\/product_brand?post=19793"},{"taxonomy":"product_cat","embeddable":true,"href":"https:\/\/streetpower-rekond.se\/newsite\/sv\/wp-json\/wp\/v2\/product_cat?post=19793"},{"taxonomy":"product_tag","embeddable":true,"href":"https:\/\/streetpower-rekond.se\/newsite\/sv\/wp-json\/wp\/v2\/product_tag?post=19793"}],"curies":[{"name":"wp","href":"https:\/\/api.w.org\/{rel}","templated":true}]}}