{"id":19770,"date":"2024-12-31T13:03:10","date_gmt":"2024-12-31T13:03:10","guid":{"rendered":"https:\/\/streetpower-rekond.se\/newsite\/product\/soft-touch-premium-microfibre-wash-mitt-1500-gsm\/"},"modified":"2025-04-01T08:21:04","modified_gmt":"2025-04-01T08:21:04","slug":"soft-touch-premium-microfibre-wash-mitt-1500-gsm","status":"publish","type":"product","link":"https:\/\/streetpower-rekond.se\/newsite\/sv\/product\/soft-touch-premium-microfibre-wash-mitt-1500-gsm\/","title":{"rendered":"Soft Touch &#8211; Premium Microfibre Wash Mitt 1500 GSM"},"content":{"rendered":"<p>Ytterligare s\u00f6mmar inuti handsken ger ett s\u00e4kert grepp, som tillsammans med en v\u00e4lsittande passform garanterar bekv\u00e4mt arbete. Noggrant utf\u00f6rande och mycket starka s\u00f6mmar s\u00e4kerst\u00e4ller produktens l\u00e5nga h\u00e5llbarhet.<\/p>\n<p>Egenskaper:<\/p>\n<p>Vikt: 1500 GSM<\/p>\n<p>M\u00e5tt: 18&#215;28 cm<\/p>\n<p>Blandning: 85\/15 Polyester\/polyamid<\/p>\n<p>Tillverkad i Korea<\/p>\n<p>Anv\u00e4ndning l\u00e4mpad f\u00f6r:<\/p>\n<p>Bilar<\/p>\n<p>Motorcyklar<\/p>\n<p>B\u00e5tar<\/p>\n<p>Blek inte och anv\u00e4nd inte sk\u00f6ljmedel. Tv\u00e4tt i h\u00f6g v\u00e4rme \u00f6ver 60\u00baC kan orsaka tygdeformation eller skada. L\u00e4mna inte tv\u00e4tthandsken i hinken efter tv\u00e4tt. Sk\u00f6lj v\u00e4l i rinnande vatten och h\u00e4ng p\u00e5 tork.<\/p>\n","protected":false},"excerpt":{"rendered":"<p>En bekv\u00e4m och h\u00e5llbar tv\u00e4ttvante f\u00f6r alla fordon gjord av koreansk mikrofiber av h\u00f6gsta kvalitet. Fibrernas fina struktur garanterar en mild och s\u00e4ker rengj\u00f6ring av ytan och g\u00f6r det l\u00e4tt att sk\u00f6lja av smuts fr\u00e5n handsken. Inuti Soft Touch finns en dubbelsidig svamp som perfekt absorberar schampoblandningen , ger h\u00f6g glid under tv\u00e4tt och underl\u00e4ttar arbetet.<\/p>\n","protected":false},"featured_media":19771,"comment_status":"open","ping_status":"closed","template":"","meta":[],"etheme_brands":[{"term_id":410,"name":"Ultracoat","slug":"ultracoat","term_group":0,"term_taxonomy_id":410,"taxonomy":"brand","description":"","parent":0,"count":79,"filter":"raw"}],"product_brand":[384],"product_cat":[219,243],"product_tag":[],"class_list":{"0":"post-19770","1":"product","2":"type-product","3":"status-publish","4":"has-post-thumbnail","6":"brand-ultracoat","7":"product_brand-ultracoat","8":"product_cat-mikrofiberdukar","9":"product_cat-tvatthandskar","11":"first","12":"outofstock","13":"sale","14":"taxable","15":"shipping-taxable","16":"purchasable","17":"product-type-simple"},"_links":{"self":[{"href":"https:\/\/streetpower-rekond.se\/newsite\/sv\/wp-json\/wp\/v2\/product\/19770","targetHints":{"allow":["GET"]}}],"collection":[{"href":"https:\/\/streetpower-rekond.se\/newsite\/sv\/wp-json\/wp\/v2\/product"}],"about":[{"href":"https:\/\/streetpower-rekond.se\/newsite\/sv\/wp-json\/wp\/v2\/types\/product"}],"replies":[{"embeddable":true,"href":"https:\/\/streetpower-rekond.se\/newsite\/sv\/wp-json\/wp\/v2\/comments?post=19770"}],"version-history":[{"count":1,"href":"https:\/\/streetpower-rekond.se\/newsite\/sv\/wp-json\/wp\/v2\/product\/19770\/revisions"}],"predecessor-version":[{"id":23110,"href":"https:\/\/streetpower-rekond.se\/newsite\/sv\/wp-json\/wp\/v2\/product\/19770\/revisions\/23110"}],"wp:featuredmedia":[{"embeddable":true,"href":"https:\/\/streetpower-rekond.se\/newsite\/sv\/wp-json\/wp\/v2\/media\/19771"}],"wp:attachment":[{"href":"https:\/\/streetpower-rekond.se\/newsite\/sv\/wp-json\/wp\/v2\/media?parent=19770"}],"wp:term":[{"taxonomy":"brand","embeddable":true,"href":"https:\/\/streetpower-rekond.se\/newsite\/sv\/wp-json\/wp\/v2\/etheme_brands?post=19770"},{"taxonomy":"product_brand","embeddable":true,"href":"https:\/\/streetpower-rekond.se\/newsite\/sv\/wp-json\/wp\/v2\/product_brand?post=19770"},{"taxonomy":"product_cat","embeddable":true,"href":"https:\/\/streetpower-rekond.se\/newsite\/sv\/wp-json\/wp\/v2\/product_cat?post=19770"},{"taxonomy":"product_tag","embeddable":true,"href":"https:\/\/streetpower-rekond.se\/newsite\/sv\/wp-json\/wp\/v2\/product_tag?post=19770"}],"curies":[{"name":"wp","href":"https:\/\/api.w.org\/{rel}","templated":true}]}}