{"id":19749,"date":"2024-12-31T12:53:31","date_gmt":"2024-12-31T12:53:31","guid":{"rendered":"https:\/\/streetpower-rekond.se\/newsite\/product\/ultracoat-finest-wipe-5l\/"},"modified":"2025-04-01T09:48:59","modified_gmt":"2025-04-01T09:48:59","slug":"ultracoat-finest-wipe-5l","status":"publish","type":"product","link":"https:\/\/streetpower-rekond.se\/newsite\/sv\/product\/ultracoat-finest-wipe-5l\/","title":{"rendered":"Ultracoat Finest Wipe 5L"},"content":{"rendered":"<p>Anv\u00e4ndningen av produkten \u00e4r mycket enkel. Finest Wipe avdunstar j\u00e4mnt och l\u00e4mnar inga r\u00e4nder, vilket g\u00f6r arbetet snabbt och effektivt. Produkten har utformats f\u00f6r att s\u00e4kerst\u00e4lla en h\u00f6g s\u00e4kerhetsniv\u00e5 f\u00f6r anv\u00e4ndaren och ytan. Arbetet med Finest Wipe blir \u00e4nnu trevligare tack vare sin milda vaniljdoft.<\/p>\n<p>Effektiv fettborttagning<\/p>\n<p>S\u00e4ker f\u00f6r ytan och anv\u00e4ndaren<\/p>\n<p>Trevlig vaniljdoft<\/p>\n<p>Se till att ytan \u00e4r sval.<\/p>\n<p>Applicera Finest Wipe p\u00e5 en mikrofiberduk och ytan.<\/p>\n<p>Distribuera produkten noggrant.<\/p>\n<p>Arbeta ut produkten med den rena sidan av mikrofibern.<\/p>\n<p>Upprepa vid behov steg 1-4.<\/p>\n<p>Anv\u00e4nd alltid skyddskl\u00e4der och handskar. Testa produkten p\u00e5 ett litet, osynligt element. Arbeta p\u00e5 en sval yta fr\u00e5n direkt solljus. F\u00f6rvaras vid en temperatur p\u00e5 5 till 25 grader fr\u00e5n direkt solljus<\/p>\n<p><img decoding=\"async\" src=\"https:\/\/streetpower-rekond.se\/newsite\/img\/cms\/Faro%20Symboler\/flamme.gif\" alt=\"\" width=\"90\" height=\"90\" title=\"\"><img decoding=\"async\" src=\"https:\/\/streetpower-rekond.se\/newsite\/img\/cms\/Faro%20Symboler\/exclam.gif\" alt=\"\" width=\"90\" height=\"90\" title=\"\"><\/p>\n<p>H\u00e4lso- och milj\u00f6farliga \u00e4mnen<\/p>\n<p>1-metoxi-2-propanol<\/p>\n<p>propan-2-ol<\/p>\n<p>Varningstexter<\/p>\n<p>H226 Brandfarlig v\u00e4tska och \u00e5nga.<\/p>\n<p>H319 Orsakar allvarlig \u00f6gonirritation.<\/p>\n<p>H336 Kan g\u00f6ra att man blir d\u00e5sig eller omt\u00f6cknad.<\/p>\n<p>S\u00e4kerhetsangivelser<\/p>\n<p>P101 Ha f\u00f6rpackningen eller etiketten till hands om du m\u00e5ste s\u00f6ka l\u00e4karv\u00e5rd.<\/p>\n<p>P102 F\u00f6rvaras o\u00e5tkomligt f\u00f6r barn.<\/p>\n<p>P210 F\u00e5r inte uts\u00e4ttas f\u00f6r v\u00e4rme, heta ytor, gnistor, \u00f6ppen l\u00e5ga eller andra ant\u00e4ndningsk\u00e4llor. R\u00f6kning f\u00f6rbjuden.<\/p>\n<p>P280 Anv\u00e4nd skyddshandskar\/skyddskl\u00e4der\/\u00f6gonskydd\/ansiktsskydd.<\/p>\n<p>P305+P351+P338 VID KONTAKT MED \u00d6GONEN: Sk\u00f6lj f\u00f6rsiktigt med vatten i flera minuter. Ta ur eventuella kontaktlinser om det g\u00e5r l\u00e4tt. Forts\u00e4tt att sk\u00f6lja.<\/p>\n<p>P501Inneh\u00e5llet\/beh\u00e5llaren l\u00e4mnas till i enlighet med lokala\/regionala\/nationella\/internationella f\u00f6rordningar.<\/p>\n","protected":false},"excerpt":{"rendered":"<p>Finest Wipe \u00e4r en inspektionsv\u00e4tska. Avfettar ytan ordentligt och tar bort rester av polermedel, silikon och andra fyllnadsmedel. Det ger en perfekt f\u00f6rberedd yta f\u00f6re applicering av skyddande bel\u00e4ggningar, lackskydd och vaxer.<\/p>\n","protected":false},"featured_media":19750,"comment_status":"open","ping_status":"closed","template":"","meta":[],"etheme_brands":[{"term_id":410,"name":"Ultracoat","slug":"ultracoat","term_group":0,"term_taxonomy_id":410,"taxonomy":"brand","description":"","parent":0,"count":79,"filter":"raw"}],"product_brand":[384],"product_cat":[249],"product_tag":[],"class_list":{"0":"post-19749","1":"product","2":"type-product","3":"status-publish","4":"has-post-thumbnail","6":"brand-ultracoat","7":"product_brand-ultracoat","8":"product_cat-kontrollspray-ipa","10":"first","11":"instock","12":"sale","13":"taxable","14":"shipping-taxable","15":"purchasable","16":"product-type-simple"},"_links":{"self":[{"href":"https:\/\/streetpower-rekond.se\/newsite\/sv\/wp-json\/wp\/v2\/product\/19749","targetHints":{"allow":["GET"]}}],"collection":[{"href":"https:\/\/streetpower-rekond.se\/newsite\/sv\/wp-json\/wp\/v2\/product"}],"about":[{"href":"https:\/\/streetpower-rekond.se\/newsite\/sv\/wp-json\/wp\/v2\/types\/product"}],"replies":[{"embeddable":true,"href":"https:\/\/streetpower-rekond.se\/newsite\/sv\/wp-json\/wp\/v2\/comments?post=19749"}],"version-history":[{"count":1,"href":"https:\/\/streetpower-rekond.se\/newsite\/sv\/wp-json\/wp\/v2\/product\/19749\/revisions"}],"predecessor-version":[{"id":23102,"href":"https:\/\/streetpower-rekond.se\/newsite\/sv\/wp-json\/wp\/v2\/product\/19749\/revisions\/23102"}],"wp:featuredmedia":[{"embeddable":true,"href":"https:\/\/streetpower-rekond.se\/newsite\/sv\/wp-json\/wp\/v2\/media\/19750"}],"wp:attachment":[{"href":"https:\/\/streetpower-rekond.se\/newsite\/sv\/wp-json\/wp\/v2\/media?parent=19749"}],"wp:term":[{"taxonomy":"brand","embeddable":true,"href":"https:\/\/streetpower-rekond.se\/newsite\/sv\/wp-json\/wp\/v2\/etheme_brands?post=19749"},{"taxonomy":"product_brand","embeddable":true,"href":"https:\/\/streetpower-rekond.se\/newsite\/sv\/wp-json\/wp\/v2\/product_brand?post=19749"},{"taxonomy":"product_cat","embeddable":true,"href":"https:\/\/streetpower-rekond.se\/newsite\/sv\/wp-json\/wp\/v2\/product_cat?post=19749"},{"taxonomy":"product_tag","embeddable":true,"href":"https:\/\/streetpower-rekond.se\/newsite\/sv\/wp-json\/wp\/v2\/product_tag?post=19749"}],"curies":[{"name":"wp","href":"https:\/\/api.w.org\/{rel}","templated":true}]}}