{"id":19723,"date":"2025-04-23T10:13:45","date_gmt":"2025-04-23T10:13:45","guid":{"rendered":"https:\/\/streetpower-rekond.se\/newsite\/?post_type=product&#038;p=19723"},"modified":"2025-04-24T12:28:53","modified_gmt":"2025-04-24T12:28:53","slug":"viking-blue-medium-polishing-160-x-18mm","status":"publish","type":"product","link":"https:\/\/streetpower-rekond.se\/newsite\/sv\/product\/viking-blue-medium-polishing-160-x-18mm\/","title":{"rendered":"VIKING Blue Medium Polishing 160 x 18mm"},"content":{"rendered":"<p>Extern konisk form<\/p>\n<p>M\u00e5tt<\/p>\n<p>Ytterdiameter: 160 mm<\/p>\n<p>Innerdiameter : 150 mm<\/p>\n<p>H\u00f6jd: 18\u00a0mm<\/p>\n<p>Vikt: 15 gram<\/p>\n<p>Sk\u00f6tselr\u00e5d polerrondeller<\/p>\n<p>Reng\u00f6rs genom att bl\u00e5sa rent med tryckluft eller med en borste<\/p>\n<p>Tillverkade i EU<\/p>\n","protected":false},"excerpt":{"rendered":"<p><span style=\"font-family: Helvetica; font-size: 12px;\">Medium Polishing trissa med t\u00e4t skumstruktur som \u00e4r perfekt f\u00f6r att ta bort virvlar, hologram och l\u00e4ttare ytfel.<\/span><\/p>\n","protected":false},"featured_media":19724,"comment_status":"open","ping_status":"closed","template":"","meta":[],"etheme_brands":[{"term_id":389,"name":"VIKING PADS","slug":"viking-pads","term_group":0,"term_taxonomy_id":389,"taxonomy":"brand","description":"","parent":0,"count":30,"filter":"raw"}],"product_brand":[386],"product_cat":[234],"product_tag":[],"class_list":{"0":"post-19723","1":"product","2":"type-product","3":"status-publish","4":"has-post-thumbnail","6":"brand-viking-pads","7":"product_brand-viking-pads","8":"product_cat-skumtrissor-150-170mm","10":"first","11":"instock","12":"taxable","13":"shipping-taxable","14":"purchasable","15":"product-type-simple"},"_links":{"self":[{"href":"https:\/\/streetpower-rekond.se\/newsite\/sv\/wp-json\/wp\/v2\/product\/19723","targetHints":{"allow":["GET"]}}],"collection":[{"href":"https:\/\/streetpower-rekond.se\/newsite\/sv\/wp-json\/wp\/v2\/product"}],"about":[{"href":"https:\/\/streetpower-rekond.se\/newsite\/sv\/wp-json\/wp\/v2\/types\/product"}],"replies":[{"embeddable":true,"href":"https:\/\/streetpower-rekond.se\/newsite\/sv\/wp-json\/wp\/v2\/comments?post=19723"}],"version-history":[{"count":2,"href":"https:\/\/streetpower-rekond.se\/newsite\/sv\/wp-json\/wp\/v2\/product\/19723\/revisions"}],"predecessor-version":[{"id":23297,"href":"https:\/\/streetpower-rekond.se\/newsite\/sv\/wp-json\/wp\/v2\/product\/19723\/revisions\/23297"}],"wp:featuredmedia":[{"embeddable":true,"href":"https:\/\/streetpower-rekond.se\/newsite\/sv\/wp-json\/wp\/v2\/media\/19724"}],"wp:attachment":[{"href":"https:\/\/streetpower-rekond.se\/newsite\/sv\/wp-json\/wp\/v2\/media?parent=19723"}],"wp:term":[{"taxonomy":"brand","embeddable":true,"href":"https:\/\/streetpower-rekond.se\/newsite\/sv\/wp-json\/wp\/v2\/etheme_brands?post=19723"},{"taxonomy":"product_brand","embeddable":true,"href":"https:\/\/streetpower-rekond.se\/newsite\/sv\/wp-json\/wp\/v2\/product_brand?post=19723"},{"taxonomy":"product_cat","embeddable":true,"href":"https:\/\/streetpower-rekond.se\/newsite\/sv\/wp-json\/wp\/v2\/product_cat?post=19723"},{"taxonomy":"product_tag","embeddable":true,"href":"https:\/\/streetpower-rekond.se\/newsite\/sv\/wp-json\/wp\/v2\/product_tag?post=19723"}],"curies":[{"name":"wp","href":"https:\/\/api.w.org\/{rel}","templated":true}]}}