{"id":19716,"date":"2024-12-31T12:43:14","date_gmt":"2024-12-31T12:43:14","guid":{"rendered":"https:\/\/streetpower-rekond.se\/newsite\/product\/viking-clay-bar-fin-100g\/"},"modified":"2025-05-06T13:00:05","modified_gmt":"2025-05-06T13:00:05","slug":"viking-clay-bar-fin-100g","status":"publish","type":"product","link":"https:\/\/streetpower-rekond.se\/newsite\/sv\/product\/viking-clay-bar-fin-100g\/","title":{"rendered":"Viking Clay Bar Fin 100g"},"content":{"rendered":"<p><img decoding=\"async\" src=\"https:\/\/streetpower-rekond.se\/newsite\/img\/cms\/VikingWTrans.png\" alt=\"\" width=\"200\" height=\"93\" title=\"\"><\/p>\n","protected":false},"excerpt":{"rendered":"<p>Viking\u00a0Clay Bar \u00e4r en \u00a0mycket effektiv lera som \u00e4r utformad f\u00f6r att ta bort f\u00f6roreningar som tj\u00e4ra, asfalt, tr\u00e4dssap fr\u00e5n m\u00e5lade och andra fasta ytor.<\/p>\n","protected":false},"featured_media":19717,"comment_status":"open","ping_status":"closed","template":"","meta":[],"etheme_brands":[],"product_brand":[],"product_cat":[242],"product_tag":[],"class_list":{"0":"post-19716","1":"product","2":"type-product","3":"status-publish","4":"has-post-thumbnail","6":"product_cat-lack-lera","8":"first","9":"instock","10":"taxable","11":"shipping-taxable","12":"purchasable","13":"product-type-simple"},"_links":{"self":[{"href":"https:\/\/streetpower-rekond.se\/newsite\/sv\/wp-json\/wp\/v2\/product\/19716","targetHints":{"allow":["GET"]}}],"collection":[{"href":"https:\/\/streetpower-rekond.se\/newsite\/sv\/wp-json\/wp\/v2\/product"}],"about":[{"href":"https:\/\/streetpower-rekond.se\/newsite\/sv\/wp-json\/wp\/v2\/types\/product"}],"replies":[{"embeddable":true,"href":"https:\/\/streetpower-rekond.se\/newsite\/sv\/wp-json\/wp\/v2\/comments?post=19716"}],"version-history":[{"count":0,"href":"https:\/\/streetpower-rekond.se\/newsite\/sv\/wp-json\/wp\/v2\/product\/19716\/revisions"}],"wp:featuredmedia":[{"embeddable":true,"href":"https:\/\/streetpower-rekond.se\/newsite\/sv\/wp-json\/wp\/v2\/media\/19717"}],"wp:attachment":[{"href":"https:\/\/streetpower-rekond.se\/newsite\/sv\/wp-json\/wp\/v2\/media?parent=19716"}],"wp:term":[{"taxonomy":"brand","embeddable":true,"href":"https:\/\/streetpower-rekond.se\/newsite\/sv\/wp-json\/wp\/v2\/etheme_brands?post=19716"},{"taxonomy":"product_brand","embeddable":true,"href":"https:\/\/streetpower-rekond.se\/newsite\/sv\/wp-json\/wp\/v2\/product_brand?post=19716"},{"taxonomy":"product_cat","embeddable":true,"href":"https:\/\/streetpower-rekond.se\/newsite\/sv\/wp-json\/wp\/v2\/product_cat?post=19716"},{"taxonomy":"product_tag","embeddable":true,"href":"https:\/\/streetpower-rekond.se\/newsite\/sv\/wp-json\/wp\/v2\/product_tag?post=19716"}],"curies":[{"name":"wp","href":"https:\/\/api.w.org\/{rel}","templated":true}]}}