{"id":19695,"date":"2024-12-31T12:36:14","date_gmt":"2024-12-31T12:36:14","guid":{"rendered":"https:\/\/streetpower-rekond.se\/newsite\/product\/monkey-heavy-cut-compound-250ml\/"},"modified":"2025-01-11T19:39:53","modified_gmt":"2025-01-11T19:39:53","slug":"monkey-heavy-cut-compound-250ml","status":"publish","type":"product","link":"https:\/\/streetpower-rekond.se\/newsite\/sv\/product\/monkey-heavy-cut-compound-250ml\/","title":{"rendered":"Monkey Heavy Cut Compound 250ml"},"content":{"rendered":"<p>Denna blandning inneh\u00e5ller supermikro-slipande teknik och kommer att ta bort djupa repor, f\u00e4rgfel och slipm\u00e4rken.<\/p>\n<p>Heavy Cut Compound har l\u00e5ng arbetstid och \u00e4r l\u00e4tt att anv\u00e4nda och kan enkelt torkas av!<\/p>\n<p>Egenskaper:<\/p>\n<p>\u2022 Mycket effektiv<\/p>\n<p>\u2022 Fri fr\u00e5n damm, silikoner och fyllmedel<\/p>\n<p>\u2022Vattenbaserad<\/p>\n<p>\u2022 Formulerad f\u00f6r att ta bort djupa repor, f\u00e4rgfel och slipm\u00e4rken<\/p>\n<p>\u2022 S\u00e4ker anv\u00e4ndning p\u00e5 alla lackytor<\/p>\n<p>\u2022 F\u00f6r anv\u00e4ndning med polermaskiner och f\u00f6r hand<\/p>\n<p>M\u00e4rkningsfri<\/p>\n","protected":false},"excerpt":{"rendered":"<p>Monkey Heavy Cut Compound \u00e4r ett tidsbesparande polermedel som ger en bra sk\u00e4rprestanda och h\u00f6gglansfinish.<\/p>\n","protected":false},"featured_media":19696,"comment_status":"open","ping_status":"closed","template":"","meta":[],"etheme_brands":[],"product_brand":[],"product_cat":[214],"product_tag":[],"class_list":{"0":"post-19695","1":"product","2":"type-product","3":"status-publish","4":"has-post-thumbnail","6":"product_cat-polermedel","8":"first","9":"outofstock","10":"taxable","11":"shipping-taxable","12":"purchasable","13":"product-type-simple"},"_links":{"self":[{"href":"https:\/\/streetpower-rekond.se\/newsite\/sv\/wp-json\/wp\/v2\/product\/19695","targetHints":{"allow":["GET"]}}],"collection":[{"href":"https:\/\/streetpower-rekond.se\/newsite\/sv\/wp-json\/wp\/v2\/product"}],"about":[{"href":"https:\/\/streetpower-rekond.se\/newsite\/sv\/wp-json\/wp\/v2\/types\/product"}],"replies":[{"embeddable":true,"href":"https:\/\/streetpower-rekond.se\/newsite\/sv\/wp-json\/wp\/v2\/comments?post=19695"}],"version-history":[{"count":0,"href":"https:\/\/streetpower-rekond.se\/newsite\/sv\/wp-json\/wp\/v2\/product\/19695\/revisions"}],"wp:featuredmedia":[{"embeddable":true,"href":"https:\/\/streetpower-rekond.se\/newsite\/sv\/wp-json\/wp\/v2\/media\/19696"}],"wp:attachment":[{"href":"https:\/\/streetpower-rekond.se\/newsite\/sv\/wp-json\/wp\/v2\/media?parent=19695"}],"wp:term":[{"taxonomy":"brand","embeddable":true,"href":"https:\/\/streetpower-rekond.se\/newsite\/sv\/wp-json\/wp\/v2\/etheme_brands?post=19695"},{"taxonomy":"product_brand","embeddable":true,"href":"https:\/\/streetpower-rekond.se\/newsite\/sv\/wp-json\/wp\/v2\/product_brand?post=19695"},{"taxonomy":"product_cat","embeddable":true,"href":"https:\/\/streetpower-rekond.se\/newsite\/sv\/wp-json\/wp\/v2\/product_cat?post=19695"},{"taxonomy":"product_tag","embeddable":true,"href":"https:\/\/streetpower-rekond.se\/newsite\/sv\/wp-json\/wp\/v2\/product_tag?post=19695"}],"curies":[{"name":"wp","href":"https:\/\/api.w.org\/{rel}","templated":true}]}}