{"id":19615,"date":"2024-12-31T11:44:10","date_gmt":"2024-12-31T11:44:10","guid":{"rendered":"https:\/\/streetpower-rekond.se\/newsite\/product\/yellow-polishing-cut-140-x25-mm\/"},"modified":"2025-05-06T08:10:57","modified_gmt":"2025-05-06T08:10:57","slug":"yellow-polishing-cut-140-x25-mm","status":"publish","type":"product","link":"https:\/\/streetpower-rekond.se\/newsite\/sv\/product\/yellow-polishing-cut-140-x25-mm\/","title":{"rendered":"YELLOW POLISHING CUT 140 X25 MM"},"content":{"rendered":"<p>Extern konisk form med centrum h\u00e5l<\/p>\n<p>M\u00e5tt<\/p>\n<p>Ytterdiameter: 140 mm<\/p>\n<p>H\u00f6jd: 25 mm<\/p>\n<p>Sk\u00f6tselr\u00e5d polerrondeller<\/p>\n<p>Reng\u00f6rs genom att bl\u00e5sa rent med tryckluft eller med en borste<\/p>\n<p>Tillverkade i EU<\/p>\n","protected":false},"excerpt":{"rendered":"<p>Den gula poleringstrissa har en t\u00e4t och fin cellstruktur och \u00e4r idealisk f\u00f6r att ta bort virvlar, hologram och l\u00e4ttare ytfel i kombination med Monkey Medium Cut Compound eller med Monkey Finishing Compound f\u00f6r l\u00e4tta virvelm\u00e4rken, hologram samt m\u00e4rken orsakat av lera vid lackreng\u00f6ring, trissan l\u00e4mnar en h\u00f6g glansfinish<\/p>\n","protected":false},"featured_media":19616,"comment_status":"open","ping_status":"closed","template":"","meta":[],"etheme_brands":[{"term_id":399,"name":"Monkey Line","slug":"monkey-line","term_group":0,"term_taxonomy_id":399,"taxonomy":"brand","description":"","parent":0,"count":16,"filter":"raw"}],"product_brand":[374],"product_cat":[207],"product_tag":[],"class_list":{"0":"post-19615","1":"product","2":"type-product","3":"status-publish","4":"has-post-thumbnail","6":"brand-monkey-line","7":"product_brand-monkey-line","8":"product_cat-skumtrissor-135-145-mm","10":"first","11":"instock","12":"taxable","13":"shipping-taxable","14":"purchasable","15":"product-type-simple"},"_links":{"self":[{"href":"https:\/\/streetpower-rekond.se\/newsite\/sv\/wp-json\/wp\/v2\/product\/19615","targetHints":{"allow":["GET"]}}],"collection":[{"href":"https:\/\/streetpower-rekond.se\/newsite\/sv\/wp-json\/wp\/v2\/product"}],"about":[{"href":"https:\/\/streetpower-rekond.se\/newsite\/sv\/wp-json\/wp\/v2\/types\/product"}],"replies":[{"embeddable":true,"href":"https:\/\/streetpower-rekond.se\/newsite\/sv\/wp-json\/wp\/v2\/comments?post=19615"}],"version-history":[{"count":1,"href":"https:\/\/streetpower-rekond.se\/newsite\/sv\/wp-json\/wp\/v2\/product\/19615\/revisions"}],"predecessor-version":[{"id":23385,"href":"https:\/\/streetpower-rekond.se\/newsite\/sv\/wp-json\/wp\/v2\/product\/19615\/revisions\/23385"}],"wp:featuredmedia":[{"embeddable":true,"href":"https:\/\/streetpower-rekond.se\/newsite\/sv\/wp-json\/wp\/v2\/media\/19616"}],"wp:attachment":[{"href":"https:\/\/streetpower-rekond.se\/newsite\/sv\/wp-json\/wp\/v2\/media?parent=19615"}],"wp:term":[{"taxonomy":"brand","embeddable":true,"href":"https:\/\/streetpower-rekond.se\/newsite\/sv\/wp-json\/wp\/v2\/etheme_brands?post=19615"},{"taxonomy":"product_brand","embeddable":true,"href":"https:\/\/streetpower-rekond.se\/newsite\/sv\/wp-json\/wp\/v2\/product_brand?post=19615"},{"taxonomy":"product_cat","embeddable":true,"href":"https:\/\/streetpower-rekond.se\/newsite\/sv\/wp-json\/wp\/v2\/product_cat?post=19615"},{"taxonomy":"product_tag","embeddable":true,"href":"https:\/\/streetpower-rekond.se\/newsite\/sv\/wp-json\/wp\/v2\/product_tag?post=19615"}],"curies":[{"name":"wp","href":"https:\/\/api.w.org\/{rel}","templated":true}]}}