{"id":19609,"date":"2024-12-31T11:43:47","date_gmt":"2024-12-31T11:43:47","guid":{"rendered":"https:\/\/streetpower-rekond.se\/newsite\/product\/orange-medium-cut-140-x-25mm\/"},"modified":"2025-05-07T10:00:58","modified_gmt":"2025-05-07T10:00:58","slug":"orange-medium-cut-140-x-25mm","status":"publish","type":"product","link":"https:\/\/streetpower-rekond.se\/newsite\/sv\/product\/orange-medium-cut-140-x-25mm\/","title":{"rendered":"ORANGE MEDIUM CUT 140 x 25MM"},"content":{"rendered":"<p>Extern konisk form med centrum h\u00e5l<\/p>\n<p>M\u00e5tt<\/p>\n<p>Ytterdiameter: 140 mm<\/p>\n<p>H\u00f6jd: 25 mm<\/p>\n<p>Sk\u00f6tselr\u00e5d polerrondeller<\/p>\n<p>Reng\u00f6rs genom att bl\u00e5sa rent med tryckluft eller med en borste<\/p>\n<p>Tillverkade i EU<\/p>\n","protected":false},"excerpt":{"rendered":"<p>Orange Medium Cut Pad \u00e4r en medium aggressiv trissa i denna serie och passar perfekt som enstegs trissa f\u00f6r att ta bort repor, hologram och andra ytfel.<\/p>\n<p>Optimerad anv\u00e4ndning med Monkey Heavy Cut Compound f\u00f6r djupare f\u00e4rgdefekter eller Monkey Medium Cut Compound f\u00f6r l\u00e4ttare lackfel.<\/p>\n","protected":false},"featured_media":19610,"comment_status":"open","ping_status":"closed","template":"","meta":[],"etheme_brands":[{"term_id":399,"name":"Monkey Line","slug":"monkey-line","term_group":0,"term_taxonomy_id":399,"taxonomy":"brand","description":"","parent":0,"count":16,"filter":"raw"}],"product_brand":[374],"product_cat":[207],"product_tag":[],"class_list":{"0":"post-19609","1":"product","2":"type-product","3":"status-publish","4":"has-post-thumbnail","6":"brand-monkey-line","7":"product_brand-monkey-line","8":"product_cat-skumtrissor-135-145-mm","10":"first","11":"instock","12":"sale","13":"taxable","14":"shipping-taxable","15":"purchasable","16":"product-type-simple"},"_links":{"self":[{"href":"https:\/\/streetpower-rekond.se\/newsite\/sv\/wp-json\/wp\/v2\/product\/19609","targetHints":{"allow":["GET"]}}],"collection":[{"href":"https:\/\/streetpower-rekond.se\/newsite\/sv\/wp-json\/wp\/v2\/product"}],"about":[{"href":"https:\/\/streetpower-rekond.se\/newsite\/sv\/wp-json\/wp\/v2\/types\/product"}],"replies":[{"embeddable":true,"href":"https:\/\/streetpower-rekond.se\/newsite\/sv\/wp-json\/wp\/v2\/comments?post=19609"}],"version-history":[{"count":1,"href":"https:\/\/streetpower-rekond.se\/newsite\/sv\/wp-json\/wp\/v2\/product\/19609\/revisions"}],"predecessor-version":[{"id":22895,"href":"https:\/\/streetpower-rekond.se\/newsite\/sv\/wp-json\/wp\/v2\/product\/19609\/revisions\/22895"}],"wp:featuredmedia":[{"embeddable":true,"href":"https:\/\/streetpower-rekond.se\/newsite\/sv\/wp-json\/wp\/v2\/media\/19610"}],"wp:attachment":[{"href":"https:\/\/streetpower-rekond.se\/newsite\/sv\/wp-json\/wp\/v2\/media?parent=19609"}],"wp:term":[{"taxonomy":"brand","embeddable":true,"href":"https:\/\/streetpower-rekond.se\/newsite\/sv\/wp-json\/wp\/v2\/etheme_brands?post=19609"},{"taxonomy":"product_brand","embeddable":true,"href":"https:\/\/streetpower-rekond.se\/newsite\/sv\/wp-json\/wp\/v2\/product_brand?post=19609"},{"taxonomy":"product_cat","embeddable":true,"href":"https:\/\/streetpower-rekond.se\/newsite\/sv\/wp-json\/wp\/v2\/product_cat?post=19609"},{"taxonomy":"product_tag","embeddable":true,"href":"https:\/\/streetpower-rekond.se\/newsite\/sv\/wp-json\/wp\/v2\/product_tag?post=19609"}],"curies":[{"name":"wp","href":"https:\/\/api.w.org\/{rel}","templated":true}]}}