{"id":19590,"date":"2024-12-31T11:42:45","date_gmt":"2024-12-31T11:42:45","guid":{"rendered":"https:\/\/streetpower-rekond.se\/newsite\/product\/red-ninja-cutting-pad-140-25-mm\/"},"modified":"2025-05-06T08:19:38","modified_gmt":"2025-05-06T08:19:38","slug":"red-ninja-cutting-pad-140-25-mm","status":"publish","type":"product","link":"https:\/\/streetpower-rekond.se\/newsite\/sv\/product\/red-ninja-cutting-pad-140-25-mm\/","title":{"rendered":"Red Ninja Cutting Pad 140 x 25 mm"},"content":{"rendered":"<p dir=\"auto\" data-pm-slice=\"1 1 []\">Upplev skillnaden med Red Ninja Cutting Pad 140 x 25 mm\u2013 en revolution inom bilv\u00e5rd som tar din polering till n\u00e4sta niv\u00e5! Speciellt designad f\u00f6r att anv\u00e4ndas med Scholl Concepts nya S2 Black Heavy Cutting High Performance Compound, erbjuder denna cutting pad en o\u00f6vertr\u00e4ffad sk\u00e4rprestanda som enkelt hanterar djupa repor p\u00e5 lacker.<\/p>\n<p dir=\"auto\">Med v\u00e5r patenterade Spider Technology och ett v\u00e4rmebest\u00e4ndigt, retikulerat skum f\u00e5r du inte bara en effektiv l\u00f6sning f\u00f6r att \u00e5terst\u00e4lla bilens glans, utan ocks\u00e5 en dyna som \u00e4r byggd f\u00f6r l\u00e5ngvarig anv\u00e4ndning. De Flex-Cut kanter ger b\u00e4ttre kyleffekt och minskar sp\u00e4nningar, vilket \u00f6kar livsl\u00e4ngden p\u00e5 produkten \u2013 perfekt f\u00f6r b\u00e5de professionella och hobbypolering.<\/p>\n<p dir=\"auto\">F\u00f6rdelar med Red Ninja Cutting Pad inkluderar:<\/p>\n<p dir=\"auto\">&#8211; F\u00f6rb\u00e4ttrad sk\u00e4rprestanda f\u00f6r snabba resultat<\/p>\n<p dir=\"auto\">&#8211; V\u00e4rmebest\u00e4ndigt skum som motverkar \u00f6verhettning<\/p>\n<p dir=\"auto\">&#8211; Optimalt luftfl\u00f6de tack vare det retikulerade skummet, vilket minskar yttemperaturen under arbete<\/p>\n<p dir=\"auto\">&#8211; F\u00f6rs\u00e4nkt velourunderlag f\u00f6r \u00f6kad s\u00e4kerhet under poleringen<\/p>\n<p dir=\"auto\">&#8211; Flex-Cut kanter som s\u00e4kerst\u00e4ller en j\u00e4mn och effektiv poleringsupplevelse<\/p>\n<p dir=\"auto\">Oavsett om du arbetar med dubbelverkande (DA) eller roterande polermaskiner \u00e4r Red Ninja Cutting Pad det sj\u00e4lvklara valet. Ge din bil den k\u00e4rlek den f\u00f6rtj\u00e4nar \u2013 best\u00e4ll din Red Ninja Cutting Pad idag och upplev professionella resultat i ditt eget garage!<\/p>\n","protected":false},"excerpt":{"rendered":"<p>Red Ninja Cutting Pad 140 x 25 mm \u00e4r designad f\u00f6r avverkning. Den har den klassiska, patenterade Scholl Spider-strukturen och kan anv\u00e4ndas f\u00f6r att ta bort de allvarligaste defekterna.<\/p>\n","protected":false},"featured_media":21897,"comment_status":"open","ping_status":"closed","template":"","meta":[],"etheme_brands":[{"term_id":403,"name":"Scholl Concept","slug":"scholl-concept","term_group":0,"term_taxonomy_id":403,"taxonomy":"brand","description":"","parent":0,"count":34,"filter":"raw"}],"product_brand":[423],"product_cat":[207],"product_tag":[],"class_list":{"0":"post-19590","1":"product","2":"type-product","3":"status-publish","4":"has-post-thumbnail","6":"brand-scholl-concept","7":"product_brand-scholl-concept","8":"product_cat-skumtrissor-135-145-mm","10":"first","11":"instock","12":"taxable","13":"shipping-taxable","14":"purchasable","15":"product-type-simple"},"_links":{"self":[{"href":"https:\/\/streetpower-rekond.se\/newsite\/sv\/wp-json\/wp\/v2\/product\/19590","targetHints":{"allow":["GET"]}}],"collection":[{"href":"https:\/\/streetpower-rekond.se\/newsite\/sv\/wp-json\/wp\/v2\/product"}],"about":[{"href":"https:\/\/streetpower-rekond.se\/newsite\/sv\/wp-json\/wp\/v2\/types\/product"}],"replies":[{"embeddable":true,"href":"https:\/\/streetpower-rekond.se\/newsite\/sv\/wp-json\/wp\/v2\/comments?post=19590"}],"version-history":[{"count":1,"href":"https:\/\/streetpower-rekond.se\/newsite\/sv\/wp-json\/wp\/v2\/product\/19590\/revisions"}],"predecessor-version":[{"id":23388,"href":"https:\/\/streetpower-rekond.se\/newsite\/sv\/wp-json\/wp\/v2\/product\/19590\/revisions\/23388"}],"wp:featuredmedia":[{"embeddable":true,"href":"https:\/\/streetpower-rekond.se\/newsite\/sv\/wp-json\/wp\/v2\/media\/21897"}],"wp:attachment":[{"href":"https:\/\/streetpower-rekond.se\/newsite\/sv\/wp-json\/wp\/v2\/media?parent=19590"}],"wp:term":[{"taxonomy":"brand","embeddable":true,"href":"https:\/\/streetpower-rekond.se\/newsite\/sv\/wp-json\/wp\/v2\/etheme_brands?post=19590"},{"taxonomy":"product_brand","embeddable":true,"href":"https:\/\/streetpower-rekond.se\/newsite\/sv\/wp-json\/wp\/v2\/product_brand?post=19590"},{"taxonomy":"product_cat","embeddable":true,"href":"https:\/\/streetpower-rekond.se\/newsite\/sv\/wp-json\/wp\/v2\/product_cat?post=19590"},{"taxonomy":"product_tag","embeddable":true,"href":"https:\/\/streetpower-rekond.se\/newsite\/sv\/wp-json\/wp\/v2\/product_tag?post=19590"}],"curies":[{"name":"wp","href":"https:\/\/api.w.org\/{rel}","templated":true}]}}