{"id":22563,"date":"2025-03-22T08:46:13","date_gmt":"2025-03-22T08:46:13","guid":{"rendered":"https:\/\/streetpower-rekond.se\/newsite\/?page_id=22563"},"modified":"2025-03-22T08:46:15","modified_gmt":"2025-03-22T08:46:15","slug":"hitta-aterforsaljare","status":"publish","type":"page","link":"https:\/\/streetpower-rekond.se\/newsite\/sv\/hitta-aterforsaljare\/","title":{"rendered":"Hitta \u00e5terf\u00f6rs\u00e4ljare"},"content":{"rendered":"","protected":false},"excerpt":{"rendered":"","protected":false},"author":4661,"featured_media":0,"parent":0,"menu_order":0,"comment_status":"closed","ping_status":"closed","template":"","meta":{"footnotes":""},"class_list":["post-22563","page","type-page","status-publish","hentry"],"_links":{"self":[{"href":"https:\/\/streetpower-rekond.se\/newsite\/sv\/wp-json\/wp\/v2\/pages\/22563","targetHints":{"allow":["GET"]}}],"collection":[{"href":"https:\/\/streetpower-rekond.se\/newsite\/sv\/wp-json\/wp\/v2\/pages"}],"about":[{"href":"https:\/\/streetpower-rekond.se\/newsite\/sv\/wp-json\/wp\/v2\/types\/page"}],"author":[{"embeddable":true,"href":"https:\/\/streetpower-rekond.se\/newsite\/sv\/wp-json\/wp\/v2\/users\/4661"}],"replies":[{"embeddable":true,"href":"https:\/\/streetpower-rekond.se\/newsite\/sv\/wp-json\/wp\/v2\/comments?post=22563"}],"version-history":[{"count":1,"href":"https:\/\/streetpower-rekond.se\/newsite\/sv\/wp-json\/wp\/v2\/pages\/22563\/revisions"}],"predecessor-version":[{"id":22564,"href":"https:\/\/streetpower-rekond.se\/newsite\/sv\/wp-json\/wp\/v2\/pages\/22563\/revisions\/22564"}],"wp:attachment":[{"href":"https:\/\/streetpower-rekond.se\/newsite\/sv\/wp-json\/wp\/v2\/media?parent=22563"}],"curies":[{"name":"wp","href":"https:\/\/api.w.org\/{rel}","templated":true}]}}