{"id":22399,"date":"2025-02-12T14:10:49","date_gmt":"2025-02-12T14:10:49","guid":{"rendered":"https:\/\/streetpower-rekond.se\/newsite\/?post_type=product&#038;p=22399"},"modified":"2025-04-09T15:08:48","modified_gmt":"2025-04-09T15:08:48","slug":"flygrostlosare-viking-iron-remover","status":"publish","type":"product","link":"https:\/\/streetpower-rekond.se\/newsite\/en\/product\/flygrostlosare-viking-iron-remover\/","title":{"rendered":"Viking Iron Remover 5L"},"content":{"rendered":"<p dir=\"auto\" data-pm-slice=\"1 1 []\">Uppt\u00e4ck Viking Iron Remover Flygrostl\u00f6sare \u2013 Din l\u00f6sning f\u00f6r effektiv reng\u00f6ring!<\/p>\n<p>&#8211; V\u00e5r kraftfulla formula, som inneh\u00e5ller hela 35-40% av det aktiva \u00e4mnet.<br \/>\n&#8211; Blir lila n\u00e4r det \u00e4r dags att spola av, vilket g\u00f6r appliceringen enkel och smidig.<br \/>\n&#8211; Anv\u00e4ndbar p\u00e5 de flesta material \u2013 perfekt f\u00f6r b\u00e5de b\u00e5tskrov.<br \/>\n&#8211; pH-neutral och syrafri, vilket minskar risken f\u00f6r skador p\u00e5 ytor.<br \/>\n&#8211; Utsp\u00e4dningsbar med vatten, vilket ger dig flexibilitet beroende p\u00e5 behov.<br \/>\n&#8211; Kan appliceras b\u00e5de p\u00e5 bl\u00f6ta och torra ytor<br \/>\n&#8211; L\u00e5g doftniv\u00e5<\/p>\n<p>F\u00f6r regelbundet underh\u00e5ll av din bil kan du sp\u00e4 den med 1:4 eller 1:5 kostnaden per liter blir den b\u00e4sta p\u00e5 marknaden.<\/p>\n<p><strong>S\u00e4kerhetsdatablad finns att rekvirera.<\/strong><\/p>\n<p><img decoding=\"async\" class=\"alignnone wp-image-22400 size-full\" src=\"https:\/\/streetpower-rekond.se\/newsite\/wp-content\/uploads\/2025\/02\/varning-e1739368883156.png\" alt=\"\" width=\"90\" height=\"90\" title=\"\" srcset=\"https:\/\/streetpower-rekond.se\/newsite\/wp-content\/uploads\/2025\/02\/varning-e1739368883156.png 90w, https:\/\/streetpower-rekond.se\/newsite\/wp-content\/uploads\/2025\/02\/varning-e1739368883156-54x54.png 54w\" sizes=\"(max-width: 90px) 100vw, 90px\" \/><\/p>\n<p>Faroangivelser<br \/>\nH302 Skadligt vid f\u00f6rt\u00e4ring.<br \/>\nH317 Kan orsaka allergisk hudreaktion.<br \/>\nH319 Orsakar allvarlig \u00f6gonirritation.<br \/>\nSkyddsangivelser<br \/>\nP101 Ha f\u00f6rpackningen eller etiketten till hands om du m\u00e5ste s\u00f6ka l\u00e4karv\u00e5rd.<br \/>\nP102 F\u00f6rvaras o\u00e5tkomligt f\u00f6r barn.<br \/>\nP261 Undvik att inandas damm\/r\u00f6k\/gaser\/dimma\/\u00e5ngor\/sprej.<br \/>\nP280 Anv\u00e4nd skyddshandskar\/skyddskl\u00e4der\/\u00f6gonskydd\/ansiktsskydd\/h\u00f6rselskydd.<br \/>\nP302+P352 VID HUDKONTAKT: Tv\u00e4tta med mycket Vatten och tv\u00e5l.<br \/>\nP321 S\u00e4rskild behandling (se Faroangivelser p\u00e5 etiketten).<br \/>\nP333+P313 Vid hudirritation eller utslag: S\u00f6k l\u00e4karhj\u00e4lp.<br \/>\nP501 Inneh\u00e5llet\/beh\u00e5llaren l\u00e4mnas till avfallshantering p\u00e5 beh\u00f6rig \u00e5tervinningscentral.<\/p>","protected":false},"excerpt":{"rendered":"<p dir=\"auto\" data-pm-slice=\"1 1 []\">Viking Iron Remover Flygrostl\u00f6sare \u2013 d\u00e4r kraft, kvalitet och effektivitet f\u00f6renas f\u00f6r att ge dig oslagbara resultat! Med ett superkoncentrat f\u00e5r du en supereffektiv och skonsam reng\u00f6ring som verkligen g\u00f6r skillnad.<\/p>","protected":false},"featured_media":22401,"comment_status":"open","ping_status":"closed","template":"","meta":[],"etheme_brands":[{"term_id":388,"name":"Viking Premium","slug":"viking-premium","term_group":0,"term_taxonomy_id":388,"taxonomy":"brand","description":"","parent":0,"count":2,"filter":"raw"}],"product_brand":[387],"product_cat":[239],"product_tag":[],"class_list":{"0":"post-22399","1":"product","2":"type-product","3":"status-publish","4":"has-post-thumbnail","6":"brand-viking-premium","7":"product_brand-viking-premium","8":"product_cat-flygrostloesare","10":"first","11":"instock","12":"sale","13":"taxable","14":"shipping-taxable","15":"purchasable","16":"product-type-simple"},"_links":{"self":[{"href":"https:\/\/streetpower-rekond.se\/newsite\/en\/wp-json\/wp\/v2\/product\/22399","targetHints":{"allow":["GET"]}}],"collection":[{"href":"https:\/\/streetpower-rekond.se\/newsite\/en\/wp-json\/wp\/v2\/product"}],"about":[{"href":"https:\/\/streetpower-rekond.se\/newsite\/en\/wp-json\/wp\/v2\/types\/product"}],"replies":[{"embeddable":true,"href":"https:\/\/streetpower-rekond.se\/newsite\/en\/wp-json\/wp\/v2\/comments?post=22399"}],"version-history":[{"count":3,"href":"https:\/\/streetpower-rekond.se\/newsite\/en\/wp-json\/wp\/v2\/product\/22399\/revisions"}],"predecessor-version":[{"id":22994,"href":"https:\/\/streetpower-rekond.se\/newsite\/en\/wp-json\/wp\/v2\/product\/22399\/revisions\/22994"}],"wp:featuredmedia":[{"embeddable":true,"href":"https:\/\/streetpower-rekond.se\/newsite\/en\/wp-json\/wp\/v2\/media\/22401"}],"wp:attachment":[{"href":"https:\/\/streetpower-rekond.se\/newsite\/en\/wp-json\/wp\/v2\/media?parent=22399"}],"wp:term":[{"taxonomy":"brand","embeddable":true,"href":"https:\/\/streetpower-rekond.se\/newsite\/en\/wp-json\/wp\/v2\/etheme_brands?post=22399"},{"taxonomy":"product_brand","embeddable":true,"href":"https:\/\/streetpower-rekond.se\/newsite\/en\/wp-json\/wp\/v2\/product_brand?post=22399"},{"taxonomy":"product_cat","embeddable":true,"href":"https:\/\/streetpower-rekond.se\/newsite\/en\/wp-json\/wp\/v2\/product_cat?post=22399"},{"taxonomy":"product_tag","embeddable":true,"href":"https:\/\/streetpower-rekond.se\/newsite\/en\/wp-json\/wp\/v2\/product_tag?post=22399"}],"curies":[{"name":"wp","href":"https:\/\/api.w.org\/{rel}","templated":true}]}}