{"id":22274,"date":"2025-01-30T12:33:55","date_gmt":"2025-01-30T12:33:55","guid":{"rendered":"https:\/\/streetpower-rekond.se\/newsite\/?post_type=product&#038;p=22274"},"modified":"2025-02-09T17:32:53","modified_gmt":"2025-02-09T17:32:53","slug":"liquid-elements-tvatthink-20l","status":"publish","type":"product","link":"https:\/\/streetpower-rekond.se\/newsite\/en\/product\/liquid-elements-tvatthink-20l\/","title":{"rendered":"Liquid Elements tv\u00e4tthink  20L"},"content":{"rendered":"<p>Liquid Elements tv\u00e4tthink 20L &#8221;Forged Carbon&#8221; kombinerar funktionalitet med en elegant och enkel design. Denna h\u00f6gkvalitativa tv\u00e4tthink \u00e4r ett oumb\u00e4rligt verktyg f\u00f6r bilv\u00e5rdsentusiaster som v\u00e4rdes\u00e4tter kvalitet och estetik.<\/p>\n<p>Tv\u00e4tthinken &#8221;Forged Carbon&#8221; har en imponerande kapacitet p\u00e5 20 liter, vilket kan ge tillr\u00e4ckligt med vatten \u00e4ven f\u00f6r stora fordon. Den medf\u00f6ljande smutssilen tar effektivt bort smutspartiklar och f\u00f6roreningar fr\u00e5n vattnet s\u00e5 att du kan njuta av en repfri biltv\u00e4tt. Det p\u00e5skruvade locket ger en vattent\u00e4t t\u00e4tning p\u00e5 hinken s\u00e5 att du kan transportera vatten s\u00e4kert utan att oroa dig f\u00f6r spill.<\/p>","protected":false},"excerpt":{"rendered":"<p>Liquid Elements tv\u00e4tthink 20L &#8221;Forged Carbon&#8221; kombinerar funktionalitet med en elegant och enkel design. Denna h\u00f6gkvalitativa tv\u00e4tthink \u00e4r ett oumb\u00e4rligt verktyg f\u00f6r bilv\u00e5rdsentusiaster som v\u00e4rdes\u00e4tter&#8230;<\/p>","protected":false},"featured_media":22275,"comment_status":"open","ping_status":"closed","template":"","meta":[],"etheme_brands":[],"product_brand":[],"product_cat":[225],"product_tag":[],"class_list":{"0":"post-22274","1":"product","2":"type-product","3":"status-publish","4":"has-post-thumbnail","6":"product_cat-schampo","8":"first","9":"instock","10":"virtual","11":"taxable","12":"purchasable","13":"product-type-simple"},"_links":{"self":[{"href":"https:\/\/streetpower-rekond.se\/newsite\/en\/wp-json\/wp\/v2\/product\/22274","targetHints":{"allow":["GET"]}}],"collection":[{"href":"https:\/\/streetpower-rekond.se\/newsite\/en\/wp-json\/wp\/v2\/product"}],"about":[{"href":"https:\/\/streetpower-rekond.se\/newsite\/en\/wp-json\/wp\/v2\/types\/product"}],"replies":[{"embeddable":true,"href":"https:\/\/streetpower-rekond.se\/newsite\/en\/wp-json\/wp\/v2\/comments?post=22274"}],"version-history":[{"count":0,"href":"https:\/\/streetpower-rekond.se\/newsite\/en\/wp-json\/wp\/v2\/product\/22274\/revisions"}],"wp:featuredmedia":[{"embeddable":true,"href":"https:\/\/streetpower-rekond.se\/newsite\/en\/wp-json\/wp\/v2\/media\/22275"}],"wp:attachment":[{"href":"https:\/\/streetpower-rekond.se\/newsite\/en\/wp-json\/wp\/v2\/media?parent=22274"}],"wp:term":[{"taxonomy":"brand","embeddable":true,"href":"https:\/\/streetpower-rekond.se\/newsite\/en\/wp-json\/wp\/v2\/etheme_brands?post=22274"},{"taxonomy":"product_brand","embeddable":true,"href":"https:\/\/streetpower-rekond.se\/newsite\/en\/wp-json\/wp\/v2\/product_brand?post=22274"},{"taxonomy":"product_cat","embeddable":true,"href":"https:\/\/streetpower-rekond.se\/newsite\/en\/wp-json\/wp\/v2\/product_cat?post=22274"},{"taxonomy":"product_tag","embeddable":true,"href":"https:\/\/streetpower-rekond.se\/newsite\/en\/wp-json\/wp\/v2\/product_tag?post=22274"}],"curies":[{"name":"wp","href":"https:\/\/api.w.org\/{rel}","templated":true}]}}