{"id":22212,"date":"2025-01-26T12:40:04","date_gmt":"2025-01-26T12:40:04","guid":{"rendered":"https:\/\/streetpower-rekond.se\/newsite\/?post_type=product&#038;p=22212"},"modified":"2025-03-28T09:03:59","modified_gmt":"2025-03-28T09:03:59","slug":"chemicalworkz-clay-pad-125mm","status":"publish","type":"product","link":"https:\/\/streetpower-rekond.se\/newsite\/en\/product\/chemicalworkz-clay-pad-125mm\/","title":{"rendered":"ChemicalWorkz Clay Pad 125mm"},"content":{"rendered":"<p>ChemicalWorkz Clay Pad \u00e4r idealisk f\u00f6r att enkelt ta bort envis smuts med DA-polermaskiner. ChemicalWorkz Clay Pad fungerar med alla ytbehandlingar.<br \/>\nB\u00e4sta prestanda uppn\u00e5s i kombination med en sm\u00f6rjspray eller reng\u00f6ringsskum. Denna pad tar enkelt bort tj\u00e4ra, harts, asfalt, insektsrester och andra envisa rester.<\/p>\n<p>F\u00f6rdelen med ChemicalWorkz Clay Pad j\u00e4mf\u00f6rt med konventionell reng\u00f6ringslera \u00e4r dess enkla och tidsbesparande applicering. Dynan \u00e4r designad f\u00f6r DA-polermaskiner med 125 mm f\u00e4stplatta.<\/p>\n<p>Produktegenskaper:<br \/>\n\u2022 M\u00e5tt polerplatta: 125 x 13mm<br \/>\n\u2022 f\u00e4stplatta: 125mm<br \/>\n\u2022 Tillverkad av h\u00f6gkvalitativt material.<br \/>\n\u2022 Avancerad polymerteknologi<br \/>\n\u2022 F\u00f6r enkel borttagning av ytf\u00f6roreningar.<br \/>\n\u2022 Milj\u00f6v\u00e4nligt, d\u00e5 klart vatten \u00e4r helt tillr\u00e4ckligt som sm\u00f6rjmedel.<br \/>\n\u2022 Tv\u00e4ttbar, formstabil och h\u00e5llbar (kan anv\u00e4ndas upp till 150 g\u00e5nger)<\/p>","protected":false},"excerpt":{"rendered":"<p>ChemicalWorkz Clay Pad \u00e4r idealisk f\u00f6r att enkelt ta bort envis smuts med DA-polermaskiner. ChemicalWorkz Clay Pad fungerar med alla ytbehandlingar. B\u00e4sta prestanda uppn\u00e5s i&#8230;<\/p>","protected":false},"featured_media":22214,"comment_status":"open","ping_status":"closed","template":"","meta":[],"etheme_brands":[{"term_id":392,"name":"chemicalworkz","slug":"chemicalworkz","term_group":0,"term_taxonomy_id":392,"taxonomy":"brand","description":"","parent":0,"count":53,"filter":"raw"}],"product_brand":[367],"product_cat":[242],"product_tag":[],"class_list":{"0":"post-22212","1":"product","2":"type-product","3":"status-publish","4":"has-post-thumbnail","6":"brand-chemicalworkz","7":"product_brand-chemicalworkz","8":"product_cat-lack-lera","10":"first","11":"instock","12":"taxable","13":"shipping-taxable","14":"purchasable","15":"product-type-simple"},"_links":{"self":[{"href":"https:\/\/streetpower-rekond.se\/newsite\/en\/wp-json\/wp\/v2\/product\/22212","targetHints":{"allow":["GET"]}}],"collection":[{"href":"https:\/\/streetpower-rekond.se\/newsite\/en\/wp-json\/wp\/v2\/product"}],"about":[{"href":"https:\/\/streetpower-rekond.se\/newsite\/en\/wp-json\/wp\/v2\/types\/product"}],"replies":[{"embeddable":true,"href":"https:\/\/streetpower-rekond.se\/newsite\/en\/wp-json\/wp\/v2\/comments?post=22212"}],"version-history":[{"count":1,"href":"https:\/\/streetpower-rekond.se\/newsite\/en\/wp-json\/wp\/v2\/product\/22212\/revisions"}],"predecessor-version":[{"id":23030,"href":"https:\/\/streetpower-rekond.se\/newsite\/en\/wp-json\/wp\/v2\/product\/22212\/revisions\/23030"}],"wp:featuredmedia":[{"embeddable":true,"href":"https:\/\/streetpower-rekond.se\/newsite\/en\/wp-json\/wp\/v2\/media\/22214"}],"wp:attachment":[{"href":"https:\/\/streetpower-rekond.se\/newsite\/en\/wp-json\/wp\/v2\/media?parent=22212"}],"wp:term":[{"taxonomy":"brand","embeddable":true,"href":"https:\/\/streetpower-rekond.se\/newsite\/en\/wp-json\/wp\/v2\/etheme_brands?post=22212"},{"taxonomy":"product_brand","embeddable":true,"href":"https:\/\/streetpower-rekond.se\/newsite\/en\/wp-json\/wp\/v2\/product_brand?post=22212"},{"taxonomy":"product_cat","embeddable":true,"href":"https:\/\/streetpower-rekond.se\/newsite\/en\/wp-json\/wp\/v2\/product_cat?post=22212"},{"taxonomy":"product_tag","embeddable":true,"href":"https:\/\/streetpower-rekond.se\/newsite\/en\/wp-json\/wp\/v2\/product_tag?post=22212"}],"curies":[{"name":"wp","href":"https:\/\/api.w.org\/{rel}","templated":true}]}}