{"id":22194,"date":"2025-01-26T09:26:16","date_gmt":"2025-01-26T09:26:16","guid":{"rendered":"https:\/\/streetpower-rekond.se\/newsite\/?post_type=product&#038;p=22194"},"modified":"2025-03-28T09:05:34","modified_gmt":"2025-03-28T09:05:34","slug":"chemicalworkz-hjulmutterhylsor-3-delad","status":"publish","type":"product","link":"https:\/\/streetpower-rekond.se\/newsite\/en\/product\/chemicalworkz-hjulmutterhylsor-3-delad\/","title":{"rendered":"chemicalworkz hjulmutterhylsor 3-delad"},"content":{"rendered":"<p>chemicalworkz hjulmutterhylsor 3-delad \u2013 perfekt skydd f\u00f6r dina aluminiumf\u00e4lgar! Detta h\u00f6gkvalitativa f\u00e4lgmutterset har designats speciellt f\u00f6r att montera och demontera dina f\u00e4lgar s\u00e4kert och effektivt utan att skada dem.<\/p>\n<p>Skydd och precision:<br \/>\nHylsnycklarna \u00e4r f\u00f6rsedda med ett plastskydd som skyddar dina k\u00e4nsliga aluminiumf\u00e4lgar fr\u00e5n repor och skador. Tack vare kulsp\u00e5ret och h\u00e5let garanteras en s\u00e4ker och enkel anslutning till verktyget.<\/p>\n<p>F\u00e4rgkodning f\u00f6r snabb \u00e5tkomst:<br \/>\nVarje storlek p\u00e5 setet \u00e4r f\u00e4rgkodad s\u00e5 att du snabbt kan hitta r\u00e4tt hylsnyckel:<br \/>\n\u2022 17 mm: Bl\u00e5<br \/>\n\u2022 19 mm: Gul<br \/>\n\u2022 21 mm: R\u00f6d<\/p>\n<p>Produktegenskaper:<\/p>\n<p>\u2022 Plastskydd f\u00f6r att skydda aluminiumf\u00e4lgar<br \/>\n\u2022 Kull\u00e5ssp\u00e5r och h\u00e5l f\u00f6r s\u00e4kert f\u00e4ste<br \/>\n\u2022 F\u00e4rgkodad f\u00f6r snabb h\u00e4mtning<br \/>\n\u2022 Storlek: 17 mm, 19 mm, 21 mm<br \/>\n\u2022 Fyrkantig enhet: 1\/2 tum (12,5 mm)<br \/>\n\u2022 L\u00e4ngd: 78 mm<br \/>\n\u2022 F\u00f6rpackning: Praktisk plastl\u00e5da<\/p>\n<p>F\u00f6r den professionella och hobbyanv\u00e4ndaren:<br \/>\nChemicalworkz Protection Socket Kit \u00e4r idealiskt f\u00f6r verkst\u00e4der, bilv\u00e5rdare och alla som v\u00e4rdes\u00e4tter s\u00e4kert och effektivt arbete med sina f\u00e4lgar. Det h\u00f6gkvalitativa utf\u00f6rande garanterar h\u00e5llbarhet och tillf\u00f6rlitlighet. Den praktiska plastl\u00e5dan s\u00e4kerst\u00e4ller s\u00e4ker och snygg f\u00f6rvarin<\/p>","protected":false},"excerpt":{"rendered":"<p>chemicalworkz hjulmutterhylsor 3-delad \u2013 perfekt skydd f\u00f6r dina aluminiumf\u00e4lgar! Detta h\u00f6gkvalitativa f\u00e4lgmutterset har designats speciellt f\u00f6r att montera och demontera dina f\u00e4lgar s\u00e4kert och effektivt&#8230;<\/p>","protected":false},"featured_media":22195,"comment_status":"open","ping_status":"closed","template":"","meta":[],"etheme_brands":[{"term_id":392,"name":"chemicalworkz","slug":"chemicalworkz","term_group":0,"term_taxonomy_id":392,"taxonomy":"brand","description":"","parent":0,"count":53,"filter":"raw"}],"product_brand":[367],"product_cat":[264],"product_tag":[],"class_list":{"0":"post-22194","1":"product","2":"type-product","3":"status-publish","4":"has-post-thumbnail","6":"brand-chemicalworkz","7":"product_brand-chemicalworkz","8":"product_cat-faelgborstar","10":"first","11":"instock","12":"taxable","13":"shipping-taxable","14":"purchasable","15":"product-type-simple"},"_links":{"self":[{"href":"https:\/\/streetpower-rekond.se\/newsite\/en\/wp-json\/wp\/v2\/product\/22194","targetHints":{"allow":["GET"]}}],"collection":[{"href":"https:\/\/streetpower-rekond.se\/newsite\/en\/wp-json\/wp\/v2\/product"}],"about":[{"href":"https:\/\/streetpower-rekond.se\/newsite\/en\/wp-json\/wp\/v2\/types\/product"}],"replies":[{"embeddable":true,"href":"https:\/\/streetpower-rekond.se\/newsite\/en\/wp-json\/wp\/v2\/comments?post=22194"}],"version-history":[{"count":1,"href":"https:\/\/streetpower-rekond.se\/newsite\/en\/wp-json\/wp\/v2\/product\/22194\/revisions"}],"predecessor-version":[{"id":23064,"href":"https:\/\/streetpower-rekond.se\/newsite\/en\/wp-json\/wp\/v2\/product\/22194\/revisions\/23064"}],"wp:featuredmedia":[{"embeddable":true,"href":"https:\/\/streetpower-rekond.se\/newsite\/en\/wp-json\/wp\/v2\/media\/22195"}],"wp:attachment":[{"href":"https:\/\/streetpower-rekond.se\/newsite\/en\/wp-json\/wp\/v2\/media?parent=22194"}],"wp:term":[{"taxonomy":"brand","embeddable":true,"href":"https:\/\/streetpower-rekond.se\/newsite\/en\/wp-json\/wp\/v2\/etheme_brands?post=22194"},{"taxonomy":"product_brand","embeddable":true,"href":"https:\/\/streetpower-rekond.se\/newsite\/en\/wp-json\/wp\/v2\/product_brand?post=22194"},{"taxonomy":"product_cat","embeddable":true,"href":"https:\/\/streetpower-rekond.se\/newsite\/en\/wp-json\/wp\/v2\/product_cat?post=22194"},{"taxonomy":"product_tag","embeddable":true,"href":"https:\/\/streetpower-rekond.se\/newsite\/en\/wp-json\/wp\/v2\/product_tag?post=22194"}],"curies":[{"name":"wp","href":"https:\/\/api.w.org\/{rel}","templated":true}]}}