{"id":22184,"date":"2025-01-26T08:26:32","date_gmt":"2025-01-26T08:26:32","guid":{"rendered":"https:\/\/streetpower-rekond.se\/newsite\/?post_type=product&#038;p=22184"},"modified":"2025-04-22T10:29:16","modified_gmt":"2025-04-22T10:29:16","slug":"chemicalworkz-microfiber-applicator-grau-2-st","status":"publish","type":"product","link":"https:\/\/streetpower-rekond.se\/newsite\/en\/product\/chemicalworkz-microfiber-applicator-grau-2-st\/","title":{"rendered":"chemicalworkz Microfiber Applicator Grau 2 st"},"content":{"rendered":"<p>Dessa supermilda, mjuka vax\/lackskydds applikator har en absorberande svampk\u00e4rna. Denna innovativa kombination av material g\u00f6r att vaxer, lackskydd, och plastv\u00e5rdsprodukter f\u00f6r interi\u00f6r och exteri\u00f6r anv\u00e4ndning kan f\u00f6rdelas j\u00e4mnare, vilket resulterar i maximal t\u00e4ckning med mindre produktf\u00f6rbrukning.<\/p>\n<p>chemicalworkz Microfiber vax\/lackskydds applikator \u00e4r tv\u00e4ttbar och kan d\u00e4rf\u00f6r \u00e5teranv\u00e4ndas.<\/p>\n<p>Syfte:<br \/>\n\u2022 Skonsam applicering av vaxer<br \/>\n\u2022 Skonsam applicering av t\u00e4tningsmedel<br \/>\n\u2022 Skonsam applicering av keramiska t\u00e4tningsmedel<br \/>\n\u2022 Applicering av plastv\u00e5rdsprodukter (inv\u00e4ndigt och utv\u00e4ndigt)<br \/>\n\u2022 Applicering av l\u00e4derv\u00e5rdsprodukter<\/p>\n<p>Produktegenskaper:<br \/>\n\u2022 F\u00e4rg: Gr\u00e5<br \/>\n\u2022 Mycket skonsam och luddfri<br \/>\n\u2022 Praktisk form<br \/>\n\u2022 Tillverkad av h\u00f6gkvalitativa material<br \/>\n\u2022 Storlek: 13 x 10 x 4,5cm<\/p>","protected":false},"excerpt":{"rendered":"<p>Dessa supermilda, mjuka vax\/lackskydds applikator har en absorberande svampk\u00e4rna. Denna innovativa kombination av material g\u00f6r att vaxer, lackskydd, och plastv\u00e5rdsprodukter f\u00f6r interi\u00f6r och exteri\u00f6r anv\u00e4ndning&#8230;<\/p>","protected":false},"featured_media":22185,"comment_status":"open","ping_status":"closed","template":"","meta":[],"etheme_brands":[{"term_id":392,"name":"chemicalworkz","slug":"chemicalworkz","term_group":0,"term_taxonomy_id":392,"taxonomy":"brand","description":"","parent":0,"count":53,"filter":"raw"}],"product_brand":[367],"product_cat":[210],"product_tag":[],"class_list":{"0":"post-22184","1":"product","2":"type-product","3":"status-publish","4":"has-post-thumbnail","6":"brand-chemicalworkz","7":"product_brand-chemicalworkz","8":"product_cat-keramiska-lackskydd","10":"first","11":"instock","12":"taxable","13":"shipping-taxable","14":"purchasable","15":"product-type-simple"},"_links":{"self":[{"href":"https:\/\/streetpower-rekond.se\/newsite\/en\/wp-json\/wp\/v2\/product\/22184","targetHints":{"allow":["GET"]}}],"collection":[{"href":"https:\/\/streetpower-rekond.se\/newsite\/en\/wp-json\/wp\/v2\/product"}],"about":[{"href":"https:\/\/streetpower-rekond.se\/newsite\/en\/wp-json\/wp\/v2\/types\/product"}],"replies":[{"embeddable":true,"href":"https:\/\/streetpower-rekond.se\/newsite\/en\/wp-json\/wp\/v2\/comments?post=22184"}],"version-history":[{"count":1,"href":"https:\/\/streetpower-rekond.se\/newsite\/en\/wp-json\/wp\/v2\/product\/22184\/revisions"}],"predecessor-version":[{"id":22989,"href":"https:\/\/streetpower-rekond.se\/newsite\/en\/wp-json\/wp\/v2\/product\/22184\/revisions\/22989"}],"wp:featuredmedia":[{"embeddable":true,"href":"https:\/\/streetpower-rekond.se\/newsite\/en\/wp-json\/wp\/v2\/media\/22185"}],"wp:attachment":[{"href":"https:\/\/streetpower-rekond.se\/newsite\/en\/wp-json\/wp\/v2\/media?parent=22184"}],"wp:term":[{"taxonomy":"brand","embeddable":true,"href":"https:\/\/streetpower-rekond.se\/newsite\/en\/wp-json\/wp\/v2\/etheme_brands?post=22184"},{"taxonomy":"product_brand","embeddable":true,"href":"https:\/\/streetpower-rekond.se\/newsite\/en\/wp-json\/wp\/v2\/product_brand?post=22184"},{"taxonomy":"product_cat","embeddable":true,"href":"https:\/\/streetpower-rekond.se\/newsite\/en\/wp-json\/wp\/v2\/product_cat?post=22184"},{"taxonomy":"product_tag","embeddable":true,"href":"https:\/\/streetpower-rekond.se\/newsite\/en\/wp-json\/wp\/v2\/product_tag?post=22184"}],"curies":[{"name":"wp","href":"https:\/\/api.w.org\/{rel}","templated":true}]}}