{"id":21901,"date":"2025-01-15T08:35:48","date_gmt":"2025-01-15T08:35:48","guid":{"rendered":"https:\/\/streetpower-rekond.se\/newsite\/?post_type=product&#038;p=21901"},"modified":"2025-03-28T09:12:33","modified_gmt":"2025-03-28T09:12:33","slug":"pear-foam-wash-5l","status":"publish","type":"product","link":"https:\/\/streetpower-rekond.se\/newsite\/en\/product\/pear-foam-wash-5l\/","title":{"rendered":"Pear Foam Wash 5L"},"content":{"rendered":"<p>Anv\u00e4nds som vattensp\u00e4dbar alkalisk avfettning.<br \/>\nSpeciellt utformad f\u00f6r skumlans.<\/p>\n<p>Egenskaper<\/p>\n<p>\u2022 H\u00f6gskummande<br \/>\n\u2022 Avl\u00e4gsnar trafikfilm och v\u00e4gsmuts<br \/>\n\u2022 pH ca 11<\/p>\n<p>Bruksanvisning<\/p>\n<p>Kraftfullt alkaliskt h\u00f6gskummande avfettningsmedel som g\u00e5r att sp\u00e4da med vatten. G\u00e5r utm\u00e4rkt att anv\u00e4nda bland annat med s\u00e5 kallad foam-utrustning f\u00f6r att skummas p\u00e5.<br \/>\nApplicera p\u00e5 ytan och l\u00e5t verka. L\u00e5t ej torka in.<br \/>\nSpola av tills ytan \u00e4r fri fr\u00e5n smuts och kem.<\/p>\n<p>Dosering<\/p>\n<p>Sp\u00e4dning ca 5-10% koncentrat blandat med vatten.<\/p>","protected":false},"excerpt":{"rendered":"<p>Anv\u00e4nds som vattensp\u00e4dbar alkalisk avfettning. Speciellt utformad f\u00f6r skumlans. Egenskaper \u2022 H\u00f6gskummande \u2022 Avl\u00e4gsnar trafikfilm och v\u00e4gsmuts \u2022 pH ca 11 Bruksanvisning Kraftfullt alkaliskt h\u00f6gskummande&#8230;<\/p>","protected":false},"featured_media":21902,"comment_status":"open","ping_status":"closed","template":"","meta":[],"etheme_brands":[{"term_id":391,"name":"Bl\u00e5 &amp; Gr\u00f6n","slug":"bla-gron","term_group":0,"term_taxonomy_id":391,"taxonomy":"brand","description":"","parent":0,"count":1,"filter":"raw"}],"product_brand":[422],"product_cat":[266],"product_tag":[],"class_list":{"0":"post-21901","1":"product","2":"type-product","3":"status-publish","4":"has-post-thumbnail","6":"brand-bla-gron","7":"product_brand-bla-gron","8":"product_cat-snow-foam","10":"first","11":"instock","12":"taxable","13":"shipping-taxable","14":"purchasable","15":"product-type-simple"},"_links":{"self":[{"href":"https:\/\/streetpower-rekond.se\/newsite\/en\/wp-json\/wp\/v2\/product\/21901","targetHints":{"allow":["GET"]}}],"collection":[{"href":"https:\/\/streetpower-rekond.se\/newsite\/en\/wp-json\/wp\/v2\/product"}],"about":[{"href":"https:\/\/streetpower-rekond.se\/newsite\/en\/wp-json\/wp\/v2\/types\/product"}],"replies":[{"embeddable":true,"href":"https:\/\/streetpower-rekond.se\/newsite\/en\/wp-json\/wp\/v2\/comments?post=21901"}],"version-history":[{"count":1,"href":"https:\/\/streetpower-rekond.se\/newsite\/en\/wp-json\/wp\/v2\/product\/21901\/revisions"}],"predecessor-version":[{"id":23066,"href":"https:\/\/streetpower-rekond.se\/newsite\/en\/wp-json\/wp\/v2\/product\/21901\/revisions\/23066"}],"wp:featuredmedia":[{"embeddable":true,"href":"https:\/\/streetpower-rekond.se\/newsite\/en\/wp-json\/wp\/v2\/media\/21902"}],"wp:attachment":[{"href":"https:\/\/streetpower-rekond.se\/newsite\/en\/wp-json\/wp\/v2\/media?parent=21901"}],"wp:term":[{"taxonomy":"brand","embeddable":true,"href":"https:\/\/streetpower-rekond.se\/newsite\/en\/wp-json\/wp\/v2\/etheme_brands?post=21901"},{"taxonomy":"product_brand","embeddable":true,"href":"https:\/\/streetpower-rekond.se\/newsite\/en\/wp-json\/wp\/v2\/product_brand?post=21901"},{"taxonomy":"product_cat","embeddable":true,"href":"https:\/\/streetpower-rekond.se\/newsite\/en\/wp-json\/wp\/v2\/product_cat?post=21901"},{"taxonomy":"product_tag","embeddable":true,"href":"https:\/\/streetpower-rekond.se\/newsite\/en\/wp-json\/wp\/v2\/product_tag?post=21901"}],"curies":[{"name":"wp","href":"https:\/\/api.w.org\/{rel}","templated":true}]}}