{"id":21899,"date":"2025-01-15T08:28:56","date_gmt":"2025-01-15T08:28:56","guid":{"rendered":"https:\/\/streetpower-rekond.se\/newsite\/?post_type=product&#038;p=21899"},"modified":"2025-01-24T08:41:42","modified_gmt":"2025-01-24T08:41:42","slug":"eco-wash-premium","status":"publish","type":"product","link":"https:\/\/streetpower-rekond.se\/newsite\/en\/product\/eco-wash-premium\/","title":{"rendered":"Eco Wash Premium 5L"},"content":{"rendered":"<p>Speciellt framtagen f\u00f6r reng\u00f6ring av sv\u00e5ra f\u00f6roreningar av olja, sot etc. \u00c4ven f\u00f6r reng\u00f6ring av vegetabiliska oljor bl a p\u00e5 skogsmaskiner, tankbilar etc. Produkten levereras starkt koncentrerad och skall d\u00e4rf\u00f6r sp\u00e4das med vatten innan reng\u00f6ring. pH: 13-14.<\/p>\n<p>Egenskaper<\/p>\n<p>\u2013 Superkoncentrat, mycket effektivt och ekonomiskt.<br \/>\n\u2013 Alkaliskt reng\u00f6ringsmedel med utm\u00e4rkta fettl\u00f6sande egenskaper.<br \/>\n\u2013 L\u00e4mplig f\u00f6r anv\u00e4ndning ombord p\u00e5 b\u00e5tar\/offshore d\u00e5 produkten \u00e4r blandbar med saltvatten.<\/p>\n<p>Bruksanvisning<\/p>\n<p>Applicera produkten med borste, svamp, trasa eller l\u00e5gtryckspruta. L\u00e5t produkten verka i 1 \u2013 10 minuter beroende p\u00e5 nedsmutsningsgraden och yttertemperaturen. L\u00e5t inte produkten torka in. Vid behov \u2013 bearbeta ytan med borste eller svamp. Var f\u00f6rsiktig med m\u00e5lade, lackerade och aluminiumytor.<\/p>\n<p>Dosering<\/p>\n<p>Personbil 1:10 \u2013 1:50<br \/>\nLastbil 1:5 \u2013 1:25<br \/>\nAnl\u00e4ggningsmaskiner 1:5 \u2013 1:20.<br \/>\nEller justera doseringen efter behov. Anv\u00e4nd varmt vatten f\u00f6r att f\u00e5 det b\u00e4sta effektivitet. Var f\u00f6rsiktig med alla m\u00e5lade, lackerade och aluminiumytor.<\/p>\n<p>OBS! L\u00e5t inte produkten torka in.<\/p>","protected":false},"excerpt":{"rendered":"<p>Speciellt framtagen f\u00f6r reng\u00f6ring av sv\u00e5ra f\u00f6roreningar av olja, sot etc. \u00c4ven f\u00f6r reng\u00f6ring av vegetabiliska oljor bl a p\u00e5 skogsmaskiner, tankbilar etc. Produkten levereras&#8230;<\/p>","protected":false},"featured_media":21900,"comment_status":"open","ping_status":"closed","template":"","meta":[],"etheme_brands":[],"product_brand":[],"product_cat":[256],"product_tag":[],"class_list":{"0":"post-21899","1":"product","2":"type-product","3":"status-publish","4":"has-post-thumbnail","6":"product_cat-alkalisk-avfettning","8":"first","9":"instock","10":"taxable","11":"shipping-taxable","12":"purchasable","13":"product-type-simple"},"_links":{"self":[{"href":"https:\/\/streetpower-rekond.se\/newsite\/en\/wp-json\/wp\/v2\/product\/21899","targetHints":{"allow":["GET"]}}],"collection":[{"href":"https:\/\/streetpower-rekond.se\/newsite\/en\/wp-json\/wp\/v2\/product"}],"about":[{"href":"https:\/\/streetpower-rekond.se\/newsite\/en\/wp-json\/wp\/v2\/types\/product"}],"replies":[{"embeddable":true,"href":"https:\/\/streetpower-rekond.se\/newsite\/en\/wp-json\/wp\/v2\/comments?post=21899"}],"version-history":[{"count":0,"href":"https:\/\/streetpower-rekond.se\/newsite\/en\/wp-json\/wp\/v2\/product\/21899\/revisions"}],"wp:featuredmedia":[{"embeddable":true,"href":"https:\/\/streetpower-rekond.se\/newsite\/en\/wp-json\/wp\/v2\/media\/21900"}],"wp:attachment":[{"href":"https:\/\/streetpower-rekond.se\/newsite\/en\/wp-json\/wp\/v2\/media?parent=21899"}],"wp:term":[{"taxonomy":"brand","embeddable":true,"href":"https:\/\/streetpower-rekond.se\/newsite\/en\/wp-json\/wp\/v2\/etheme_brands?post=21899"},{"taxonomy":"product_brand","embeddable":true,"href":"https:\/\/streetpower-rekond.se\/newsite\/en\/wp-json\/wp\/v2\/product_brand?post=21899"},{"taxonomy":"product_cat","embeddable":true,"href":"https:\/\/streetpower-rekond.se\/newsite\/en\/wp-json\/wp\/v2\/product_cat?post=21899"},{"taxonomy":"product_tag","embeddable":true,"href":"https:\/\/streetpower-rekond.se\/newsite\/en\/wp-json\/wp\/v2\/product_tag?post=21899"}],"curies":[{"name":"wp","href":"https:\/\/api.w.org\/{rel}","templated":true}]}}