{"id":21885,"date":"2025-01-13T17:41:08","date_gmt":"2025-01-13T17:41:08","guid":{"rendered":"https:\/\/streetpower-rekond.se\/newsite\/?post_type=product&#038;p=21885"},"modified":"2025-03-28T09:13:50","modified_gmt":"2025-03-28T09:13:50","slug":"rupes-uno-pure-ultra-finishing-250ml","status":"publish","type":"product","link":"https:\/\/streetpower-rekond.se\/newsite\/en\/product\/rupes-uno-pure-ultra-finishing-250ml\/","title":{"rendered":"Rupes Uno pure ultra finishing 250ml"},"content":{"rendered":"<p>UNOPURE Ultra finishing compound \u00e4r en polish av senaste teknologi, utvecklat och producerat av rupes kemistteam i Italien. UNOPURE skapar magi i form av glans p\u00e5 de mest sv\u00e5rjobbade lacktyper, \u00e4ven vid m\u00f6rka kul\u00f6rer. Oavsett om du har en roterande,kuggdriven eller oscillerande polermaskin s\u00e5 presterar unopure glans av absolut h\u00f6gsta optiska klarhet n\u00e4r den anv\u00e4nds med Rupes bigfoot polersystem, maskiner och trissor. Produkten inneh\u00e5ller inga fillers, den \u00e4r l\u00e4tt att anv\u00e4nda och att torka av f\u00f6r b\u00e4sta m\u00f6jliga upplevelse. UNOPURE l\u00e4mnar en yta Pure (ren) och helt redo f\u00f6r ett vax eller lackskydd. F\u00f6r b\u00e4sta glans anv\u00e4nd Rupes vit skumtrissa<\/p>","protected":false},"excerpt":{"rendered":"<p>UNOPURE Ultra finishing compound \u00e4r en polish av senaste teknologi, utvecklat och producerat av rupes kemistteam i Italien. UNOPURE skapar magi i form av glans&#8230;<\/p>","protected":false},"featured_media":21886,"comment_status":"open","ping_status":"closed","template":"","meta":[],"etheme_brands":[{"term_id":402,"name":"Rupes","slug":"rupes","term_group":0,"term_taxonomy_id":402,"taxonomy":"brand","description":"","parent":0,"count":2,"filter":"raw"}],"product_brand":[377],"product_cat":[214],"product_tag":[],"class_list":{"0":"post-21885","1":"product","2":"type-product","3":"status-publish","4":"has-post-thumbnail","6":"brand-rupes","7":"product_brand-rupes","8":"product_cat-polermedel","10":"first","11":"instock","12":"taxable","13":"shipping-taxable","14":"purchasable","15":"product-type-simple"},"_links":{"self":[{"href":"https:\/\/streetpower-rekond.se\/newsite\/en\/wp-json\/wp\/v2\/product\/21885","targetHints":{"allow":["GET"]}}],"collection":[{"href":"https:\/\/streetpower-rekond.se\/newsite\/en\/wp-json\/wp\/v2\/product"}],"about":[{"href":"https:\/\/streetpower-rekond.se\/newsite\/en\/wp-json\/wp\/v2\/types\/product"}],"replies":[{"embeddable":true,"href":"https:\/\/streetpower-rekond.se\/newsite\/en\/wp-json\/wp\/v2\/comments?post=21885"}],"version-history":[{"count":1,"href":"https:\/\/streetpower-rekond.se\/newsite\/en\/wp-json\/wp\/v2\/product\/21885\/revisions"}],"predecessor-version":[{"id":22872,"href":"https:\/\/streetpower-rekond.se\/newsite\/en\/wp-json\/wp\/v2\/product\/21885\/revisions\/22872"}],"wp:featuredmedia":[{"embeddable":true,"href":"https:\/\/streetpower-rekond.se\/newsite\/en\/wp-json\/wp\/v2\/media\/21886"}],"wp:attachment":[{"href":"https:\/\/streetpower-rekond.se\/newsite\/en\/wp-json\/wp\/v2\/media?parent=21885"}],"wp:term":[{"taxonomy":"brand","embeddable":true,"href":"https:\/\/streetpower-rekond.se\/newsite\/en\/wp-json\/wp\/v2\/etheme_brands?post=21885"},{"taxonomy":"product_brand","embeddable":true,"href":"https:\/\/streetpower-rekond.se\/newsite\/en\/wp-json\/wp\/v2\/product_brand?post=21885"},{"taxonomy":"product_cat","embeddable":true,"href":"https:\/\/streetpower-rekond.se\/newsite\/en\/wp-json\/wp\/v2\/product_cat?post=21885"},{"taxonomy":"product_tag","embeddable":true,"href":"https:\/\/streetpower-rekond.se\/newsite\/en\/wp-json\/wp\/v2\/product_tag?post=21885"}],"curies":[{"name":"wp","href":"https:\/\/api.w.org\/{rel}","templated":true}]}}