{"id":21782,"date":"2025-01-09T05:53:12","date_gmt":"2025-01-09T05:53:12","guid":{"rendered":"https:\/\/streetpower-rekond.se\/newsite\/?post_type=product&#038;p=21782"},"modified":"2025-03-28T09:15:43","modified_gmt":"2025-03-28T09:15:43","slug":"leather-cleaning-brush","status":"publish","type":"product","link":"https:\/\/streetpower-rekond.se\/newsite\/en\/product\/leather-cleaning-brush\/","title":{"rendered":"Leather Cleaning Brush"},"content":{"rendered":"<p>chemicalworkz L\u00e4derreng\u00f6ringsborste utvecklades f\u00f6r enkel och s\u00e4ker l\u00e4derv\u00e5rd. Den droppformade, ergonomiska designen med tr\u00e4handtag s\u00e4kerst\u00e4ller ett bra grepp, \u00e4ven n\u00e4r det blir bl\u00f6tt, och hj\u00e4lper till att f\u00f6rhindra skador.<\/p>\n<p>chemicalworkz Leather Cleaning Brush \u00e4r en h\u00f6gkvalitativ kombination av mycket mjukt naturligt h\u00e5r, vilket g\u00f6r det s\u00e5 s\u00e4kert och effektivt som m\u00f6jligt f\u00f6r alla typer av l\u00e4der.<\/p>\n<p>Produktegenskaper:<br \/>\n\u2022 Storlek: 13 \u00d7 6 cm<br \/>\n\u2022 F\u00e4rg: naturlig brun<br \/>\n\u2022 Ergonomisk design<br \/>\n\u2022 Mjuka naturliga borst<br \/>\n\u2022 S\u00e4kert &amp; effektivt<\/p>\n<p>Tips:<br \/>\nSk\u00f6lj i rent vatten efter varje anv\u00e4ndning och h\u00e4ng p\u00e5 tork.<\/p>","protected":false},"excerpt":{"rendered":"<p>chemicalworkz L\u00e4derreng\u00f6ringsborste utvecklades f\u00f6r enkel och s\u00e4ker l\u00e4derv\u00e5rd. Den droppformade, ergonomiska designen med tr\u00e4handtag s\u00e4kerst\u00e4ller ett bra grepp, \u00e4ven n\u00e4r det blir bl\u00f6tt, och hj\u00e4lper&#8230;<\/p>","protected":false},"featured_media":21783,"comment_status":"open","ping_status":"closed","template":"","meta":[],"etheme_brands":[{"term_id":392,"name":"chemicalworkz","slug":"chemicalworkz","term_group":0,"term_taxonomy_id":392,"taxonomy":"brand","description":"","parent":0,"count":53,"filter":"raw"}],"product_brand":[367],"product_cat":[245],"product_tag":[],"class_list":{"0":"post-21782","1":"product","2":"type-product","3":"status-publish","4":"has-post-thumbnail","6":"brand-chemicalworkz","7":"product_brand-chemicalworkz","8":"product_cat-borstar","10":"first","11":"instock","12":"taxable","13":"shipping-taxable","14":"purchasable","15":"product-type-simple"},"_links":{"self":[{"href":"https:\/\/streetpower-rekond.se\/newsite\/en\/wp-json\/wp\/v2\/product\/21782","targetHints":{"allow":["GET"]}}],"collection":[{"href":"https:\/\/streetpower-rekond.se\/newsite\/en\/wp-json\/wp\/v2\/product"}],"about":[{"href":"https:\/\/streetpower-rekond.se\/newsite\/en\/wp-json\/wp\/v2\/types\/product"}],"replies":[{"embeddable":true,"href":"https:\/\/streetpower-rekond.se\/newsite\/en\/wp-json\/wp\/v2\/comments?post=21782"}],"version-history":[{"count":1,"href":"https:\/\/streetpower-rekond.se\/newsite\/en\/wp-json\/wp\/v2\/product\/21782\/revisions"}],"predecessor-version":[{"id":23046,"href":"https:\/\/streetpower-rekond.se\/newsite\/en\/wp-json\/wp\/v2\/product\/21782\/revisions\/23046"}],"wp:featuredmedia":[{"embeddable":true,"href":"https:\/\/streetpower-rekond.se\/newsite\/en\/wp-json\/wp\/v2\/media\/21783"}],"wp:attachment":[{"href":"https:\/\/streetpower-rekond.se\/newsite\/en\/wp-json\/wp\/v2\/media?parent=21782"}],"wp:term":[{"taxonomy":"brand","embeddable":true,"href":"https:\/\/streetpower-rekond.se\/newsite\/en\/wp-json\/wp\/v2\/etheme_brands?post=21782"},{"taxonomy":"product_brand","embeddable":true,"href":"https:\/\/streetpower-rekond.se\/newsite\/en\/wp-json\/wp\/v2\/product_brand?post=21782"},{"taxonomy":"product_cat","embeddable":true,"href":"https:\/\/streetpower-rekond.se\/newsite\/en\/wp-json\/wp\/v2\/product_cat?post=21782"},{"taxonomy":"product_tag","embeddable":true,"href":"https:\/\/streetpower-rekond.se\/newsite\/en\/wp-json\/wp\/v2\/product_tag?post=21782"}],"curies":[{"name":"wp","href":"https:\/\/api.w.org\/{rel}","templated":true}]}}