{"id":21768,"date":"2025-01-08T14:57:37","date_gmt":"2025-01-08T14:57:37","guid":{"rendered":"https:\/\/streetpower-rekond.se\/newsite\/?post_type=product&#038;p=21768"},"modified":"2025-03-28T09:22:59","modified_gmt":"2025-03-28T09:22:59","slug":"performance-plate-125-mm-stodplatta","status":"publish","type":"product","link":"https:\/\/streetpower-rekond.se\/newsite\/en\/product\/performance-plate-125-mm-stodplatta\/","title":{"rendered":"Performance Plate 125 mm st\u00f6dplatta"},"content":{"rendered":"<p>Chemicalworkz Performance Plate 125mm \u00e4r en revolutionerande st\u00f6dplatta som \u00e4r speciellt utvecklad f\u00f6r att ytterligare optimera din polerprocess. Denna h\u00f6gkvalitativa st\u00f6dplatta s\u00e4tter nya standarder f\u00f6r precision och effektivitet.<\/p>\n<p>St\u00f6dplattan \u00e4r tillverkad av h\u00f6gkvalitativt aluminium och erbjuder exceptionell stabilitet och h\u00e5llbarhet. Tack vare sin optimala viktf\u00f6rdelning s\u00e4kerst\u00e4ller den f\u00f6rb\u00e4ttrad kraft\u00f6verf\u00f6ring under polering, vilket resulterar i j\u00e4mna och exakta resultat. St\u00f6dplattan \u00e4r ocks\u00e5 f\u00f6rsedd med en gummerad kant, vilket ger extra skydd vid polering och \u00f6kar s\u00e4kerheten.<\/p>\n<p>Tips:<br \/>\n\u2022 Avfetta undersidan av st\u00f6dplattan och applicera den medf\u00f6ljande kardborren exakt.<br \/>\n\u2022 F\u00e4st chemicalworkz Performance Plate p\u00e5 din polermaskin (t.ex. chemicalworkz DA15 Pro).<\/p>\n<p>Produktegenskaper:<br \/>\n\u2022 F\u00e4rg: Turkossvart<br \/>\n\u2022 Material: H\u00f6gkvalitativt aluminium<br \/>\n\u2022 Ytterdiameter: 122 mm<br \/>\n\u2022 H\u00f6jd: 6mm<\/p>\n<p>Chemicalworkz Performance Plate \u00e4r det perfekta valet f\u00f6r proffs och hobbyanv\u00e4ndare som vill ha exakt, effektiv och p\u00e5litlig polering.<\/p>","protected":false},"excerpt":{"rendered":"<p>Chemicalworkz Performance Plate 125mm \u00e4r en revolutionerande st\u00f6dplatta som \u00e4r speciellt utvecklad f\u00f6r att ytterligare optimera din polerprocess. Denna h\u00f6gkvalitativa st\u00f6dplatta s\u00e4tter nya standarder f\u00f6r&#8230;<\/p>","protected":false},"featured_media":21769,"comment_status":"open","ping_status":"closed","template":"","meta":[],"etheme_brands":[{"term_id":392,"name":"chemicalworkz","slug":"chemicalworkz","term_group":0,"term_taxonomy_id":392,"taxonomy":"brand","description":"","parent":0,"count":53,"filter":"raw"}],"product_brand":[367],"product_cat":[259],"product_tag":[],"class_list":{"0":"post-21768","1":"product","2":"type-product","3":"status-publish","4":"has-post-thumbnail","6":"brand-chemicalworkz","7":"product_brand-chemicalworkz","8":"product_cat-fastplattor","10":"first","11":"instock","12":"taxable","13":"shipping-taxable","14":"purchasable","15":"product-type-simple"},"_links":{"self":[{"href":"https:\/\/streetpower-rekond.se\/newsite\/en\/wp-json\/wp\/v2\/product\/21768","targetHints":{"allow":["GET"]}}],"collection":[{"href":"https:\/\/streetpower-rekond.se\/newsite\/en\/wp-json\/wp\/v2\/product"}],"about":[{"href":"https:\/\/streetpower-rekond.se\/newsite\/en\/wp-json\/wp\/v2\/types\/product"}],"replies":[{"embeddable":true,"href":"https:\/\/streetpower-rekond.se\/newsite\/en\/wp-json\/wp\/v2\/comments?post=21768"}],"version-history":[{"count":1,"href":"https:\/\/streetpower-rekond.se\/newsite\/en\/wp-json\/wp\/v2\/product\/21768\/revisions"}],"predecessor-version":[{"id":23051,"href":"https:\/\/streetpower-rekond.se\/newsite\/en\/wp-json\/wp\/v2\/product\/21768\/revisions\/23051"}],"wp:featuredmedia":[{"embeddable":true,"href":"https:\/\/streetpower-rekond.se\/newsite\/en\/wp-json\/wp\/v2\/media\/21769"}],"wp:attachment":[{"href":"https:\/\/streetpower-rekond.se\/newsite\/en\/wp-json\/wp\/v2\/media?parent=21768"}],"wp:term":[{"taxonomy":"brand","embeddable":true,"href":"https:\/\/streetpower-rekond.se\/newsite\/en\/wp-json\/wp\/v2\/etheme_brands?post=21768"},{"taxonomy":"product_brand","embeddable":true,"href":"https:\/\/streetpower-rekond.se\/newsite\/en\/wp-json\/wp\/v2\/product_brand?post=21768"},{"taxonomy":"product_cat","embeddable":true,"href":"https:\/\/streetpower-rekond.se\/newsite\/en\/wp-json\/wp\/v2\/product_cat?post=21768"},{"taxonomy":"product_tag","embeddable":true,"href":"https:\/\/streetpower-rekond.se\/newsite\/en\/wp-json\/wp\/v2\/product_tag?post=21768"}],"curies":[{"name":"wp","href":"https:\/\/api.w.org\/{rel}","templated":true}]}}