{"id":21721,"date":"2025-01-07T18:15:45","date_gmt":"2025-01-07T18:15:45","guid":{"rendered":"https:\/\/streetpower-rekond.se\/newsite\/?post_type=product&#038;p=21721"},"modified":"2025-03-28T09:47:52","modified_gmt":"2025-03-28T09:47:52","slug":"paint-swabs-set-20-pcs","status":"publish","type":"product","link":"https:\/\/streetpower-rekond.se\/newsite\/en\/product\/paint-swabs-set-20-pcs\/","title":{"rendered":"Paint Swabs Set  20 pcs"},"content":{"rendered":"<p>Paint Swabs Set \u00e4r perfekt f\u00f6r fint arbete d\u00e4r precision \u00e4r viktigt, som att dutta ut stenskott med fordonsf\u00e4rgen, ta bort polerdamm fr\u00e5n sprickor och h\u00f6rn eller ta bort smuts runt emblem. Tack vare den mycket exakta reng\u00f6ringsspetsen m\u00f6jligg\u00f6r detta set exakt f\u00e4rgleverans eller reng\u00f6ring \u00e4ven p\u00e5 de minsta ytorna.<\/p>","protected":false},"excerpt":{"rendered":"<p>Paint Swabs Set \u00e4r perfekt f\u00f6r fint arbete d\u00e4r precision \u00e4r viktigt, som att dutta ut stenskott med fordonsf\u00e4rgen, ta bort polerdamm fr\u00e5n sprickor och&#8230;<\/p>","protected":false},"featured_media":21722,"comment_status":"open","ping_status":"closed","template":"","meta":[],"etheme_brands":[{"term_id":392,"name":"chemicalworkz","slug":"chemicalworkz","term_group":0,"term_taxonomy_id":392,"taxonomy":"brand","description":"","parent":0,"count":53,"filter":"raw"}],"product_brand":[367],"product_cat":[217],"product_tag":[],"class_list":{"0":"post-21721","1":"product","2":"type-product","3":"status-publish","4":"has-post-thumbnail","6":"brand-chemicalworkz","7":"product_brand-chemicalworkz","8":"product_cat-appliceringssvampar","10":"first","11":"instock","12":"taxable","13":"shipping-taxable","14":"purchasable","15":"product-type-simple"},"_links":{"self":[{"href":"https:\/\/streetpower-rekond.se\/newsite\/en\/wp-json\/wp\/v2\/product\/21721","targetHints":{"allow":["GET"]}}],"collection":[{"href":"https:\/\/streetpower-rekond.se\/newsite\/en\/wp-json\/wp\/v2\/product"}],"about":[{"href":"https:\/\/streetpower-rekond.se\/newsite\/en\/wp-json\/wp\/v2\/types\/product"}],"replies":[{"embeddable":true,"href":"https:\/\/streetpower-rekond.se\/newsite\/en\/wp-json\/wp\/v2\/comments?post=21721"}],"version-history":[{"count":1,"href":"https:\/\/streetpower-rekond.se\/newsite\/en\/wp-json\/wp\/v2\/product\/21721\/revisions"}],"predecessor-version":[{"id":23062,"href":"https:\/\/streetpower-rekond.se\/newsite\/en\/wp-json\/wp\/v2\/product\/21721\/revisions\/23062"}],"wp:featuredmedia":[{"embeddable":true,"href":"https:\/\/streetpower-rekond.se\/newsite\/en\/wp-json\/wp\/v2\/media\/21722"}],"wp:attachment":[{"href":"https:\/\/streetpower-rekond.se\/newsite\/en\/wp-json\/wp\/v2\/media?parent=21721"}],"wp:term":[{"taxonomy":"brand","embeddable":true,"href":"https:\/\/streetpower-rekond.se\/newsite\/en\/wp-json\/wp\/v2\/etheme_brands?post=21721"},{"taxonomy":"product_brand","embeddable":true,"href":"https:\/\/streetpower-rekond.se\/newsite\/en\/wp-json\/wp\/v2\/product_brand?post=21721"},{"taxonomy":"product_cat","embeddable":true,"href":"https:\/\/streetpower-rekond.se\/newsite\/en\/wp-json\/wp\/v2\/product_cat?post=21721"},{"taxonomy":"product_tag","embeddable":true,"href":"https:\/\/streetpower-rekond.se\/newsite\/en\/wp-json\/wp\/v2\/product_tag?post=21721"}],"curies":[{"name":"wp","href":"https:\/\/api.w.org\/{rel}","templated":true}]}}