{"id":21110,"date":"2025-01-01T12:14:40","date_gmt":"2025-01-01T12:14:40","guid":{"rendered":"https:\/\/streetpower-rekond.se\/newsite\/product\/boost-shine-seal-500ml\/"},"modified":"2025-01-12T10:35:55","modified_gmt":"2025-01-12T10:35:55","slug":"boost-shine-seal-500ml","status":"publish","type":"product","link":"https:\/\/streetpower-rekond.se\/newsite\/en\/product\/boost-shine-seal-500ml\/","title":{"rendered":"BOOST Shine &amp; Seal 500ml"},"content":{"rendered":"<p>En enast\u00e5ende premiumglans f\u00f6rsegling f\u00f6r hela motorrummet. BOOST ger en naturlig och fabriksny halvmatt glansfinish som ger ett l\u00e5ngvarigt skydd.<\/p>\n<p>Den innovativa BOOST-formeln till\u00e5ter applikationer p\u00e5 v\u00e5ta ytor utan att l\u00e4mna fula m\u00e4rken och streck.<\/p>\n<p>BOOST inneh\u00e5ller inga farliga ingredienser och \u00e4r fri fr\u00e5n kolv\u00e4ten.<br \/>\nAnv\u00e4ndning;<br \/>\nReng\u00f6r f\u00f6rst det smutsiga motorrummet med hj\u00e4lp av SPAM universal-cleaner<\/p>\n<p>Spraya BOOST l\u00e4tt \u00f6ver ytan och l\u00e5t det torka i ca. 15 minuter &#8211; klart! Ingen borttorkning n\u00f6dv\u00e4ndig!<\/p>\n<p><img decoding=\"async\" src=\"https:\/\/streetpower-rekond.se\/newsite\/img\/cms\/Faro%20Symboler\/exclam.gif\" alt=\"\" width=\"90\" height=\"90\" title=\"\"><\/p>\n<p><span style=\"color: #d0121a;\"><strong>Faroangivelser<\/strong><\/span><\/p>\n<p>H319 Orsakar allvarlig \u00f6gonirritation.<\/p>\n<p><span style=\"color: #d0121a;\"><strong>Skyddsangivelser<\/strong><\/span><\/p>\n<p>P102 F\u00f6rvaras o\u00e5tkomligt f\u00f6r barn.<\/p>\n<p>P264 Tv\u00e4tta h\u00e4nder grundligt efter anv\u00e4ndning.<\/p>\n<p>P280 Anv\u00e4nd skyddshandskar\/skyddskl\u00e4der\/\u00f6gonskydd\/ansiktsskydd.<\/p>\n<p>P305+P351+P338 VID KONTAKT MED \u00d6GONEN: Sk\u00f6lj f\u00f6rsiktigt med vatten i flera minuter. Ta ur eventuella<\/p>\n<p>kontaktlinser om det g\u00e5r l\u00e4tt. Forts\u00e4tt att sk\u00f6lja.<\/p>\n<p>P337+P313 Vid best\u00e5ende \u00f6gonirritation: S\u00f6k l\u00e4karhj\u00e4lp.<\/p>","protected":false},"excerpt":{"rendered":"<p>BOOST Shine&amp;Seal \u00e4r en favorit produkt som anv\u00e4nds under varje rekond vi utf\u00f6r. Enligt v\u00e5r uppfattning \u00e4r det en av dom b\u00e4sta produkterna p\u00e5 marknaden f\u00f6r anv\u00e4ndning i motorrum l\u00e4mnar alla plast, vinyl och gummi ytor som nya.<\/p>","protected":false},"featured_media":21665,"comment_status":"open","ping_status":"closed","template":"","meta":[],"etheme_brands":[],"product_brand":[],"product_cat":[267],"product_tag":[],"class_list":{"0":"post-21110","1":"product","2":"type-product","3":"status-publish","4":"has-post-thumbnail","6":"product_cat-plast-lister","8":"first","9":"instock","10":"taxable","11":"shipping-taxable","12":"purchasable","13":"product-type-simple"},"_links":{"self":[{"href":"https:\/\/streetpower-rekond.se\/newsite\/en\/wp-json\/wp\/v2\/product\/21110","targetHints":{"allow":["GET"]}}],"collection":[{"href":"https:\/\/streetpower-rekond.se\/newsite\/en\/wp-json\/wp\/v2\/product"}],"about":[{"href":"https:\/\/streetpower-rekond.se\/newsite\/en\/wp-json\/wp\/v2\/types\/product"}],"replies":[{"embeddable":true,"href":"https:\/\/streetpower-rekond.se\/newsite\/en\/wp-json\/wp\/v2\/comments?post=21110"}],"version-history":[{"count":0,"href":"https:\/\/streetpower-rekond.se\/newsite\/en\/wp-json\/wp\/v2\/product\/21110\/revisions"}],"wp:featuredmedia":[{"embeddable":true,"href":"https:\/\/streetpower-rekond.se\/newsite\/en\/wp-json\/wp\/v2\/media\/21665"}],"wp:attachment":[{"href":"https:\/\/streetpower-rekond.se\/newsite\/en\/wp-json\/wp\/v2\/media?parent=21110"}],"wp:term":[{"taxonomy":"brand","embeddable":true,"href":"https:\/\/streetpower-rekond.se\/newsite\/en\/wp-json\/wp\/v2\/etheme_brands?post=21110"},{"taxonomy":"product_brand","embeddable":true,"href":"https:\/\/streetpower-rekond.se\/newsite\/en\/wp-json\/wp\/v2\/product_brand?post=21110"},{"taxonomy":"product_cat","embeddable":true,"href":"https:\/\/streetpower-rekond.se\/newsite\/en\/wp-json\/wp\/v2\/product_cat?post=21110"},{"taxonomy":"product_tag","embeddable":true,"href":"https:\/\/streetpower-rekond.se\/newsite\/en\/wp-json\/wp\/v2\/product_tag?post=21110"}],"curies":[{"name":"wp","href":"https:\/\/api.w.org\/{rel}","templated":true}]}}