{"id":21080,"date":"2025-01-01T12:13:54","date_gmt":"2025-01-01T12:13:54","guid":{"rendered":"https:\/\/streetpower-rekond.se\/newsite\/product\/ice-glass-waterspot-cleaner-gel-5l\/"},"modified":"2025-01-14T06:33:53","modified_gmt":"2025-01-14T06:33:53","slug":"ice-glass-waterspot-cleaner-gel-5l","status":"publish","type":"product","link":"https:\/\/streetpower-rekond.se\/newsite\/en\/product\/ice-glass-waterspot-cleaner-gel-5l\/","title":{"rendered":"ICE GLASS &amp; WATERSPOT CLEANER GEL 5L"},"content":{"rendered":"<p>ICE rinner inte ens n\u00e4r det sprayas p\u00e5 vertikala ytor, vilket g\u00f6r det mer effektivt och ekonomiskt att anv\u00e4nda.<\/p>\n<p>V\u00e4l l\u00e4mpad f\u00f6r att enkelt ta bort envis kalk- och vattenfl\u00e4ckar efter biltv\u00e4tt. Ett m\u00e5ste f\u00f6r alla bilentusiaster.<br \/>\nANV\u00c4NDNING P\u00c5 GLAS:<br \/>\nSpraya bara ICE Cleaner Gel p\u00e5 glasytorna och gnugga in den med en ren pappershandduk eller microfiberhduk i en cirkelr\u00f6relse.<\/p>\n<p>ICE dunstar snabbt och l\u00e4mnar \u00a0helt streckfria glasytor.<br \/>\nANV\u00c4NDNING P\u00c5 LACKADE OCH ANDRA SL\u00c4TA YTOR:<br \/>\nApplicera ICE Cleaner Gel och torka av den med v\u00e5r mjuka, r\u00f6da microfiberhduk &#8211; f\u00e4rdig! \u00c4ven v\u00e4l l\u00e4mpad f\u00f6r kromytor.<\/p>\n<p>Blandningen \u00e4r inte klassificerad som farlig enligt direktiv 1999\/45\/EG.<\/p>","protected":false},"excerpt":{"rendered":"<p>Den innovativa ICE Cleaner Gel \u00e4r en unik och mycket effektiv reng\u00f6ringsprodukt f\u00f6r glas. Gelformuleringen med h\u00f6g viskositet med sin distinkta, integrerade &#8221;Run-Off Stop&#8221; -teknologi reng\u00f6r glas, l\u00e4rg och andra sl\u00e4ta ytor p\u00e5 n\u00e5gra sekunder, \u00e4ven &#8221;waterspots&#8221;\/ vatten fl\u00e4ckar tas enkelt bort<\/p>","protected":false},"featured_media":21890,"comment_status":"open","ping_status":"closed","template":"","meta":[],"etheme_brands":[],"product_brand":[],"product_cat":[231],"product_tag":[],"class_list":{"0":"post-21080","1":"product","2":"type-product","3":"status-publish","4":"has-post-thumbnail","6":"product_cat-glasrengoering","8":"first","9":"instock","10":"taxable","11":"shipping-taxable","12":"purchasable","13":"product-type-simple"},"_links":{"self":[{"href":"https:\/\/streetpower-rekond.se\/newsite\/en\/wp-json\/wp\/v2\/product\/21080","targetHints":{"allow":["GET"]}}],"collection":[{"href":"https:\/\/streetpower-rekond.se\/newsite\/en\/wp-json\/wp\/v2\/product"}],"about":[{"href":"https:\/\/streetpower-rekond.se\/newsite\/en\/wp-json\/wp\/v2\/types\/product"}],"replies":[{"embeddable":true,"href":"https:\/\/streetpower-rekond.se\/newsite\/en\/wp-json\/wp\/v2\/comments?post=21080"}],"version-history":[{"count":0,"href":"https:\/\/streetpower-rekond.se\/newsite\/en\/wp-json\/wp\/v2\/product\/21080\/revisions"}],"wp:featuredmedia":[{"embeddable":true,"href":"https:\/\/streetpower-rekond.se\/newsite\/en\/wp-json\/wp\/v2\/media\/21890"}],"wp:attachment":[{"href":"https:\/\/streetpower-rekond.se\/newsite\/en\/wp-json\/wp\/v2\/media?parent=21080"}],"wp:term":[{"taxonomy":"brand","embeddable":true,"href":"https:\/\/streetpower-rekond.se\/newsite\/en\/wp-json\/wp\/v2\/etheme_brands?post=21080"},{"taxonomy":"product_brand","embeddable":true,"href":"https:\/\/streetpower-rekond.se\/newsite\/en\/wp-json\/wp\/v2\/product_brand?post=21080"},{"taxonomy":"product_cat","embeddable":true,"href":"https:\/\/streetpower-rekond.se\/newsite\/en\/wp-json\/wp\/v2\/product_cat?post=21080"},{"taxonomy":"product_tag","embeddable":true,"href":"https:\/\/streetpower-rekond.se\/newsite\/en\/wp-json\/wp\/v2\/product_tag?post=21080"}],"curies":[{"name":"wp","href":"https:\/\/api.w.org\/{rel}","templated":true}]}}