{"id":21040,"date":"2025-01-01T12:11:01","date_gmt":"2025-01-01T12:11:01","guid":{"rendered":"https:\/\/streetpower-rekond.se\/newsite\/product\/active-foamwash-1l\/"},"modified":"2025-01-11T16:26:14","modified_gmt":"2025-01-11T16:26:14","slug":"active-foamwash-1l","status":"publish","type":"product","link":"https:\/\/streetpower-rekond.se\/newsite\/en\/product\/active-foamwash-1l\/","title":{"rendered":"Active Foamwash 1L"},"content":{"rendered":"<p><img decoding=\"async\" src=\"https:\/\/streetpower-rekond.se\/newsite\/img\/cms\/Faro%20Symboler\/acid_red.gif\" alt=\"\" width=\"90\" height=\"90\" title=\"\"><\/p>\n<p><span style=\"color: #d0121a;\"><strong>Faroangivelser<\/strong><\/span><\/p>\n<p>(H314)Orsakar allvarliga fr\u00e4tskador p\u00e5 hud och \u00f6gon.<\/p>\n<p><span style=\"color: #d0121a;\"><strong>Skyddsangivelser<\/strong><\/span><\/p>\n<p>(P101)Ha f\u00f6rpackningen eller etiketten till hands om du m\u00e5ste s\u00f6ka l\u00e4karv\u00e5rd.<\/p>\n<p>(P102)F\u00f6rvaras o\u00e5tkomligt f\u00f6r barn.<\/p>\n<p>(P260)Inandas inte dimma\/ \u00e5ngor\/ sprej.<\/p>\n<p>(P303+P361+P353).VID HUDKONTAKT (\u00e4ven h\u00e5ret): Ta omedelbart av alla nedst\u00e4nkta kl\u00e4der. Sk\u00f6lj huden med vatten\/duscha.<\/p>\n<p>(P405)F\u00f6rvaras inl\u00e5st.<\/p>\n<p>(P501).Inneh\u00e5llet\/beh\u00e5llaren l\u00e4mnas till en godk\u00e4nd<\/p>","protected":false},"excerpt":{"rendered":"<p><strong>Active Foam<\/strong>\u00a0\u00e4r ett\u00a0<strong>Super Koncentrerat<\/strong>\u00a0kraftigt fordonstv\u00e4ttmedel som<\/p>\n<p>anv\u00e4nds tillsammans med l\u00e5gtrycks- eller skumspruta ( Foam Lance).<\/p>\n<p>Applicera produkten och l\u00e5t verka i 3-5 minuter och sk\u00f6lj sedan grundligt<\/p>\n<p>ytan med h\u00f6gtryckstv\u00e4tt. Tv\u00e4tta\u00a0ALDRIG i direkt solljus och l\u00e5t den inte<\/p>\n<p>torka in.<\/p>\n<p>Blandas med vatten 1-5 % beroende p\u00e5 nedsmutsningsgrad.<\/p>","protected":false},"featured_media":21041,"comment_status":"open","ping_status":"closed","template":"","meta":[],"etheme_brands":[],"product_brand":[],"product_cat":[266],"product_tag":[],"class_list":{"0":"post-21040","1":"product","2":"type-product","3":"status-publish","4":"has-post-thumbnail","6":"product_cat-snow-foam","8":"first","9":"instock","10":"taxable","11":"shipping-taxable","12":"purchasable","13":"product-type-simple"},"_links":{"self":[{"href":"https:\/\/streetpower-rekond.se\/newsite\/en\/wp-json\/wp\/v2\/product\/21040","targetHints":{"allow":["GET"]}}],"collection":[{"href":"https:\/\/streetpower-rekond.se\/newsite\/en\/wp-json\/wp\/v2\/product"}],"about":[{"href":"https:\/\/streetpower-rekond.se\/newsite\/en\/wp-json\/wp\/v2\/types\/product"}],"replies":[{"embeddable":true,"href":"https:\/\/streetpower-rekond.se\/newsite\/en\/wp-json\/wp\/v2\/comments?post=21040"}],"version-history":[{"count":0,"href":"https:\/\/streetpower-rekond.se\/newsite\/en\/wp-json\/wp\/v2\/product\/21040\/revisions"}],"wp:featuredmedia":[{"embeddable":true,"href":"https:\/\/streetpower-rekond.se\/newsite\/en\/wp-json\/wp\/v2\/media\/21041"}],"wp:attachment":[{"href":"https:\/\/streetpower-rekond.se\/newsite\/en\/wp-json\/wp\/v2\/media?parent=21040"}],"wp:term":[{"taxonomy":"brand","embeddable":true,"href":"https:\/\/streetpower-rekond.se\/newsite\/en\/wp-json\/wp\/v2\/etheme_brands?post=21040"},{"taxonomy":"product_brand","embeddable":true,"href":"https:\/\/streetpower-rekond.se\/newsite\/en\/wp-json\/wp\/v2\/product_brand?post=21040"},{"taxonomy":"product_cat","embeddable":true,"href":"https:\/\/streetpower-rekond.se\/newsite\/en\/wp-json\/wp\/v2\/product_cat?post=21040"},{"taxonomy":"product_tag","embeddable":true,"href":"https:\/\/streetpower-rekond.se\/newsite\/en\/wp-json\/wp\/v2\/product_tag?post=21040"}],"curies":[{"name":"wp","href":"https:\/\/api.w.org\/{rel}","templated":true}]}}