{"id":21009,"date":"2025-01-01T12:09:43","date_gmt":"2025-01-01T12:09:43","guid":{"rendered":"https:\/\/streetpower-rekond.se\/newsite\/product\/s20-black-250g\/"},"modified":"2025-05-06T10:29:11","modified_gmt":"2025-05-06T10:29:11","slug":"s20-black-250g","status":"publish","type":"product","link":"https:\/\/streetpower-rekond.se\/newsite\/en\/product\/s20-black-250g\/","title":{"rendered":"Scholl Concepts S20 BLACK 250g"},"content":{"rendered":"<p>\u00c5terst\u00e4llning av v\u00e4derbitna och repade lackytor har aldrig varit s\u00e5 enkelt!<\/p>\n<p>Genom st\u00e4ndigt ytterligare f\u00f6rb\u00e4ttringar av v\u00e5r iPT Powder Technology kunde vi utveckla ett polermedel som tar bort djupa repor och behandlar v\u00e4derbitna ytor snabbt och enkelt i bara ett steg, oavsett h\u00e5rdheten i klarlacken \u00e4r.<\/p>\n<p>Trots sin enorma sk\u00e4rprestanda \u00e4r den \u00f6verl\u00e4gsna, spegelliknande glansen i 1-stegs poleringen anm\u00e4rkningsv\u00e4rd.<\/p>\n<p>\u00c4ven hologram och virvlar p\u00e5 m\u00f6rka lacker kan l\u00e4tt poleras bort. Med r\u00e4tt poleringstrissa f\u00e5r du alltid en utm\u00e4rkt h\u00f6gglansfinish i bara ett enda steg. Se applikationsdiagrammet \u00a0f\u00f6r mer information.<br \/>\nThe Real 1-Step Polish \u00e4r designad f\u00f6r applikationer med roterande polermaskiner.<\/p>\n<p>S20 Black kan naturligtvis ocks\u00e5 anv\u00e4ndas lika enkelt med en oscillerande samt dual action polermaskin.<\/p>\n<p><span style=\"color: #d0121a;\"><strong>Klassificering av \u00e4mnet eller blandningen F\u00f6rordning (EG) nr 1272\/2008<\/strong><\/span><\/p>\n<p>Blandningen \u00e4r inte klassificerad som farlig i meningen av f\u00f6rordningen (EG) nr 1272\/2008.<\/p>","protected":false},"excerpt":{"rendered":"<p>Revolutionerande och mycket effektivt polermedel f\u00f6r en hologramfri finish p\u00e5 slitna och matta f\u00e4rgytor. Tar bort repor och defekter p\u00e5 n\u00e5gra sekunder. S20 Black \u00e4r en vision\u00e4r och unik 1-Steg High Performance Compound som t\u00e4cker ett brett spektrum av applikationer p\u00e5 alla f\u00f6rekommande lackytor.<\/p>","protected":false},"featured_media":21011,"comment_status":"open","ping_status":"closed","template":"","meta":[],"etheme_brands":[{"term_id":403,"name":"Scholl Concept","slug":"scholl-concept","term_group":0,"term_taxonomy_id":403,"taxonomy":"brand","description":"","parent":0,"count":34,"filter":"raw"}],"product_brand":[423],"product_cat":[214],"product_tag":[],"class_list":{"0":"post-21009","1":"product","2":"type-product","3":"status-publish","4":"has-post-thumbnail","6":"brand-scholl-concept","7":"product_brand-scholl-concept","8":"product_cat-polermedel","10":"first","11":"instock","12":"taxable","13":"shipping-taxable","14":"purchasable","15":"product-type-simple"},"_links":{"self":[{"href":"https:\/\/streetpower-rekond.se\/newsite\/en\/wp-json\/wp\/v2\/product\/21009","targetHints":{"allow":["GET"]}}],"collection":[{"href":"https:\/\/streetpower-rekond.se\/newsite\/en\/wp-json\/wp\/v2\/product"}],"about":[{"href":"https:\/\/streetpower-rekond.se\/newsite\/en\/wp-json\/wp\/v2\/types\/product"}],"replies":[{"embeddable":true,"href":"https:\/\/streetpower-rekond.se\/newsite\/en\/wp-json\/wp\/v2\/comments?post=21009"}],"version-history":[{"count":1,"href":"https:\/\/streetpower-rekond.se\/newsite\/en\/wp-json\/wp\/v2\/product\/21009\/revisions"}],"predecessor-version":[{"id":23430,"href":"https:\/\/streetpower-rekond.se\/newsite\/en\/wp-json\/wp\/v2\/product\/21009\/revisions\/23430"}],"wp:featuredmedia":[{"embeddable":true,"href":"https:\/\/streetpower-rekond.se\/newsite\/en\/wp-json\/wp\/v2\/media\/21011"}],"wp:attachment":[{"href":"https:\/\/streetpower-rekond.se\/newsite\/en\/wp-json\/wp\/v2\/media?parent=21009"}],"wp:term":[{"taxonomy":"brand","embeddable":true,"href":"https:\/\/streetpower-rekond.se\/newsite\/en\/wp-json\/wp\/v2\/etheme_brands?post=21009"},{"taxonomy":"product_brand","embeddable":true,"href":"https:\/\/streetpower-rekond.se\/newsite\/en\/wp-json\/wp\/v2\/product_brand?post=21009"},{"taxonomy":"product_cat","embeddable":true,"href":"https:\/\/streetpower-rekond.se\/newsite\/en\/wp-json\/wp\/v2\/product_cat?post=21009"},{"taxonomy":"product_tag","embeddable":true,"href":"https:\/\/streetpower-rekond.se\/newsite\/en\/wp-json\/wp\/v2\/product_tag?post=21009"}],"curies":[{"name":"wp","href":"https:\/\/api.w.org\/{rel}","templated":true}]}}