{"id":20896,"date":"2025-01-01T12:03:44","date_gmt":"2025-01-01T12:03:44","guid":{"rendered":"https:\/\/streetpower-rekond.se\/newsite\/product\/viking-shield-spray-500ml\/"},"modified":"2025-05-02T16:04:25","modified_gmt":"2025-05-02T16:04:25","slug":"viking-shield-spray-500ml","status":"publish","type":"product","link":"https:\/\/streetpower-rekond.se\/newsite\/en\/product\/viking-shield-spray-500ml\/","title":{"rendered":"Viking Shield Spray 500ml"},"content":{"rendered":"<p>Applicera: Viking Shield Spray med att spraya direkt i en mikrofiberduk och f\u00f6rdela p\u00e5 panelen och v\u00e4nd p\u00e5 duken och torka av.<\/p>\n<p>Mycket dryg r\u00e4cker till m\u00e5nga bilar.<\/p>\n<p>Inneh\u00e5ller: konserveringsmedel Phenoxyethanol, 2-Bromo-2-nitropropane-1,3-diol, Benzisothiazolinone, OCTYLISOTHIAZOLINONE<\/p>\n<p>Viking Shield Spray \u00e4r inte m\u00e4rkningspliktig.<\/p>\n<p>UFI:NXR2-001U-A00S-SEHD<\/p>\n<p>S\u00e4kerhetsdatablad finns att rekvirera<\/p>","protected":false},"excerpt":{"rendered":"<p dir=\"auto\" data-pm-slice=\"1 1 []\">Upplev det b\u00e4sta av tv\u00e5 v\u00e4rldar med Viking Shield \u2013 en keramisk spray som ger din yta en fantastisk glans och effektiv avrinning. Slipp oron \u00f6ver skadliga \u00e4mnen, eftersom v\u00e5r produkt \u00e4r helt fri fr\u00e5n PFAS och VOC.<\/p>","protected":false},"featured_media":20918,"comment_status":"open","ping_status":"closed","template":"","meta":[],"etheme_brands":[{"term_id":388,"name":"Viking Premium","slug":"viking-premium","term_group":0,"term_taxonomy_id":388,"taxonomy":"brand","description":"","parent":0,"count":2,"filter":"raw"}],"product_brand":[387],"product_cat":[210],"product_tag":[],"class_list":{"0":"post-20896","1":"product","2":"type-product","3":"status-publish","4":"has-post-thumbnail","6":"brand-viking-premium","7":"product_brand-viking-premium","8":"product_cat-keramiska-lackskydd","10":"first","11":"instock","12":"sale","13":"taxable","14":"shipping-taxable","15":"purchasable","16":"product-type-simple"},"_links":{"self":[{"href":"https:\/\/streetpower-rekond.se\/newsite\/en\/wp-json\/wp\/v2\/product\/20896","targetHints":{"allow":["GET"]}}],"collection":[{"href":"https:\/\/streetpower-rekond.se\/newsite\/en\/wp-json\/wp\/v2\/product"}],"about":[{"href":"https:\/\/streetpower-rekond.se\/newsite\/en\/wp-json\/wp\/v2\/types\/product"}],"replies":[{"embeddable":true,"href":"https:\/\/streetpower-rekond.se\/newsite\/en\/wp-json\/wp\/v2\/comments?post=20896"}],"version-history":[{"count":1,"href":"https:\/\/streetpower-rekond.se\/newsite\/en\/wp-json\/wp\/v2\/product\/20896\/revisions"}],"predecessor-version":[{"id":22966,"href":"https:\/\/streetpower-rekond.se\/newsite\/en\/wp-json\/wp\/v2\/product\/20896\/revisions\/22966"}],"wp:featuredmedia":[{"embeddable":true,"href":"https:\/\/streetpower-rekond.se\/newsite\/en\/wp-json\/wp\/v2\/media\/20918"}],"wp:attachment":[{"href":"https:\/\/streetpower-rekond.se\/newsite\/en\/wp-json\/wp\/v2\/media?parent=20896"}],"wp:term":[{"taxonomy":"brand","embeddable":true,"href":"https:\/\/streetpower-rekond.se\/newsite\/en\/wp-json\/wp\/v2\/etheme_brands?post=20896"},{"taxonomy":"product_brand","embeddable":true,"href":"https:\/\/streetpower-rekond.se\/newsite\/en\/wp-json\/wp\/v2\/product_brand?post=20896"},{"taxonomy":"product_cat","embeddable":true,"href":"https:\/\/streetpower-rekond.se\/newsite\/en\/wp-json\/wp\/v2\/product_cat?post=20896"},{"taxonomy":"product_tag","embeddable":true,"href":"https:\/\/streetpower-rekond.se\/newsite\/en\/wp-json\/wp\/v2\/product_tag?post=20896"}],"curies":[{"name":"wp","href":"https:\/\/api.w.org\/{rel}","templated":true}]}}