{"id":20850,"date":"2025-01-01T12:02:13","date_gmt":"2025-01-01T12:02:13","guid":{"rendered":"https:\/\/streetpower-rekond.se\/newsite\/product\/liquid-elements-insider-textile-and-interior-cleaner-1l\/"},"modified":"2025-01-12T15:42:22","modified_gmt":"2025-01-12T15:42:22","slug":"liquid-elements-insider-textile-and-interior-cleaner-1l","status":"publish","type":"product","link":"https:\/\/streetpower-rekond.se\/newsite\/en\/product\/liquid-elements-insider-textile-and-interior-cleaner-1l\/","title":{"rendered":"Liquid Elements Insider Textile and Interior Cleaner 1L"},"content":{"rendered":"<p>Allround mirakelprodukt<\/p>\n<p>Mycket effektiv reng\u00f6ring<\/p>\n<p>F\u00f6r sittbrunn, instrumentbr\u00e4dor, kl\u00e4dsel, mattor och s\u00e4ten<\/p>\n<p>L\u00e4mplig f\u00f6r Alcantara, l\u00e4der, tyg, plast etc.<\/p>\n<p>Ingen fet glans eller klibbiga rester<\/p>\n<p>Behaglig doft (finns i original Cherrytec)<\/p>\n<\/p>\n<p>Skaka produkten v\u00e4l<\/p>\n<p>Spraya reng\u00f6ringsmedel p\u00e5 ytan som ska behandlas eller p\u00e5 en applikator\/mikrofiberduk<\/p>\n<p>Bred ut med en mikrofiberduk, borste eller svamp<\/p>\n<p>Ta bort rester med en andra ren mikrofiberduk<\/p>\n<p>Upprepa processen f\u00f6r att reng\u00f6ra envis smuts<\/p><\/p>","protected":false},"excerpt":{"rendered":"<p>Insider by Liquid Elements \u00e4r ett h\u00f6gkvalitativt reng\u00f6ringsmedel f\u00f6r instrumentbr\u00e4dor och plastdelar i interi\u00f6ren. Den \u00e4r ocks\u00e5 idealisk f\u00f6r tyger, mattor, inkl\u00e4dnader och andra delar i fordonets interi\u00f6r. Den l\u00e4mnar ingen fet glans, r\u00e4nder eller klibbig yta. Smetar inte p\u00e5 f\u00f6nster.<\/p>","protected":false},"featured_media":20851,"comment_status":"open","ping_status":"closed","template":"","meta":[],"etheme_brands":[],"product_brand":[],"product_cat":[253],"product_tag":[],"class_list":{"0":"post-20850","1":"product","2":"type-product","3":"status-publish","4":"has-post-thumbnail","6":"product_cat-rengoring","8":"first","9":"instock","10":"taxable","11":"shipping-taxable","12":"purchasable","13":"product-type-simple"},"_links":{"self":[{"href":"https:\/\/streetpower-rekond.se\/newsite\/en\/wp-json\/wp\/v2\/product\/20850","targetHints":{"allow":["GET"]}}],"collection":[{"href":"https:\/\/streetpower-rekond.se\/newsite\/en\/wp-json\/wp\/v2\/product"}],"about":[{"href":"https:\/\/streetpower-rekond.se\/newsite\/en\/wp-json\/wp\/v2\/types\/product"}],"replies":[{"embeddable":true,"href":"https:\/\/streetpower-rekond.se\/newsite\/en\/wp-json\/wp\/v2\/comments?post=20850"}],"version-history":[{"count":0,"href":"https:\/\/streetpower-rekond.se\/newsite\/en\/wp-json\/wp\/v2\/product\/20850\/revisions"}],"wp:featuredmedia":[{"embeddable":true,"href":"https:\/\/streetpower-rekond.se\/newsite\/en\/wp-json\/wp\/v2\/media\/20851"}],"wp:attachment":[{"href":"https:\/\/streetpower-rekond.se\/newsite\/en\/wp-json\/wp\/v2\/media?parent=20850"}],"wp:term":[{"taxonomy":"brand","embeddable":true,"href":"https:\/\/streetpower-rekond.se\/newsite\/en\/wp-json\/wp\/v2\/etheme_brands?post=20850"},{"taxonomy":"product_brand","embeddable":true,"href":"https:\/\/streetpower-rekond.se\/newsite\/en\/wp-json\/wp\/v2\/product_brand?post=20850"},{"taxonomy":"product_cat","embeddable":true,"href":"https:\/\/streetpower-rekond.se\/newsite\/en\/wp-json\/wp\/v2\/product_cat?post=20850"},{"taxonomy":"product_tag","embeddable":true,"href":"https:\/\/streetpower-rekond.se\/newsite\/en\/wp-json\/wp\/v2\/product_tag?post=20850"}],"curies":[{"name":"wp","href":"https:\/\/api.w.org\/{rel}","templated":true}]}}