{"id":20835,"date":"2025-01-01T12:01:11","date_gmt":"2025-01-01T12:01:11","guid":{"rendered":"https:\/\/streetpower-rekond.se\/newsite\/product\/nordic-nano-320gsm-40-x40-cm-5-pack\/"},"modified":"2025-01-13T06:40:36","modified_gmt":"2025-01-13T06:40:36","slug":"nordic-nano-320gsm-40-x40-cm-5-pack","status":"publish","type":"product","link":"https:\/\/streetpower-rekond.se\/newsite\/en\/product\/nordic-nano-320gsm-40-x40-cm-5-pack\/","title":{"rendered":"Nordic Nano 320gsm 40 x40 cm 5 Pack"},"content":{"rendered":"<p>Vikt 320 g\/m2<\/p>\n<p>Sammans\u00e4ttning 70 % polyester 30 % polyamid nano-emulsion<\/p>\n<p>M\u00e5tt 40 cm x 40 cm<\/p>\n<p>Tv\u00e4ttr\u00e5d<\/p>\n<p>Tv\u00e4ttmaskin upp till 60\u00b0C utan blekmedel eller sk\u00f6ljmedel.<\/p>","protected":false},"excerpt":{"rendered":"<p>Nordic Nano \u00e4r en f\u00f6rb\u00e4ttrad och f\u00f6rfinad mikrofiberduk har extra stor uppsugningsf\u00f6rm\u00e5ga och \u00e4r l\u00e4mplig f\u00f6r torr och fuktad anv\u00e4ndning och i enlighet med spray- och avtorkningsmetoden.<\/p>\n<p>Duken kan anv\u00e4ndas f\u00f6r alla m\u00f6jliga \u00e4ndam\u00e5l.<\/p>","protected":false},"featured_media":20836,"comment_status":"open","ping_status":"closed","template":"","meta":[],"etheme_brands":[],"product_brand":[],"product_cat":[219],"product_tag":[],"class_list":{"0":"post-20835","1":"product","2":"type-product","3":"status-publish","4":"has-post-thumbnail","6":"product_cat-mikrofiberdukar","8":"first","9":"outofstock","10":"taxable","11":"shipping-taxable","12":"purchasable","13":"product-type-simple"},"_links":{"self":[{"href":"https:\/\/streetpower-rekond.se\/newsite\/en\/wp-json\/wp\/v2\/product\/20835","targetHints":{"allow":["GET"]}}],"collection":[{"href":"https:\/\/streetpower-rekond.se\/newsite\/en\/wp-json\/wp\/v2\/product"}],"about":[{"href":"https:\/\/streetpower-rekond.se\/newsite\/en\/wp-json\/wp\/v2\/types\/product"}],"replies":[{"embeddable":true,"href":"https:\/\/streetpower-rekond.se\/newsite\/en\/wp-json\/wp\/v2\/comments?post=20835"}],"version-history":[{"count":0,"href":"https:\/\/streetpower-rekond.se\/newsite\/en\/wp-json\/wp\/v2\/product\/20835\/revisions"}],"wp:featuredmedia":[{"embeddable":true,"href":"https:\/\/streetpower-rekond.se\/newsite\/en\/wp-json\/wp\/v2\/media\/20836"}],"wp:attachment":[{"href":"https:\/\/streetpower-rekond.se\/newsite\/en\/wp-json\/wp\/v2\/media?parent=20835"}],"wp:term":[{"taxonomy":"brand","embeddable":true,"href":"https:\/\/streetpower-rekond.se\/newsite\/en\/wp-json\/wp\/v2\/etheme_brands?post=20835"},{"taxonomy":"product_brand","embeddable":true,"href":"https:\/\/streetpower-rekond.se\/newsite\/en\/wp-json\/wp\/v2\/product_brand?post=20835"},{"taxonomy":"product_cat","embeddable":true,"href":"https:\/\/streetpower-rekond.se\/newsite\/en\/wp-json\/wp\/v2\/product_cat?post=20835"},{"taxonomy":"product_tag","embeddable":true,"href":"https:\/\/streetpower-rekond.se\/newsite\/en\/wp-json\/wp\/v2\/product_tag?post=20835"}],"curies":[{"name":"wp","href":"https:\/\/api.w.org\/{rel}","templated":true}]}}