{"id":20821,"date":"2025-01-01T12:00:28","date_gmt":"2025-01-01T12:00:28","guid":{"rendered":"https:\/\/streetpower-rekond.se\/newsite\/product\/nordic-soft-40-x-40-violett-300-gsm-5-pack\/"},"modified":"2025-01-13T06:40:36","modified_gmt":"2025-01-13T06:40:36","slug":"nordic-soft-40-x-40-violett-300-gsm-5-pack","status":"publish","type":"product","link":"https:\/\/streetpower-rekond.se\/newsite\/en\/product\/nordic-soft-40-x-40-violett-300-gsm-5-pack\/","title":{"rendered":"Nordic Soft 40 X 40 Violett 300 gsm 5 pack"},"content":{"rendered":"<p>Vikt 300 g\/m2<\/p>\n<p>Sammans\u00e4ttning 70 % polyester 30 % polyamid<\/p>\n<p>M\u00e5tt 40 x 40 cm<\/p>\n<p>Tv\u00e4ttr\u00e5d<\/p>\n<p>Tv\u00e4ttmaskin upp till 60\u00b0C utan blekmedel eller sk\u00f6ljmedel.<\/p>","protected":false},"excerpt":{"rendered":"<p>Perfekt till att torka av keramiska lackskyddr p\u00e5 lack, vindruta, f\u00e4lgar,str\u00e5lkastare.<\/p>","protected":false},"featured_media":20822,"comment_status":"open","ping_status":"closed","template":"","meta":[],"etheme_brands":[],"product_brand":[],"product_cat":[219],"product_tag":[],"class_list":{"0":"post-20821","1":"product","2":"type-product","3":"status-publish","4":"has-post-thumbnail","6":"product_cat-mikrofiberdukar","8":"first","9":"instock","10":"taxable","11":"shipping-taxable","12":"purchasable","13":"product-type-simple"},"_links":{"self":[{"href":"https:\/\/streetpower-rekond.se\/newsite\/en\/wp-json\/wp\/v2\/product\/20821","targetHints":{"allow":["GET"]}}],"collection":[{"href":"https:\/\/streetpower-rekond.se\/newsite\/en\/wp-json\/wp\/v2\/product"}],"about":[{"href":"https:\/\/streetpower-rekond.se\/newsite\/en\/wp-json\/wp\/v2\/types\/product"}],"replies":[{"embeddable":true,"href":"https:\/\/streetpower-rekond.se\/newsite\/en\/wp-json\/wp\/v2\/comments?post=20821"}],"version-history":[{"count":0,"href":"https:\/\/streetpower-rekond.se\/newsite\/en\/wp-json\/wp\/v2\/product\/20821\/revisions"}],"wp:featuredmedia":[{"embeddable":true,"href":"https:\/\/streetpower-rekond.se\/newsite\/en\/wp-json\/wp\/v2\/media\/20822"}],"wp:attachment":[{"href":"https:\/\/streetpower-rekond.se\/newsite\/en\/wp-json\/wp\/v2\/media?parent=20821"}],"wp:term":[{"taxonomy":"brand","embeddable":true,"href":"https:\/\/streetpower-rekond.se\/newsite\/en\/wp-json\/wp\/v2\/etheme_brands?post=20821"},{"taxonomy":"product_brand","embeddable":true,"href":"https:\/\/streetpower-rekond.se\/newsite\/en\/wp-json\/wp\/v2\/product_brand?post=20821"},{"taxonomy":"product_cat","embeddable":true,"href":"https:\/\/streetpower-rekond.se\/newsite\/en\/wp-json\/wp\/v2\/product_cat?post=20821"},{"taxonomy":"product_tag","embeddable":true,"href":"https:\/\/streetpower-rekond.se\/newsite\/en\/wp-json\/wp\/v2\/product_tag?post=20821"}],"curies":[{"name":"wp","href":"https:\/\/api.w.org\/{rel}","templated":true}]}}