{"id":20789,"date":"2025-01-01T11:59:14","date_gmt":"2025-01-01T11:59:14","guid":{"rendered":"https:\/\/streetpower-rekond.se\/newsite\/product\/ultracoat-medium-cut-250ml\/"},"modified":"2025-04-01T09:43:28","modified_gmt":"2025-04-01T09:43:28","slug":"ultracoat-medium-cut-250ml","status":"publish","type":"product","link":"https:\/\/streetpower-rekond.se\/newsite\/en\/product\/ultracoat-medium-cut-250ml\/","title":{"rendered":"Ultracoat Medium Cut 250ml"},"content":{"rendered":"<p>Ultracoat Medium Cut fungerar b\u00e4st i kombination med medelh\u00e5rd polertrissa. Den \u00e4r l\u00e4mplig f\u00f6r alla typer av polermaskiner. I kombination med en Dual Action-maskin l\u00e4mnar den en fantastisk finish utan hologram. Arbetet blir roligare tack vare en subtil, fruktig doft.<\/p>\n<p>Tips:<\/p>\n<p>Skaka f\u00f6re anv\u00e4ndning. Anv\u00e4nd p\u00e5 en ren och sval yta. Applicera 4-5 droppar p\u00e5 polertrissan. Polera med m\u00e5ttligt tryck. Arbeta en yta ca 50 x 50 cm i storlek. Efter polering, ta bort eventuell kvarvarande produkt med Ultracoat Finest Wipe<\/p>","protected":false},"excerpt":{"rendered":"<p>Polermedel med medelh\u00f6g avverkning som g\u00f6r att man f\u00e5r en perfekt ytfinish. Designad i f\u00f6rsta hand f\u00f6r enstegspolering, vilket s\u00e4kerst\u00e4ller b\u00e5de borttagning av defekter samt f\u00e4rgens extraordin\u00e4ra utseende i ett steg. Formeln baserad p\u00e5 vatten och aluminiumoxidslipmedel g\u00f6r att du kan arbeta utan on\u00f6digt damm, vilket avsev\u00e4rt f\u00f6rkortar arbetstiden. Produkten inneh\u00e5ller inga fillers, silikoner eller vaxer. \u00c5terst\u00e4ller slipgrovlek P2000-2500.<\/p>","protected":false},"featured_media":20791,"comment_status":"open","ping_status":"closed","template":"","meta":[],"etheme_brands":[{"term_id":410,"name":"Ultracoat","slug":"ultracoat","term_group":0,"term_taxonomy_id":410,"taxonomy":"brand","description":"","parent":0,"count":79,"filter":"raw"}],"product_brand":[384],"product_cat":[214],"product_tag":[],"class_list":{"0":"post-20789","1":"product","2":"type-product","3":"status-publish","4":"has-post-thumbnail","6":"brand-ultracoat","7":"product_brand-ultracoat","8":"product_cat-polermedel","10":"first","11":"instock","12":"sale","13":"taxable","14":"shipping-taxable","15":"purchasable","16":"product-type-simple"},"_links":{"self":[{"href":"https:\/\/streetpower-rekond.se\/newsite\/en\/wp-json\/wp\/v2\/product\/20789","targetHints":{"allow":["GET"]}}],"collection":[{"href":"https:\/\/streetpower-rekond.se\/newsite\/en\/wp-json\/wp\/v2\/product"}],"about":[{"href":"https:\/\/streetpower-rekond.se\/newsite\/en\/wp-json\/wp\/v2\/types\/product"}],"replies":[{"embeddable":true,"href":"https:\/\/streetpower-rekond.se\/newsite\/en\/wp-json\/wp\/v2\/comments?post=20789"}],"version-history":[{"count":1,"href":"https:\/\/streetpower-rekond.se\/newsite\/en\/wp-json\/wp\/v2\/product\/20789\/revisions"}],"predecessor-version":[{"id":23122,"href":"https:\/\/streetpower-rekond.se\/newsite\/en\/wp-json\/wp\/v2\/product\/20789\/revisions\/23122"}],"wp:featuredmedia":[{"embeddable":true,"href":"https:\/\/streetpower-rekond.se\/newsite\/en\/wp-json\/wp\/v2\/media\/20791"}],"wp:attachment":[{"href":"https:\/\/streetpower-rekond.se\/newsite\/en\/wp-json\/wp\/v2\/media?parent=20789"}],"wp:term":[{"taxonomy":"brand","embeddable":true,"href":"https:\/\/streetpower-rekond.se\/newsite\/en\/wp-json\/wp\/v2\/etheme_brands?post=20789"},{"taxonomy":"product_brand","embeddable":true,"href":"https:\/\/streetpower-rekond.se\/newsite\/en\/wp-json\/wp\/v2\/product_brand?post=20789"},{"taxonomy":"product_cat","embeddable":true,"href":"https:\/\/streetpower-rekond.se\/newsite\/en\/wp-json\/wp\/v2\/product_cat?post=20789"},{"taxonomy":"product_tag","embeddable":true,"href":"https:\/\/streetpower-rekond.se\/newsite\/en\/wp-json\/wp\/v2\/product_tag?post=20789"}],"curies":[{"name":"wp","href":"https:\/\/api.w.org\/{rel}","templated":true}]}}