{"id":20773,"date":"2025-01-01T11:58:54","date_gmt":"2025-01-01T11:58:54","guid":{"rendered":"https:\/\/streetpower-rekond.se\/newsite\/product\/pepper-mint-40x40cm-500gsm\/"},"modified":"2025-02-05T10:55:05","modified_gmt":"2025-02-05T10:55:05","slug":"pepper-mint-40x40cm-500gsm","status":"publish","type":"product","link":"https:\/\/streetpower-rekond.se\/newsite\/en\/product\/pepper-mint-40x40cm-500gsm\/","title":{"rendered":"Pepper Mint 40x40cm 500GSM"},"content":{"rendered":"","protected":false},"excerpt":{"rendered":"<p>M\u00e5tt: 40x40cm<\/p>\n<p>Vikt: 500GSM<\/p>\n<p>Ultraljudsskuren kant<\/p>\n<p>Extremt mjuka och fluffiga fibrer<\/p>\n<p>\u00c4ven l\u00e4mplig f\u00f6r k\u00e4nsliga hush\u00e5llsytor<\/p>\n<p>80% polyester<\/p>\n<p>20% polyamid<\/p>\n<p>Kan tv\u00e4ttas i tv\u00e4ttmaskin upp till 60\u00b0C<\/p>\n<p>(rekommenderas med mikrofibertv\u00e4ttmedel) Skaka ur och h\u00e4ng p\u00e5 tork efter tv\u00e4tt)<\/p>","protected":false},"featured_media":20777,"comment_status":"open","ping_status":"closed","template":"","meta":[],"etheme_brands":[],"product_brand":[],"product_cat":[219],"product_tag":[],"class_list":{"0":"post-20773","1":"product","2":"type-product","3":"status-publish","4":"has-post-thumbnail","6":"product_cat-mikrofiberdukar","8":"first","9":"instock","10":"taxable","11":"shipping-taxable","12":"purchasable","13":"product-type-simple"},"_links":{"self":[{"href":"https:\/\/streetpower-rekond.se\/newsite\/en\/wp-json\/wp\/v2\/product\/20773","targetHints":{"allow":["GET"]}}],"collection":[{"href":"https:\/\/streetpower-rekond.se\/newsite\/en\/wp-json\/wp\/v2\/product"}],"about":[{"href":"https:\/\/streetpower-rekond.se\/newsite\/en\/wp-json\/wp\/v2\/types\/product"}],"replies":[{"embeddable":true,"href":"https:\/\/streetpower-rekond.se\/newsite\/en\/wp-json\/wp\/v2\/comments?post=20773"}],"version-history":[{"count":0,"href":"https:\/\/streetpower-rekond.se\/newsite\/en\/wp-json\/wp\/v2\/product\/20773\/revisions"}],"wp:featuredmedia":[{"embeddable":true,"href":"https:\/\/streetpower-rekond.se\/newsite\/en\/wp-json\/wp\/v2\/media\/20777"}],"wp:attachment":[{"href":"https:\/\/streetpower-rekond.se\/newsite\/en\/wp-json\/wp\/v2\/media?parent=20773"}],"wp:term":[{"taxonomy":"brand","embeddable":true,"href":"https:\/\/streetpower-rekond.se\/newsite\/en\/wp-json\/wp\/v2\/etheme_brands?post=20773"},{"taxonomy":"product_brand","embeddable":true,"href":"https:\/\/streetpower-rekond.se\/newsite\/en\/wp-json\/wp\/v2\/product_brand?post=20773"},{"taxonomy":"product_cat","embeddable":true,"href":"https:\/\/streetpower-rekond.se\/newsite\/en\/wp-json\/wp\/v2\/product_cat?post=20773"},{"taxonomy":"product_tag","embeddable":true,"href":"https:\/\/streetpower-rekond.se\/newsite\/en\/wp-json\/wp\/v2\/product_tag?post=20773"}],"curies":[{"name":"wp","href":"https:\/\/api.w.org\/{rel}","templated":true}]}}