{"id":20772,"date":"2025-01-01T11:58:52","date_gmt":"2025-01-01T11:58:52","guid":{"rendered":"https:\/\/streetpower-rekond.se\/newsite\/product\/ultracoat-heavy-cut-1000ml\/"},"modified":"2025-04-01T09:43:31","modified_gmt":"2025-04-01T09:43:31","slug":"ultracoat-heavy-cut-1000ml","status":"publish","type":"product","link":"https:\/\/streetpower-rekond.se\/newsite\/en\/product\/ultracoat-heavy-cut-1000ml\/","title":{"rendered":"Ultracoat Heavy Cut 1000ml"},"content":{"rendered":"<p>Ultracoat Heavy Cut fungerar b\u00e4st med h\u00e5rda och mediumh\u00e5rda skumtrissor, mikrofiber samt ulltrissor. Den \u00e4r l\u00e4mplig f\u00f6r alla typer av polermaskiner. Arbetet \u00e4r roligare tack vare en subtil k\u00f6rsb\u00e4rsdoft.<\/p>\n<p>Tips:<\/p>\n<p>Skaka f\u00f6re anv\u00e4ndning. Anv\u00e4nd p\u00e5 en ren och sval yta. Applicera 4-5 droppar p\u00e5 polertrissan. Polera med m\u00e5ttligt tryck. Arbeta p\u00e5 en yta ca 50 x 50 cm i storlek. Efter polering, ta bort eventuell kvarvarande polermedel med Ultracoat Finest Wipe.<\/p>","protected":false},"excerpt":{"rendered":"<p>Innovativt polermedel med h\u00f6g avverkning. Perfekt f\u00f6r djupa repor, blekta f\u00e4rger samt att ta bort f\u00e4rgdamm. Den vattenbaserade formuleringen och aluminiumoxidslipmedlet ger fantastiska egenskaper samtidigt som den bibeh\u00e5ller h\u00f6g arbetskomfort. Detta m\u00f6jligg\u00f6r fullst\u00e4ndig anv\u00e4ndning av polermedlet, samtidigt som det inte genererar damm och f\u00f6rkortar arbetstiden. Vattenbasen s\u00e4kerst\u00e4ller enkel och snabb borttagning av polermedelsrester fr\u00e5n ytan. Produkten inneh\u00e5ller inga fillers, silikoner eller vaxer. \u00c5terst\u00e4ller slipgrovlek P1200-1500.<\/p>","protected":false},"featured_media":20774,"comment_status":"open","ping_status":"closed","template":"","meta":[],"etheme_brands":[{"term_id":410,"name":"Ultracoat","slug":"ultracoat","term_group":0,"term_taxonomy_id":410,"taxonomy":"brand","description":"","parent":0,"count":79,"filter":"raw"}],"product_brand":[384],"product_cat":[214],"product_tag":[],"class_list":{"0":"post-20772","1":"product","2":"type-product","3":"status-publish","4":"has-post-thumbnail","6":"brand-ultracoat","7":"product_brand-ultracoat","8":"product_cat-polermedel","10":"first","11":"instock","12":"sale","13":"taxable","14":"shipping-taxable","15":"purchasable","16":"product-type-simple"},"_links":{"self":[{"href":"https:\/\/streetpower-rekond.se\/newsite\/en\/wp-json\/wp\/v2\/product\/20772","targetHints":{"allow":["GET"]}}],"collection":[{"href":"https:\/\/streetpower-rekond.se\/newsite\/en\/wp-json\/wp\/v2\/product"}],"about":[{"href":"https:\/\/streetpower-rekond.se\/newsite\/en\/wp-json\/wp\/v2\/types\/product"}],"replies":[{"embeddable":true,"href":"https:\/\/streetpower-rekond.se\/newsite\/en\/wp-json\/wp\/v2\/comments?post=20772"}],"version-history":[{"count":1,"href":"https:\/\/streetpower-rekond.se\/newsite\/en\/wp-json\/wp\/v2\/product\/20772\/revisions"}],"predecessor-version":[{"id":23094,"href":"https:\/\/streetpower-rekond.se\/newsite\/en\/wp-json\/wp\/v2\/product\/20772\/revisions\/23094"}],"wp:featuredmedia":[{"embeddable":true,"href":"https:\/\/streetpower-rekond.se\/newsite\/en\/wp-json\/wp\/v2\/media\/20774"}],"wp:attachment":[{"href":"https:\/\/streetpower-rekond.se\/newsite\/en\/wp-json\/wp\/v2\/media?parent=20772"}],"wp:term":[{"taxonomy":"brand","embeddable":true,"href":"https:\/\/streetpower-rekond.se\/newsite\/en\/wp-json\/wp\/v2\/etheme_brands?post=20772"},{"taxonomy":"product_brand","embeddable":true,"href":"https:\/\/streetpower-rekond.se\/newsite\/en\/wp-json\/wp\/v2\/product_brand?post=20772"},{"taxonomy":"product_cat","embeddable":true,"href":"https:\/\/streetpower-rekond.se\/newsite\/en\/wp-json\/wp\/v2\/product_cat?post=20772"},{"taxonomy":"product_tag","embeddable":true,"href":"https:\/\/streetpower-rekond.se\/newsite\/en\/wp-json\/wp\/v2\/product_tag?post=20772"}],"curies":[{"name":"wp","href":"https:\/\/api.w.org\/{rel}","templated":true}]}}