{"id":20768,"date":"2025-01-01T11:58:47","date_gmt":"2025-01-01T11:58:47","guid":{"rendered":"https:\/\/streetpower-rekond.se\/newsite\/product\/rotary-polishing-cut-127-x-17mm\/"},"modified":"2025-05-06T08:06:17","modified_gmt":"2025-05-06T08:06:17","slug":"rotary-polishing-cut-127-x-17mm","status":"publish","type":"product","link":"https:\/\/streetpower-rekond.se\/newsite\/en\/product\/rotary-polishing-cut-127-x-17mm\/","title":{"rendered":"ROTARY POLISHING CUT 127 x 17MM"},"content":{"rendered":"","protected":false},"excerpt":{"rendered":"<p>Den gula poleringstrissa har en t\u00e4t och fin cellstruktur och \u00e4r idealisk f\u00f6r att ta bort virvlar, hologram och l\u00e4ttare ytfel i kombination med Monkey Medium Cut Compound eller med Monkey Finishing Compound f\u00f6r l\u00e4tta virvelm\u00e4rken, hologram samt m\u00e4rken orsakat av lera vid lackreng\u00f6ring, trissan l\u00e4mnar en h\u00f6g glansfinish<\/p>","protected":false},"featured_media":20770,"comment_status":"open","ping_status":"closed","template":"","meta":[],"etheme_brands":[{"term_id":399,"name":"Monkey Line","slug":"monkey-line","term_group":0,"term_taxonomy_id":399,"taxonomy":"brand","description":"","parent":0,"count":16,"filter":"raw"}],"product_brand":[374],"product_cat":[207],"product_tag":[],"class_list":{"0":"post-20768","1":"product","2":"type-product","3":"status-publish","4":"has-post-thumbnail","6":"brand-monkey-line","7":"product_brand-monkey-line","8":"product_cat-skumtrissor-135-145-mm","10":"first","11":"instock","12":"taxable","13":"shipping-taxable","14":"purchasable","15":"product-type-simple"},"_links":{"self":[{"href":"https:\/\/streetpower-rekond.se\/newsite\/en\/wp-json\/wp\/v2\/product\/20768","targetHints":{"allow":["GET"]}}],"collection":[{"href":"https:\/\/streetpower-rekond.se\/newsite\/en\/wp-json\/wp\/v2\/product"}],"about":[{"href":"https:\/\/streetpower-rekond.se\/newsite\/en\/wp-json\/wp\/v2\/types\/product"}],"replies":[{"embeddable":true,"href":"https:\/\/streetpower-rekond.se\/newsite\/en\/wp-json\/wp\/v2\/comments?post=20768"}],"version-history":[{"count":1,"href":"https:\/\/streetpower-rekond.se\/newsite\/en\/wp-json\/wp\/v2\/product\/20768\/revisions"}],"predecessor-version":[{"id":23375,"href":"https:\/\/streetpower-rekond.se\/newsite\/en\/wp-json\/wp\/v2\/product\/20768\/revisions\/23375"}],"wp:featuredmedia":[{"embeddable":true,"href":"https:\/\/streetpower-rekond.se\/newsite\/en\/wp-json\/wp\/v2\/media\/20770"}],"wp:attachment":[{"href":"https:\/\/streetpower-rekond.se\/newsite\/en\/wp-json\/wp\/v2\/media?parent=20768"}],"wp:term":[{"taxonomy":"brand","embeddable":true,"href":"https:\/\/streetpower-rekond.se\/newsite\/en\/wp-json\/wp\/v2\/etheme_brands?post=20768"},{"taxonomy":"product_brand","embeddable":true,"href":"https:\/\/streetpower-rekond.se\/newsite\/en\/wp-json\/wp\/v2\/product_brand?post=20768"},{"taxonomy":"product_cat","embeddable":true,"href":"https:\/\/streetpower-rekond.se\/newsite\/en\/wp-json\/wp\/v2\/product_cat?post=20768"},{"taxonomy":"product_tag","embeddable":true,"href":"https:\/\/streetpower-rekond.se\/newsite\/en\/wp-json\/wp\/v2\/product_tag?post=20768"}],"curies":[{"name":"wp","href":"https:\/\/api.w.org\/{rel}","templated":true}]}}