{"id":20765,"date":"2025-01-01T11:58:39","date_gmt":"2025-01-01T11:58:39","guid":{"rendered":"https:\/\/streetpower-rekond.se\/newsite\/product\/rotary-green-finishing-160-x-25mm\/"},"modified":"2025-04-28T18:35:53","modified_gmt":"2025-04-28T18:35:53","slug":"rotary-green-finishing-160-x-25mm","status":"publish","type":"product","link":"https:\/\/streetpower-rekond.se\/newsite\/en\/product\/rotary-green-finishing-160-x-25mm\/","title":{"rendered":"ROTARY GREEN FINISHING 160 x 25MM"},"content":{"rendered":"<p>Sk\u00f6tselr\u00e5d polerrondeller<\/p>\n<p>Reng\u00f6rs genom att bl\u00e5sa rent med tryckluft eller med en borste<\/p>\n<p>Tillverkade i EU<\/p>","protected":false},"excerpt":{"rendered":"<p>Den gr\u00f6na finish trissan \u00e4r det sista steget i den h\u00e4r serien och kommer att f\u00f6rb\u00e4ttra ytan till superh\u00f6g glansfinish och lyster i lacken. Tar bort l\u00e4ttare virvlar och hologram.<\/p>\n<p>Optimerad anv\u00e4ndning med Monkey Finishing<\/p>","protected":false},"featured_media":20767,"comment_status":"open","ping_status":"closed","template":"","meta":[],"etheme_brands":[],"product_brand":[],"product_cat":[234],"product_tag":[],"class_list":{"0":"post-20765","1":"product","2":"type-product","3":"status-publish","4":"has-post-thumbnail","6":"product_cat-skumtrissor-150-170mm","8":"first","9":"instock","10":"taxable","11":"shipping-taxable","12":"purchasable","13":"product-type-simple"},"_links":{"self":[{"href":"https:\/\/streetpower-rekond.se\/newsite\/en\/wp-json\/wp\/v2\/product\/20765","targetHints":{"allow":["GET"]}}],"collection":[{"href":"https:\/\/streetpower-rekond.se\/newsite\/en\/wp-json\/wp\/v2\/product"}],"about":[{"href":"https:\/\/streetpower-rekond.se\/newsite\/en\/wp-json\/wp\/v2\/types\/product"}],"replies":[{"embeddable":true,"href":"https:\/\/streetpower-rekond.se\/newsite\/en\/wp-json\/wp\/v2\/comments?post=20765"}],"version-history":[{"count":0,"href":"https:\/\/streetpower-rekond.se\/newsite\/en\/wp-json\/wp\/v2\/product\/20765\/revisions"}],"wp:featuredmedia":[{"embeddable":true,"href":"https:\/\/streetpower-rekond.se\/newsite\/en\/wp-json\/wp\/v2\/media\/20767"}],"wp:attachment":[{"href":"https:\/\/streetpower-rekond.se\/newsite\/en\/wp-json\/wp\/v2\/media?parent=20765"}],"wp:term":[{"taxonomy":"brand","embeddable":true,"href":"https:\/\/streetpower-rekond.se\/newsite\/en\/wp-json\/wp\/v2\/etheme_brands?post=20765"},{"taxonomy":"product_brand","embeddable":true,"href":"https:\/\/streetpower-rekond.se\/newsite\/en\/wp-json\/wp\/v2\/product_brand?post=20765"},{"taxonomy":"product_cat","embeddable":true,"href":"https:\/\/streetpower-rekond.se\/newsite\/en\/wp-json\/wp\/v2\/product_cat?post=20765"},{"taxonomy":"product_tag","embeddable":true,"href":"https:\/\/streetpower-rekond.se\/newsite\/en\/wp-json\/wp\/v2\/product_tag?post=20765"}],"curies":[{"name":"wp","href":"https:\/\/api.w.org\/{rel}","templated":true}]}}