{"id":20726,"date":"2025-01-01T11:57:30","date_gmt":"2025-01-01T11:57:30","guid":{"rendered":"https:\/\/streetpower-rekond.se\/newsite\/product\/yellow-bahama-250-gsm-microfibre-cloth-2-pack\/"},"modified":"2025-04-22T11:51:04","modified_gmt":"2025-04-22T11:51:04","slug":"yellow-bahama-250-gsm-microfibre-cloth-2-pack","status":"publish","type":"product","link":"https:\/\/streetpower-rekond.se\/newsite\/en\/product\/yellow-bahama-250-gsm-microfibre-cloth-2-pack\/","title":{"rendered":"Yellow Bahama &#8211; 250 GSM Microfibre Cloth 2- pack"},"content":{"rendered":"<p>Anv\u00e4ndningen av mikrofiber med koreanskt ursprung m\u00f6jligg\u00f6r maximal arbetss\u00e4kerhet p\u00e5 \u00f6mt\u00e5liga ytor.<\/p>\n<p>Egenskaper:<\/p>\n<p>M\u00e5tt: 40x40cm<\/p>\n<p>Vikt: 250 gsm<\/p>\n<p>Blandning: 70\/30 polyester \/ polyamid<\/p>\n<p>2-pack<\/p>","protected":false},"excerpt":{"rendered":"<p>Yellow Bahama \u00e4r av h\u00f6gsta kvalitet, kantl\u00f6s mikrofiber med m\u00e5ngsidig anv\u00e4ndning. Det kommer att fungera bra under detaljarbeten som utf\u00f6rs b\u00e5de i och utanf\u00f6r bilen. L\u00e4mplig f\u00f6r reng\u00f6ring av plast, l\u00e4der Den \u00e4r \u00e4ven l\u00e4mplig f\u00f6r reng\u00f6ring av utv\u00e4ndiga ytor, men \u00e4ven f\u00f6r att torka bort lackskydd.<\/p>","protected":false},"featured_media":20728,"comment_status":"open","ping_status":"closed","template":"","meta":[],"etheme_brands":[{"term_id":410,"name":"Ultracoat","slug":"ultracoat","term_group":0,"term_taxonomy_id":410,"taxonomy":"brand","description":"","parent":0,"count":79,"filter":"raw"}],"product_brand":[384],"product_cat":[219],"product_tag":[],"class_list":{"0":"post-20726","1":"product","2":"type-product","3":"status-publish","4":"has-post-thumbnail","6":"brand-ultracoat","7":"product_brand-ultracoat","8":"product_cat-mikrofiberdukar","10":"first","11":"instock","12":"sale","13":"taxable","14":"shipping-taxable","15":"purchasable","16":"product-type-simple"},"_links":{"self":[{"href":"https:\/\/streetpower-rekond.se\/newsite\/en\/wp-json\/wp\/v2\/product\/20726","targetHints":{"allow":["GET"]}}],"collection":[{"href":"https:\/\/streetpower-rekond.se\/newsite\/en\/wp-json\/wp\/v2\/product"}],"about":[{"href":"https:\/\/streetpower-rekond.se\/newsite\/en\/wp-json\/wp\/v2\/types\/product"}],"replies":[{"embeddable":true,"href":"https:\/\/streetpower-rekond.se\/newsite\/en\/wp-json\/wp\/v2\/comments?post=20726"}],"version-history":[{"count":1,"href":"https:\/\/streetpower-rekond.se\/newsite\/en\/wp-json\/wp\/v2\/product\/20726\/revisions"}],"predecessor-version":[{"id":23095,"href":"https:\/\/streetpower-rekond.se\/newsite\/en\/wp-json\/wp\/v2\/product\/20726\/revisions\/23095"}],"wp:featuredmedia":[{"embeddable":true,"href":"https:\/\/streetpower-rekond.se\/newsite\/en\/wp-json\/wp\/v2\/media\/20728"}],"wp:attachment":[{"href":"https:\/\/streetpower-rekond.se\/newsite\/en\/wp-json\/wp\/v2\/media?parent=20726"}],"wp:term":[{"taxonomy":"brand","embeddable":true,"href":"https:\/\/streetpower-rekond.se\/newsite\/en\/wp-json\/wp\/v2\/etheme_brands?post=20726"},{"taxonomy":"product_brand","embeddable":true,"href":"https:\/\/streetpower-rekond.se\/newsite\/en\/wp-json\/wp\/v2\/product_brand?post=20726"},{"taxonomy":"product_cat","embeddable":true,"href":"https:\/\/streetpower-rekond.se\/newsite\/en\/wp-json\/wp\/v2\/product_cat?post=20726"},{"taxonomy":"product_tag","embeddable":true,"href":"https:\/\/streetpower-rekond.se\/newsite\/en\/wp-json\/wp\/v2\/product_tag?post=20726"}],"curies":[{"name":"wp","href":"https:\/\/api.w.org\/{rel}","templated":true}]}}