{"id":20670,"date":"2025-01-01T11:49:32","date_gmt":"2025-01-01T11:49:32","guid":{"rendered":"https:\/\/streetpower-rekond.se\/newsite\/product\/purple-medium-cut-34-20-mm-2st\/"},"modified":"2025-05-06T08:26:21","modified_gmt":"2025-05-06T08:26:21","slug":"purple-medium-cut-34-20-mm-2st","status":"publish","type":"product","link":"https:\/\/streetpower-rekond.se\/newsite\/en\/product\/purple-medium-cut-34-20-mm-2st\/","title":{"rendered":"Purple Medium Cut 34\/20 mm 2st"},"content":{"rendered":"<p><img fetchpriority=\"high\" decoding=\"async\" src=\"https:\/\/streetpower-rekond.se\/newsite\/img\/cms\/XS_Pads_Image.jpg\" alt=\"\" width=\"900\" height=\"274\" title=\"\"><\/p>","protected":false},"excerpt":{"rendered":"<p>\u00d6verl\u00e4gsen, fast skumtrissa med en grov por\u00f6s struktur, idealisk f\u00f6r \u00e5terst\u00e4llning av lackdefekter. Den rivbest\u00e4ndiga, slitstarka \u00a0skumkonstruktionen ger maximal h\u00e5llbarhet.<\/p>","protected":false},"featured_media":20671,"comment_status":"open","ping_status":"closed","template":"","meta":[],"etheme_brands":[{"term_id":403,"name":"Scholl Concept","slug":"scholl-concept","term_group":0,"term_taxonomy_id":403,"taxonomy":"brand","description":"","parent":0,"count":34,"filter":"raw"}],"product_brand":[423],"product_cat":[235],"product_tag":[],"class_list":{"0":"post-20670","1":"product","2":"type-product","3":"status-publish","4":"has-post-thumbnail","6":"brand-scholl-concept","7":"product_brand-scholl-concept","8":"product_cat-skumtrissor-35-50mm","10":"first","11":"instock","12":"taxable","13":"shipping-taxable","14":"purchasable","15":"product-type-simple"},"_links":{"self":[{"href":"https:\/\/streetpower-rekond.se\/newsite\/en\/wp-json\/wp\/v2\/product\/20670","targetHints":{"allow":["GET"]}}],"collection":[{"href":"https:\/\/streetpower-rekond.se\/newsite\/en\/wp-json\/wp\/v2\/product"}],"about":[{"href":"https:\/\/streetpower-rekond.se\/newsite\/en\/wp-json\/wp\/v2\/types\/product"}],"replies":[{"embeddable":true,"href":"https:\/\/streetpower-rekond.se\/newsite\/en\/wp-json\/wp\/v2\/comments?post=20670"}],"version-history":[{"count":1,"href":"https:\/\/streetpower-rekond.se\/newsite\/en\/wp-json\/wp\/v2\/product\/20670\/revisions"}],"predecessor-version":[{"id":23399,"href":"https:\/\/streetpower-rekond.se\/newsite\/en\/wp-json\/wp\/v2\/product\/20670\/revisions\/23399"}],"wp:featuredmedia":[{"embeddable":true,"href":"https:\/\/streetpower-rekond.se\/newsite\/en\/wp-json\/wp\/v2\/media\/20671"}],"wp:attachment":[{"href":"https:\/\/streetpower-rekond.se\/newsite\/en\/wp-json\/wp\/v2\/media?parent=20670"}],"wp:term":[{"taxonomy":"brand","embeddable":true,"href":"https:\/\/streetpower-rekond.se\/newsite\/en\/wp-json\/wp\/v2\/etheme_brands?post=20670"},{"taxonomy":"product_brand","embeddable":true,"href":"https:\/\/streetpower-rekond.se\/newsite\/en\/wp-json\/wp\/v2\/product_brand?post=20670"},{"taxonomy":"product_cat","embeddable":true,"href":"https:\/\/streetpower-rekond.se\/newsite\/en\/wp-json\/wp\/v2\/product_cat?post=20670"},{"taxonomy":"product_tag","embeddable":true,"href":"https:\/\/streetpower-rekond.se\/newsite\/en\/wp-json\/wp\/v2\/product_tag?post=20670"}],"curies":[{"name":"wp","href":"https:\/\/api.w.org\/{rel}","templated":true}]}}