{"id":20652,"date":"2025-01-01T11:34:57","date_gmt":"2025-01-01T11:34:57","guid":{"rendered":"https:\/\/streetpower-rekond.se\/newsite\/product\/ceramic-q-detailer-500ml\/"},"modified":"2025-04-05T11:30:48","modified_gmt":"2025-04-05T11:30:48","slug":"ceramic-q-detailer-500ml","status":"publish","type":"product","link":"https:\/\/streetpower-rekond.se\/newsite\/en\/product\/ceramic-q-detailer-500ml\/","title":{"rendered":"Ultracoat Ceramic Q-Detailer\u00a0500ml"},"content":{"rendered":"<p>Ultracoat Ceramic Q-Detailer ger ytan en fenomenal glans, framh\u00e4ver f\u00e4rgdjupet och ger den en h\u00f6g halhet.<\/p>\n<p>Alla som \u00e4lskar perfekta droppar kommer att vara n\u00f6jda med den starka hydrofobiciteten, som varar i n\u00e5gra veckor efter applicering.<\/p>\n<p>Att arbeta med Ultracoat Ceramic Q-Detailer \u00e4r v\u00e4ldigt enkelt. Produkten l\u00e4mnar inga streaks och appliceringen g\u00e5r snabbt och enkelt. Du kan g\u00f6ra det p\u00e5 b\u00e5de v\u00e5t och torrt lack. Ceramic Q-Detailer st\u00f6djer torkning av alla ytor \u00e4ven f\u00f6nster, och \u00e4r f\u00f6rsta hj\u00e4lpen f\u00f6r att ta bort f\u00e4rska vattenfl\u00e4ckar.<\/p>\n<p>Anv\u00e4ndningsmetod:<\/p>\n<p>\u2022 Tv\u00e4tta bilen noggrant f\u00f6re applicering.<\/p>\n<p>\u2022 Applicera produkten p\u00e5 ytan och mikrofiberduken.<\/p>\n<p>\u2022 Bred ut och polera sedan med den torra sidan av mikrofiberduken.<\/p>\n<p>Tips:<\/p>\n<p>Applicera aldrig i direkt solljus och l\u00e5t inte produkten torka. Anv\u00e4nd en lagom m\u00e4ngd av produkten f\u00f6r att s\u00e4kerst\u00e4lla dess b\u00e4sta egenskaper. Produkten kan l\u00e4ggas i flera lager.<\/p>\n<p>Vi rekommenderar att applicera gener\u00f6st p\u00e5 v\u00e5t f\u00e4rg och torka ordentligt med en mikrofiberhandduk. Arbeta f\u00f6rsiktigt ut produkten med en mikrofiberduk f\u00f6r att ta bort f\u00e4rskvattenfl\u00e4ckar.<\/p>","protected":false},"excerpt":{"rendered":"<p>Ultracoat Ceramic Q-Detailer \u00e4r en produkt med h\u00f6gt SiO2-inneh\u00e5ll f\u00f6r snabb och effektiv sk\u00f6tsel av lacken och andra yttre delar av bilen. Perfekt som egenskydd och som produkt f\u00f6r regelbundet underh\u00e5ll av keramiska behandlingar.<\/p>","protected":false},"featured_media":20653,"comment_status":"open","ping_status":"closed","template":"","meta":[],"etheme_brands":[{"term_id":410,"name":"Ultracoat","slug":"ultracoat","term_group":0,"term_taxonomy_id":410,"taxonomy":"brand","description":"","parent":0,"count":79,"filter":"raw"}],"product_brand":[384],"product_cat":[210],"product_tag":[],"class_list":{"0":"post-20652","1":"product","2":"type-product","3":"status-publish","4":"has-post-thumbnail","6":"brand-ultracoat","7":"product_brand-ultracoat","8":"product_cat-keramiska-lackskydd","10":"first","11":"instock","12":"sale","13":"taxable","14":"shipping-taxable","15":"purchasable","16":"product-type-simple"},"_links":{"self":[{"href":"https:\/\/streetpower-rekond.se\/newsite\/en\/wp-json\/wp\/v2\/product\/20652","targetHints":{"allow":["GET"]}}],"collection":[{"href":"https:\/\/streetpower-rekond.se\/newsite\/en\/wp-json\/wp\/v2\/product"}],"about":[{"href":"https:\/\/streetpower-rekond.se\/newsite\/en\/wp-json\/wp\/v2\/types\/product"}],"replies":[{"embeddable":true,"href":"https:\/\/streetpower-rekond.se\/newsite\/en\/wp-json\/wp\/v2\/comments?post=20652"}],"version-history":[{"count":1,"href":"https:\/\/streetpower-rekond.se\/newsite\/en\/wp-json\/wp\/v2\/product\/20652\/revisions"}],"predecessor-version":[{"id":22973,"href":"https:\/\/streetpower-rekond.se\/newsite\/en\/wp-json\/wp\/v2\/product\/20652\/revisions\/22973"}],"wp:featuredmedia":[{"embeddable":true,"href":"https:\/\/streetpower-rekond.se\/newsite\/en\/wp-json\/wp\/v2\/media\/20653"}],"wp:attachment":[{"href":"https:\/\/streetpower-rekond.se\/newsite\/en\/wp-json\/wp\/v2\/media?parent=20652"}],"wp:term":[{"taxonomy":"brand","embeddable":true,"href":"https:\/\/streetpower-rekond.se\/newsite\/en\/wp-json\/wp\/v2\/etheme_brands?post=20652"},{"taxonomy":"product_brand","embeddable":true,"href":"https:\/\/streetpower-rekond.se\/newsite\/en\/wp-json\/wp\/v2\/product_brand?post=20652"},{"taxonomy":"product_cat","embeddable":true,"href":"https:\/\/streetpower-rekond.se\/newsite\/en\/wp-json\/wp\/v2\/product_cat?post=20652"},{"taxonomy":"product_tag","embeddable":true,"href":"https:\/\/streetpower-rekond.se\/newsite\/en\/wp-json\/wp\/v2\/product_tag?post=20652"}],"curies":[{"name":"wp","href":"https:\/\/api.w.org\/{rel}","templated":true}]}}