{"id":20598,"date":"2025-01-01T11:14:09","date_gmt":"2025-01-01T11:14:09","guid":{"rendered":"https:\/\/streetpower-rekond.se\/newsite\/product\/black-mamba-xxl-100st\/"},"modified":"2025-01-22T15:27:54","modified_gmt":"2025-01-22T15:27:54","slug":"black-mamba-xxl-100st","status":"publish","type":"product","link":"https:\/\/streetpower-rekond.se\/newsite\/en\/product\/black-mamba-xxl-100st\/","title":{"rendered":"Black Mamba XXL 100st"},"content":{"rendered":"<p><img fetchpriority=\"high\" decoding=\"async\" src=\"https:\/\/streetpower-rekond.se\/newsite\/img\/cms\/black-mamba-nitrile-gloves-size-guide_1119x1119_crop_center_4a661c0a-0e95-4673-aee6-22ddef6465a3_900x.jpg\" alt=\"\" width=\"900\" height=\"900\" title=\"\"><\/p>","protected":false},"excerpt":{"rendered":"<p>Black Mamba Nitril Handskar \u00e4r gjorda av en unik patenterad form av nitril som \u00e4r tre g\u00e5nger tjockare \u00e4n vad som anv\u00e4ndes f\u00f6r att g\u00f6ra konkurrerande nitrilhandskar. Som ett resultat \u00e4r Black Mamba nitrilhandskar mer kemiskt resistenta och mer punkteringsresistenta.<\/p>","protected":false},"featured_media":20599,"comment_status":"open","ping_status":"closed","template":"","meta":[],"etheme_brands":[],"product_brand":[],"product_cat":[284],"product_tag":[],"class_list":{"0":"post-20598","1":"product","2":"type-product","3":"status-publish","4":"has-post-thumbnail","6":"product_cat-black-mamba-nitrilhandskar","8":"first","9":"instock","10":"taxable","11":"shipping-taxable","12":"purchasable","13":"product-type-simple"},"_links":{"self":[{"href":"https:\/\/streetpower-rekond.se\/newsite\/en\/wp-json\/wp\/v2\/product\/20598","targetHints":{"allow":["GET"]}}],"collection":[{"href":"https:\/\/streetpower-rekond.se\/newsite\/en\/wp-json\/wp\/v2\/product"}],"about":[{"href":"https:\/\/streetpower-rekond.se\/newsite\/en\/wp-json\/wp\/v2\/types\/product"}],"replies":[{"embeddable":true,"href":"https:\/\/streetpower-rekond.se\/newsite\/en\/wp-json\/wp\/v2\/comments?post=20598"}],"version-history":[{"count":0,"href":"https:\/\/streetpower-rekond.se\/newsite\/en\/wp-json\/wp\/v2\/product\/20598\/revisions"}],"wp:featuredmedia":[{"embeddable":true,"href":"https:\/\/streetpower-rekond.se\/newsite\/en\/wp-json\/wp\/v2\/media\/20599"}],"wp:attachment":[{"href":"https:\/\/streetpower-rekond.se\/newsite\/en\/wp-json\/wp\/v2\/media?parent=20598"}],"wp:term":[{"taxonomy":"brand","embeddable":true,"href":"https:\/\/streetpower-rekond.se\/newsite\/en\/wp-json\/wp\/v2\/etheme_brands?post=20598"},{"taxonomy":"product_brand","embeddable":true,"href":"https:\/\/streetpower-rekond.se\/newsite\/en\/wp-json\/wp\/v2\/product_brand?post=20598"},{"taxonomy":"product_cat","embeddable":true,"href":"https:\/\/streetpower-rekond.se\/newsite\/en\/wp-json\/wp\/v2\/product_cat?post=20598"},{"taxonomy":"product_tag","embeddable":true,"href":"https:\/\/streetpower-rekond.se\/newsite\/en\/wp-json\/wp\/v2\/product_tag?post=20598"}],"curies":[{"name":"wp","href":"https:\/\/api.w.org\/{rel}","templated":true}]}}