{"id":20529,"date":"2025-01-01T09:32:38","date_gmt":"2025-01-01T09:32:38","guid":{"rendered":"https:\/\/streetpower-rekond.se\/newsite\/product\/premium-allrounder-40x40cm\/"},"modified":"2025-01-12T12:44:20","modified_gmt":"2025-01-12T12:44:20","slug":"premium-allrounder-40x40cm","status":"publish","type":"product","link":"https:\/\/streetpower-rekond.se\/newsite\/en\/product\/premium-allrounder-40x40cm\/","title":{"rendered":"Premium Allrounder 40x40cm"},"content":{"rendered":"","protected":false},"excerpt":{"rendered":"<p>Ekonomisk mikrofiber frott\u00e9<br \/>\nMycket fina, t\u00e4ta fibrer<br \/>\nIdealisk f\u00f6r prim\u00e4r reng\u00f6ring<br \/>\nTillverkat i Tyskland<\/p>","protected":false},"featured_media":20530,"comment_status":"open","ping_status":"closed","template":"","meta":[],"etheme_brands":[],"product_brand":[],"product_cat":[219],"product_tag":[],"class_list":{"0":"post-20529","1":"product","2":"type-product","3":"status-publish","4":"has-post-thumbnail","6":"product_cat-mikrofiberdukar","8":"first","9":"instock","10":"taxable","11":"shipping-taxable","12":"purchasable","13":"product-type-simple"},"_links":{"self":[{"href":"https:\/\/streetpower-rekond.se\/newsite\/en\/wp-json\/wp\/v2\/product\/20529","targetHints":{"allow":["GET"]}}],"collection":[{"href":"https:\/\/streetpower-rekond.se\/newsite\/en\/wp-json\/wp\/v2\/product"}],"about":[{"href":"https:\/\/streetpower-rekond.se\/newsite\/en\/wp-json\/wp\/v2\/types\/product"}],"replies":[{"embeddable":true,"href":"https:\/\/streetpower-rekond.se\/newsite\/en\/wp-json\/wp\/v2\/comments?post=20529"}],"version-history":[{"count":0,"href":"https:\/\/streetpower-rekond.se\/newsite\/en\/wp-json\/wp\/v2\/product\/20529\/revisions"}],"wp:featuredmedia":[{"embeddable":true,"href":"https:\/\/streetpower-rekond.se\/newsite\/en\/wp-json\/wp\/v2\/media\/20530"}],"wp:attachment":[{"href":"https:\/\/streetpower-rekond.se\/newsite\/en\/wp-json\/wp\/v2\/media?parent=20529"}],"wp:term":[{"taxonomy":"brand","embeddable":true,"href":"https:\/\/streetpower-rekond.se\/newsite\/en\/wp-json\/wp\/v2\/etheme_brands?post=20529"},{"taxonomy":"product_brand","embeddable":true,"href":"https:\/\/streetpower-rekond.se\/newsite\/en\/wp-json\/wp\/v2\/product_brand?post=20529"},{"taxonomy":"product_cat","embeddable":true,"href":"https:\/\/streetpower-rekond.se\/newsite\/en\/wp-json\/wp\/v2\/product_cat?post=20529"},{"taxonomy":"product_tag","embeddable":true,"href":"https:\/\/streetpower-rekond.se\/newsite\/en\/wp-json\/wp\/v2\/product_tag?post=20529"}],"curies":[{"name":"wp","href":"https:\/\/api.w.org\/{rel}","templated":true}]}}