{"id":20483,"date":"2025-01-01T09:13:08","date_gmt":"2025-01-01T09:13:08","guid":{"rendered":"https:\/\/streetpower-rekond.se\/newsite\/product\/refinish-ultra-500ml\/"},"modified":"2025-04-26T14:37:32","modified_gmt":"2025-04-26T14:37:32","slug":"refinish-ultra-500ml","status":"publish","type":"product","link":"https:\/\/streetpower-rekond.se\/newsite\/en\/product\/refinish-ultra-500ml\/","title":{"rendered":"Refinish Ultra 500ml"},"content":{"rendered":"<p>TACSYSTEMS Refinish Ultra \u00e4r en ny enstegs rubbing\/polish som har extremt h\u00f6g avverkningsf\u00f6rm\u00e5ga samtigt som den l\u00e4mnar v\u00e4ldigt fin yta p\u00e5 alla typer av lacker. Refinish Ultra \u00e4r effektiv p\u00e5 oxidation, djupa repor samt \u00f6vriga defekter. Refinish Ultra kan korrigera \u00e4nda ner mot 600 slip, samtidigt som den levererar glanstal \u00e4nda upp till 12000. Fungerar med alla typer av polermaskiner.<\/p>\n<p>Anv\u00e4ndningsomr\u00e5den<br \/>\n1. Polerar bort djupa repor och slip ner mot 1000, samt l\u00e4mna h\u00f6g glans.<br \/>\n2. Effektiv p\u00e5 vattenfl\u00e4ckar, f\u00e5gelspillning samt \u00f6vriga lackdefekter.<br \/>\n3. Snabb arbetscykel = genererar kortare arbetstid f\u00f6r att uppn\u00e5 \u00f6nskat resultat.<br \/>\n4. Ger en l\u00e5ngvarig djup glans.<br \/>\n5. Fungerar p\u00e5 alla lacktyper.<br \/>\n6. Dammar v\u00e4ldigt lite och \u00e4r extremt l\u00e4tt att avl\u00e4gsna \u00f6verskottsprodukt.<br \/>\n7. Fri fr\u00e5n silikoner samt giftiga l\u00f6sningsmedel<br \/>\n8. Produkten \u00e4r vattenbaserad och bygger p\u00e5 den absolut modernaste tekniken<\/p>\n<p><img decoding=\"async\" src=\"https:\/\/streetpower-rekond.se\/newsite\/img\/cms\/Faro%20Symboler\/silhouete.gif\" alt=\"\" width=\"90\" height=\"90\" title=\"\"><\/p>\n<p><span style=\"color: #d0121a;\"><strong>Faroangivelser<\/strong><\/span><\/p>\n<p>H304 Kan vara d\u00f6dligt vid f\u00f6t\u00e4ring om det kommer ner luftv\u00e4garna<\/p>\n<p><span style=\"color: #d0121a;\"><strong>Skyddsangivelser\u00a0<\/strong><\/span><\/p>\n<p>P102 F\u00f6rvaras o\u00e5tkomligt f\u00f6r barn.<\/p>\n<p>P301+P330+P331+P313 VID F\u00d6RT\u00c4RING: Sk\u00f6lj munnen. Framkalla INTE kr\u00e4kning. S\u00f6k l\u00e4karhj\u00e4lp.<\/p>","protected":false},"excerpt":{"rendered":"<p>TACSYSTEMS Refinish Ultra \u00e4r en ny enstegs rubbing\/polish som har extremt h\u00f6g avverkningsf\u00f6rm\u00e5ga.<\/p>\n<p>Slippapper: P1100<\/p>","protected":false},"featured_media":20484,"comment_status":"open","ping_status":"closed","template":"","meta":[],"etheme_brands":[],"product_brand":[],"product_cat":[214],"product_tag":[],"class_list":{"0":"post-20483","1":"product","2":"type-product","3":"status-publish","4":"has-post-thumbnail","6":"product_cat-polermedel","8":"first","9":"instock","10":"taxable","11":"shipping-taxable","12":"purchasable","13":"product-type-simple"},"_links":{"self":[{"href":"https:\/\/streetpower-rekond.se\/newsite\/en\/wp-json\/wp\/v2\/product\/20483","targetHints":{"allow":["GET"]}}],"collection":[{"href":"https:\/\/streetpower-rekond.se\/newsite\/en\/wp-json\/wp\/v2\/product"}],"about":[{"href":"https:\/\/streetpower-rekond.se\/newsite\/en\/wp-json\/wp\/v2\/types\/product"}],"replies":[{"embeddable":true,"href":"https:\/\/streetpower-rekond.se\/newsite\/en\/wp-json\/wp\/v2\/comments?post=20483"}],"version-history":[{"count":0,"href":"https:\/\/streetpower-rekond.se\/newsite\/en\/wp-json\/wp\/v2\/product\/20483\/revisions"}],"wp:featuredmedia":[{"embeddable":true,"href":"https:\/\/streetpower-rekond.se\/newsite\/en\/wp-json\/wp\/v2\/media\/20484"}],"wp:attachment":[{"href":"https:\/\/streetpower-rekond.se\/newsite\/en\/wp-json\/wp\/v2\/media?parent=20483"}],"wp:term":[{"taxonomy":"brand","embeddable":true,"href":"https:\/\/streetpower-rekond.se\/newsite\/en\/wp-json\/wp\/v2\/etheme_brands?post=20483"},{"taxonomy":"product_brand","embeddable":true,"href":"https:\/\/streetpower-rekond.se\/newsite\/en\/wp-json\/wp\/v2\/product_brand?post=20483"},{"taxonomy":"product_cat","embeddable":true,"href":"https:\/\/streetpower-rekond.se\/newsite\/en\/wp-json\/wp\/v2\/product_cat?post=20483"},{"taxonomy":"product_tag","embeddable":true,"href":"https:\/\/streetpower-rekond.se\/newsite\/en\/wp-json\/wp\/v2\/product_tag?post=20483"}],"curies":[{"name":"wp","href":"https:\/\/api.w.org\/{rel}","templated":true}]}}