{"id":20455,"date":"2025-01-01T08:12:45","date_gmt":"2025-01-01T08:12:45","guid":{"rendered":"https:\/\/streetpower-rekond.se\/newsite\/product\/koch-chemie-pol-star-1-liter\/"},"modified":"2025-01-11T16:01:49","modified_gmt":"2025-01-11T16:01:49","slug":"koch-chemie-pol-star-1-liter","status":"publish","type":"product","link":"https:\/\/streetpower-rekond.se\/newsite\/en\/product\/koch-chemie-pol-star-1-liter\/","title":{"rendered":"Koch-Chemie Pol Star 1-liter"},"content":{"rendered":"<p>Rekommendationer f\u00f6r anv\u00e4ndning:<\/p>\n<p>Beroende p\u00e5 hur mycket smuts det \u00e4r, applicera en l\u00f6sning 1:5-1:20 med en sprayflaska, mikrofiberhandske eller liknande och l\u00e5t den verka en kort stund.<\/p>\n<p>Arbeta in f\u00f6rsiktigt med en svamp eller mikrofiberduk i riktning mot huvudfibrerna. Torka upp produktrester och skum med en fuktig trasa eller med en v\u00e5t\/torkdammsugare.<\/p>\n<p>F\u00f6r anv\u00e4ndning i sprayextraktion och andra reng\u00f6ringsmedel f\u00f6r mattor\/kl\u00e4dsel rekommenderar vi tillsats av Kocentsch\u00e4umer skumd\u00e4mpningsmedel.<\/p>\n<p><img decoding=\"async\" src=\"https:\/\/streetpower-rekond.se\/newsite\/img\/cms\/Faro%20Symboler\/exclam.gif\" alt=\"\" width=\"90\" height=\"90\" title=\"\"><\/p>\n<p>Faroangivelser<\/p>\n<p>H319 Orsakar allvarlig \u00f6gonirritation.<\/p>\n<p>Skyddsangivelser<\/p>\n<p>P101 Ha f\u00f6rpackningen eller etiketten till hands om du m\u00e5ste s\u00f6ka l\u00e4karv\u00e5rd<\/p>\n<p>P102 F\u00f6rvaras o\u00e5tkomligt f\u00f6r barn.<\/p>\n<p>P280 Anv\u00e4nd \u00f6gonskydd.<\/p>\n<p>P305+P351+P338 VID KONTAKT MED \u00d6GONEN: Sk\u00f6lj f\u00f6rsiktigt med vatten i flera minuter. Ta ur eventuella kontaktlinser om det g\u00e5r l\u00e4tt. Forts\u00e4tt att sk\u00f6lja.<\/p>\n<p>P310 Kontakta genast GIFTINFORMATIONSCENTRALEN\/l\u00e4kare<\/p>","protected":false},"excerpt":{"rendered":"<p>Den effektiva, neutrala reng\u00f6raren med en skyddsformel f\u00f6r l\u00e4der, alcantara och textilier som kl\u00e4dsel och mattor. Smutsen avl\u00e4gsnas fr\u00e5n fiberdjupet med hj\u00e4lp av finporerade skumlameller och kan torkas upp med en v\u00e5t-\/torkdammsugare eller en fuktig trasa. L\u00e4mnar inga vattenm\u00e4rken och bevarar originalimpregneringen. Reng\u00f6rningsmedlet skyddar mot snabb \u00e5terfl\u00e4ckning.<\/p>","protected":false},"featured_media":20456,"comment_status":"open","ping_status":"closed","template":"","meta":[],"etheme_brands":[],"product_brand":[],"product_cat":[253],"product_tag":[],"class_list":{"0":"post-20455","1":"product","2":"type-product","3":"status-publish","4":"has-post-thumbnail","6":"product_cat-rengoring","8":"first","9":"instock","10":"taxable","11":"shipping-taxable","12":"purchasable","13":"product-type-simple"},"_links":{"self":[{"href":"https:\/\/streetpower-rekond.se\/newsite\/en\/wp-json\/wp\/v2\/product\/20455","targetHints":{"allow":["GET"]}}],"collection":[{"href":"https:\/\/streetpower-rekond.se\/newsite\/en\/wp-json\/wp\/v2\/product"}],"about":[{"href":"https:\/\/streetpower-rekond.se\/newsite\/en\/wp-json\/wp\/v2\/types\/product"}],"replies":[{"embeddable":true,"href":"https:\/\/streetpower-rekond.se\/newsite\/en\/wp-json\/wp\/v2\/comments?post=20455"}],"version-history":[{"count":0,"href":"https:\/\/streetpower-rekond.se\/newsite\/en\/wp-json\/wp\/v2\/product\/20455\/revisions"}],"wp:featuredmedia":[{"embeddable":true,"href":"https:\/\/streetpower-rekond.se\/newsite\/en\/wp-json\/wp\/v2\/media\/20456"}],"wp:attachment":[{"href":"https:\/\/streetpower-rekond.se\/newsite\/en\/wp-json\/wp\/v2\/media?parent=20455"}],"wp:term":[{"taxonomy":"brand","embeddable":true,"href":"https:\/\/streetpower-rekond.se\/newsite\/en\/wp-json\/wp\/v2\/etheme_brands?post=20455"},{"taxonomy":"product_brand","embeddable":true,"href":"https:\/\/streetpower-rekond.se\/newsite\/en\/wp-json\/wp\/v2\/product_brand?post=20455"},{"taxonomy":"product_cat","embeddable":true,"href":"https:\/\/streetpower-rekond.se\/newsite\/en\/wp-json\/wp\/v2\/product_cat?post=20455"},{"taxonomy":"product_tag","embeddable":true,"href":"https:\/\/streetpower-rekond.se\/newsite\/en\/wp-json\/wp\/v2\/product_tag?post=20455"}],"curies":[{"name":"wp","href":"https:\/\/api.w.org\/{rel}","templated":true}]}}