{"id":20443,"date":"2025-01-01T08:04:53","date_gmt":"2025-01-01T08:04:53","guid":{"rendered":"https:\/\/streetpower-rekond.se\/newsite\/product\/3-x-maskeringstejp-30-mm-x-50m\/"},"modified":"2025-04-22T10:29:16","modified_gmt":"2025-04-22T10:29:16","slug":"3-x-maskeringstejp-30-mm-x-50m","status":"publish","type":"product","link":"https:\/\/streetpower-rekond.se\/newsite\/en\/product\/3-x-maskeringstejp-30-mm-x-50m\/","title":{"rendered":"3 x Masking tape 30 mm x 50m"},"content":{"rendered":"<p>Egenskaper:<\/p>\n<p>M\u00e5tt: 30 mm x 50 m<\/p>\n<p>Temperaturbest\u00e4ndig upp till max 60 \u00b0 C<\/p>\n<p>Dragh\u00e5llfasthet:&gt; 60N \/ 25mm<\/p>\n<p>Total tjocklek: 145 \u00b5 +\/- 5 \u00b5<\/p>\n<p>G\u00e4ller p\u00e5 alla ytor<\/p>\n<p>vattent\u00e4t och l\u00f6sningsmedelsbest\u00e4ndig<\/p>\n<p>Resterfri borttagning<\/p>","protected":false},"excerpt":{"rendered":"<p>Maskeringstejp av h\u00f6g kvalitet.<\/p>","protected":false},"featured_media":20444,"comment_status":"open","ping_status":"closed","template":"","meta":[],"etheme_brands":[],"product_brand":[],"product_cat":[216],"product_tag":[],"class_list":{"0":"post-20443","1":"product","2":"type-product","3":"status-publish","4":"has-post-thumbnail","6":"product_cat-maskeringstejp","8":"first","9":"instock","10":"taxable","11":"shipping-taxable","12":"purchasable","13":"product-type-simple"},"_links":{"self":[{"href":"https:\/\/streetpower-rekond.se\/newsite\/en\/wp-json\/wp\/v2\/product\/20443","targetHints":{"allow":["GET"]}}],"collection":[{"href":"https:\/\/streetpower-rekond.se\/newsite\/en\/wp-json\/wp\/v2\/product"}],"about":[{"href":"https:\/\/streetpower-rekond.se\/newsite\/en\/wp-json\/wp\/v2\/types\/product"}],"replies":[{"embeddable":true,"href":"https:\/\/streetpower-rekond.se\/newsite\/en\/wp-json\/wp\/v2\/comments?post=20443"}],"version-history":[{"count":0,"href":"https:\/\/streetpower-rekond.se\/newsite\/en\/wp-json\/wp\/v2\/product\/20443\/revisions"}],"wp:featuredmedia":[{"embeddable":true,"href":"https:\/\/streetpower-rekond.se\/newsite\/en\/wp-json\/wp\/v2\/media\/20444"}],"wp:attachment":[{"href":"https:\/\/streetpower-rekond.se\/newsite\/en\/wp-json\/wp\/v2\/media?parent=20443"}],"wp:term":[{"taxonomy":"brand","embeddable":true,"href":"https:\/\/streetpower-rekond.se\/newsite\/en\/wp-json\/wp\/v2\/etheme_brands?post=20443"},{"taxonomy":"product_brand","embeddable":true,"href":"https:\/\/streetpower-rekond.se\/newsite\/en\/wp-json\/wp\/v2\/product_brand?post=20443"},{"taxonomy":"product_cat","embeddable":true,"href":"https:\/\/streetpower-rekond.se\/newsite\/en\/wp-json\/wp\/v2\/product_cat?post=20443"},{"taxonomy":"product_tag","embeddable":true,"href":"https:\/\/streetpower-rekond.se\/newsite\/en\/wp-json\/wp\/v2\/product_tag?post=20443"}],"curies":[{"name":"wp","href":"https:\/\/api.w.org\/{rel}","templated":true}]}}