{"id":20436,"date":"2025-01-01T08:04:25","date_gmt":"2025-01-01T08:04:25","guid":{"rendered":"https:\/\/streetpower-rekond.se\/newsite\/product\/shield-wax-hybrid-ceramic-wax-sealing-100ml\/"},"modified":"2025-03-31T20:39:05","modified_gmt":"2025-03-31T20:39:05","slug":"shield-wax-hybrid-ceramic-wax-sealing-100ml","status":"publish","type":"product","link":"https:\/\/streetpower-rekond.se\/newsite\/en\/product\/shield-wax-hybrid-ceramic-wax-sealing-100ml\/","title":{"rendered":"SHIELD WAX &#8211; HYBRID CERAMIC WAX SEALING 100ML"},"content":{"rendered":"<p><strong>Egenskaper f\u00f6r Liquid Elements Shield Wax:<\/strong><\/p>\n<p>Keramiska komponenter<\/p>\n<p>Hybridvax<\/p>\n<p>Enkel applicering<\/p>\n<p>L\u00e5gt pris, trots h\u00f6gkvalitativa ingredienser<\/p>\n<p>Perfekt lackj\u00e4mnhet<\/p>\n<p>Fyller l\u00e4tt repor och defekter<\/p>\n<p>Framh\u00e4ver f\u00e4rgens naturliga f\u00e4rgton<\/p>\n<p>L\u00e4mnar een h\u00e4rlig glans<\/p>\n<\/p>\n<p><strong>Applicering av Liquid Elements Shield Wax:<\/strong><\/p>\n<p>Skaka flaskan<\/p>\n<p>Applicera Shield Wax p\u00e5 en applikator\u00a0<\/p>\n<p>Applicera Shield Wax v\u00e4ldigt tunt<\/p>\n<p>V\u00e4nta cirka 15 minuter och l\u00e5t produkten tr\u00e4nga in<\/p>\n<p>Torka av rester med en mikrofiberduk\u00a0<\/p>\n<\/p>\n<p><span style=\"color:#f40c0c\"><strong>Viktigt: Efter applicering b\u00f6r produkten inte uts\u00e4ttas f\u00f6r regn eller annat vatten under minst 3 timmar f\u00f6r att helt binda till ytan.<\/strong><\/span><\/p>\n<\/p>\n<p><strong>Appliceringstips f\u00f6r Shield Wax:<\/strong><\/p>\n<p>15-20ml r\u00e4cker f\u00f6r ett komplett fordon av kompaktklassen<\/p>\n<p>Applicera inte p\u00e5 heta ytor<\/p>\n<p>\u00d6verskrid inte exponeringstiden\u00a0<\/p>\n<p>Undvik \u00f6verdosering, ett tunt lager \u00e4r helt tillr\u00e4ckligt<\/p>\n<p><img decoding=\"async\" src=\"https:\/\/streetpower-rekond.se\/newsite\/img\/cms\/Faro%20Symboler\/exclam.gif\" alt=\"\" width=\"90\" height=\"90\" title=\"\"><img decoding=\"async\" src=\"https:\/\/streetpower-rekond.se\/newsite\/img\/cms\/Faro%20Symboler\/acid_red.gif\" alt=\"\" width=\"90\" height=\"90\" title=\"\"><\/p>\n<p><span style=\"color:#d0121a\"><strong>Signalord Fara<\/strong><\/span><\/p>\n<p>Riskbest\u00e4mmande komponenter f\u00f6r etikettering:<\/p>\n<p>Siloxane und Silikone, {3-[(2-Amino-ethyl)amino]propyl}methyl-, Dimethyl- Oxirane, 2-methyl-, polymer with oxirane, mono(2-propylheptyl) ether<\/p>\n<p><span style=\"color:#d0121a\"><strong>Faroangivelser<\/strong><\/span><\/p>\n<p>H315 Irriterar huden.<\/p>\n<p>H318 Orsakar allvarliga \u00f6gonskador.<\/p>\n<p><span style=\"color:#d0121a\"><strong>Skyddsangivelser<\/strong><\/span><\/p>\n<p>P102 F\u00f6rvaras o\u00e5tkomligt f\u00f6r barn.<\/p>\n<p>P264 Tv\u00e4tta h\u00e4nder grundligt efter anv\u00e4ndning.<\/p>\n<p>P273 Undvik utsl\u00e4pp till milj\u00f6n.<\/p>\n<p>P280 Anv\u00e4nd \u00f6gonskydd \/ ansiktsskydd.<\/p>\n<p>P305+P351+P338 VID KONTAKT MED \u00d6GONEN: Sk\u00f6lj f\u00f6rsiktigt med vatten i flera minuter. Ta ur<\/p>\n<p>eventuella kontaktlinser om det g\u00e5r l\u00e4tt. Forts\u00e4tt att sk\u00f6lja.\u00a0<\/p>\n<p>P332+P313 Vid hudirritation: S\u00f6k l\u00e4karhj\u00e4lp.<\/p>\n<p>Ytterligare uppgifter:<\/p>\n<p>Inneh\u00e5ller 1,2-benzisotiazol-3(2H)-on, 5-klor-2-metyl-2H-isotiazol-3-one [EG-nr 247-500-7] and 2-metyl- 2H-isotiazol-3-one [EG-nr 220-239-6] (3:1). Kan orsaka en allergisk reaktion.<\/p>","protected":false},"excerpt":{"rendered":"<p>Shield Wax fr\u00e5n Liquid Elements \u00e4r ett hybridvax baserat p\u00e5 den senaste Shield-keramiska teknologin. Finaste Carnauba-vaxet, kombinerat med h\u00f6gkvalitativa keramiska partiklar, bildar en optimalt harmoniserande kombinationsprodukt fr\u00e5n b\u00e5da produktomr\u00e5dena. Enkel applicering, h\u00f6gt keramiskt inneh\u00e5ll, h\u00f6gkvalitativ lackskydd. Perfekt skydd f\u00f6r ditt fordon. Allt detta kan uppn\u00e5s med Liquid Elements Shield Wax till ett oslagbart pris.<\/p><\/p>","protected":false},"featured_media":20437,"comment_status":"open","ping_status":"closed","template":"","meta":[],"etheme_brands":[],"product_brand":[],"product_cat":[208],"product_tag":[],"class_list":{"0":"post-20436","1":"product","2":"type-product","3":"status-publish","4":"has-post-thumbnail","6":"product_cat-lackskydd-vax","8":"first","9":"instock","10":"taxable","11":"shipping-taxable","12":"purchasable","13":"product-type-simple"},"_links":{"self":[{"href":"https:\/\/streetpower-rekond.se\/newsite\/en\/wp-json\/wp\/v2\/product\/20436","targetHints":{"allow":["GET"]}}],"collection":[{"href":"https:\/\/streetpower-rekond.se\/newsite\/en\/wp-json\/wp\/v2\/product"}],"about":[{"href":"https:\/\/streetpower-rekond.se\/newsite\/en\/wp-json\/wp\/v2\/types\/product"}],"replies":[{"embeddable":true,"href":"https:\/\/streetpower-rekond.se\/newsite\/en\/wp-json\/wp\/v2\/comments?post=20436"}],"version-history":[{"count":0,"href":"https:\/\/streetpower-rekond.se\/newsite\/en\/wp-json\/wp\/v2\/product\/20436\/revisions"}],"wp:featuredmedia":[{"embeddable":true,"href":"https:\/\/streetpower-rekond.se\/newsite\/en\/wp-json\/wp\/v2\/media\/20437"}],"wp:attachment":[{"href":"https:\/\/streetpower-rekond.se\/newsite\/en\/wp-json\/wp\/v2\/media?parent=20436"}],"wp:term":[{"taxonomy":"brand","embeddable":true,"href":"https:\/\/streetpower-rekond.se\/newsite\/en\/wp-json\/wp\/v2\/etheme_brands?post=20436"},{"taxonomy":"product_brand","embeddable":true,"href":"https:\/\/streetpower-rekond.se\/newsite\/en\/wp-json\/wp\/v2\/product_brand?post=20436"},{"taxonomy":"product_cat","embeddable":true,"href":"https:\/\/streetpower-rekond.se\/newsite\/en\/wp-json\/wp\/v2\/product_cat?post=20436"},{"taxonomy":"product_tag","embeddable":true,"href":"https:\/\/streetpower-rekond.se\/newsite\/en\/wp-json\/wp\/v2\/product_tag?post=20436"}],"curies":[{"name":"wp","href":"https:\/\/api.w.org\/{rel}","templated":true}]}}