{"id":20425,"date":"2025-01-01T08:03:48","date_gmt":"2025-01-01T08:03:48","guid":{"rendered":"https:\/\/streetpower-rekond.se\/newsite\/product\/purple-wool-long-pile-80mm-x-22mm\/"},"modified":"2025-04-23T12:09:06","modified_gmt":"2025-04-23T12:09:06","slug":"purple-wool-long-pile-80mm-x-22mm","status":"publish","type":"product","link":"https:\/\/streetpower-rekond.se\/newsite\/en\/product\/purple-wool-long-pile-80mm-x-22mm\/","title":{"rendered":"PURPLE WOOL Long Pile 80mm x 22mm"},"content":{"rendered":"<p>Ytterdiameter: 80 mm<\/p>\n<p>22 mm wool pile<\/p>\n<p>F\u00f6r anv\u00e4ndning med oscillerande polermaskiner (DA) eller roterande maskin<\/p>\n<p>Sk\u00f6tselr\u00e5d polerrondeller:<\/p>\n<p>Reng\u00f6rs smidigt genom att bl\u00e5sa rent med tryckluft eller med en borste<\/p>","protected":false},"excerpt":{"rendered":"<p>\u00d6kad avverkning tack vare den l\u00e5ga arbetstemperaturen.<\/p>\n<p>L\u00e5ng h\u00e5llbarhet inneb\u00e4r att du f\u00e5r maximal nytta av varje pad.<\/p>\n<p>Kombinationen av \u00f6kad effektivitet, l\u00e5ng livsl\u00e4ngd och premiummaterial g\u00f6r Viking Pads till ett klokt investering f\u00f6r din verksamhet.<\/p>","protected":false},"featured_media":20426,"comment_status":"open","ping_status":"closed","template":"","meta":[],"etheme_brands":[{"term_id":389,"name":"VIKING PADS","slug":"viking-pads","term_group":0,"term_taxonomy_id":389,"taxonomy":"brand","description":"","parent":0,"count":30,"filter":"raw"}],"product_brand":[386],"product_cat":[223],"product_tag":[],"class_list":{"0":"post-20425","1":"product","2":"type-product","3":"status-publish","4":"has-post-thumbnail","6":"brand-viking-pads","7":"product_brand-viking-pads","8":"product_cat-ulltrissor-85-165-mm","10":"first","11":"instock","12":"taxable","13":"shipping-taxable","14":"purchasable","15":"product-type-simple"},"_links":{"self":[{"href":"https:\/\/streetpower-rekond.se\/newsite\/en\/wp-json\/wp\/v2\/product\/20425","targetHints":{"allow":["GET"]}}],"collection":[{"href":"https:\/\/streetpower-rekond.se\/newsite\/en\/wp-json\/wp\/v2\/product"}],"about":[{"href":"https:\/\/streetpower-rekond.se\/newsite\/en\/wp-json\/wp\/v2\/types\/product"}],"replies":[{"embeddable":true,"href":"https:\/\/streetpower-rekond.se\/newsite\/en\/wp-json\/wp\/v2\/comments?post=20425"}],"version-history":[{"count":1,"href":"https:\/\/streetpower-rekond.se\/newsite\/en\/wp-json\/wp\/v2\/product\/20425\/revisions"}],"predecessor-version":[{"id":23280,"href":"https:\/\/streetpower-rekond.se\/newsite\/en\/wp-json\/wp\/v2\/product\/20425\/revisions\/23280"}],"wp:featuredmedia":[{"embeddable":true,"href":"https:\/\/streetpower-rekond.se\/newsite\/en\/wp-json\/wp\/v2\/media\/20426"}],"wp:attachment":[{"href":"https:\/\/streetpower-rekond.se\/newsite\/en\/wp-json\/wp\/v2\/media?parent=20425"}],"wp:term":[{"taxonomy":"brand","embeddable":true,"href":"https:\/\/streetpower-rekond.se\/newsite\/en\/wp-json\/wp\/v2\/etheme_brands?post=20425"},{"taxonomy":"product_brand","embeddable":true,"href":"https:\/\/streetpower-rekond.se\/newsite\/en\/wp-json\/wp\/v2\/product_brand?post=20425"},{"taxonomy":"product_cat","embeddable":true,"href":"https:\/\/streetpower-rekond.se\/newsite\/en\/wp-json\/wp\/v2\/product_cat?post=20425"},{"taxonomy":"product_tag","embeddable":true,"href":"https:\/\/streetpower-rekond.se\/newsite\/en\/wp-json\/wp\/v2\/product_tag?post=20425"}],"curies":[{"name":"wp","href":"https:\/\/api.w.org\/{rel}","templated":true}]}}