{"id":20411,"date":"2025-01-01T07:47:07","date_gmt":"2025-01-01T07:47:07","guid":{"rendered":"https:\/\/streetpower-rekond.se\/newsite\/product\/black-hole-supersize-120x80-cm\/"},"modified":"2025-04-29T07:44:45","modified_gmt":"2025-04-29T07:44:45","slug":"black-hole-supersize-120x80-cm","status":"publish","type":"product","link":"https:\/\/streetpower-rekond.se\/newsite\/en\/product\/black-hole-supersize-120x80-cm\/","title":{"rendered":"Black Hole Supersize 120&#215;80 cm"},"content":{"rendered":"<p>Twisted Pile (koreansk fiber)<\/p>\n<p>Vikt: 1300 GSM<\/p>\n<p>M\u00e5tt: 80x120cm<\/p>\n<p>Gr\u00e4nsl\u00f6s<\/p>\n<p>H\u00f6g vattenabsorption<\/p>\n<p>Absolut luddfri<\/p>\n<p>H\u00f6g kvalitet<\/p>\n<p>Tv\u00e4ttbar upp till 60\u00b0C i tv\u00e4ttmaskin (g\u00e4rna med mikrofibertv\u00e4ttmedel)<\/p>\n<p>Skaka ur handduken efter tv\u00e4tt och h\u00e4ng upp den f\u00f6r att torka (en torktumlare kan ocks\u00e5 anv\u00e4ndas i den skonsamma cykeln f\u00f6r mikrofiberhanddukar)<\/p>\n<p>Materialsammans\u00e4ttning:<\/p>\n<p>80% polyester<\/p>\n<p>20% polyamid<\/p>","protected":false},"excerpt":{"rendered":"<p>Den b\u00e4sta bland alla torkhanddukar<\/p>\n<p>Liquid Elements Black Hole XL Premium Drying Towel \u00a0Med en storlek p\u00e5 120 x 80 cm och en vikt p\u00e5 1300 GSM kan den enkelt torka upp till 8 fordon (kompaktklass) med bara en handduk utan att beh\u00f6va vrida ur den.<\/p>\n<p>Black Hole \u00e4r en gr\u00e4nsl\u00f6s premiumtorkhandduk av den senaste generationen. De s\u00e5 kallade Twisted Pile-fibrerna absorberar enorma m\u00e4ngder vatten och torkar snabbt och skonsamt varje fordonsyta.<\/p>","protected":false},"featured_media":20412,"comment_status":"open","ping_status":"closed","template":"","meta":[],"etheme_brands":[],"product_brand":[],"product_cat":[219],"product_tag":[],"class_list":{"0":"post-20411","1":"product","2":"type-product","3":"status-publish","4":"has-post-thumbnail","6":"product_cat-mikrofiberdukar","8":"first","9":"outofstock","10":"taxable","11":"shipping-taxable","12":"purchasable","13":"product-type-simple"},"_links":{"self":[{"href":"https:\/\/streetpower-rekond.se\/newsite\/en\/wp-json\/wp\/v2\/product\/20411","targetHints":{"allow":["GET"]}}],"collection":[{"href":"https:\/\/streetpower-rekond.se\/newsite\/en\/wp-json\/wp\/v2\/product"}],"about":[{"href":"https:\/\/streetpower-rekond.se\/newsite\/en\/wp-json\/wp\/v2\/types\/product"}],"replies":[{"embeddable":true,"href":"https:\/\/streetpower-rekond.se\/newsite\/en\/wp-json\/wp\/v2\/comments?post=20411"}],"version-history":[{"count":1,"href":"https:\/\/streetpower-rekond.se\/newsite\/en\/wp-json\/wp\/v2\/product\/20411\/revisions"}],"predecessor-version":[{"id":23316,"href":"https:\/\/streetpower-rekond.se\/newsite\/en\/wp-json\/wp\/v2\/product\/20411\/revisions\/23316"}],"wp:featuredmedia":[{"embeddable":true,"href":"https:\/\/streetpower-rekond.se\/newsite\/en\/wp-json\/wp\/v2\/media\/20412"}],"wp:attachment":[{"href":"https:\/\/streetpower-rekond.se\/newsite\/en\/wp-json\/wp\/v2\/media?parent=20411"}],"wp:term":[{"taxonomy":"brand","embeddable":true,"href":"https:\/\/streetpower-rekond.se\/newsite\/en\/wp-json\/wp\/v2\/etheme_brands?post=20411"},{"taxonomy":"product_brand","embeddable":true,"href":"https:\/\/streetpower-rekond.se\/newsite\/en\/wp-json\/wp\/v2\/product_brand?post=20411"},{"taxonomy":"product_cat","embeddable":true,"href":"https:\/\/streetpower-rekond.se\/newsite\/en\/wp-json\/wp\/v2\/product_cat?post=20411"},{"taxonomy":"product_tag","embeddable":true,"href":"https:\/\/streetpower-rekond.se\/newsite\/en\/wp-json\/wp\/v2\/product_tag?post=20411"}],"curies":[{"name":"wp","href":"https:\/\/api.w.org\/{rel}","templated":true}]}}