{"id":20390,"date":"2025-01-01T07:45:47","date_gmt":"2025-01-01T07:45:47","guid":{"rendered":"https:\/\/streetpower-rekond.se\/newsite\/product\/ultracoat-fine-cut-1000ml\/"},"modified":"2025-04-01T09:44:17","modified_gmt":"2025-04-01T09:44:17","slug":"ultracoat-fine-cut-1000ml","status":"publish","type":"product","link":"https:\/\/streetpower-rekond.se\/newsite\/en\/product\/ultracoat-fine-cut-1000ml\/","title":{"rendered":"Ultracoat Fine Cut 1000ml"},"content":{"rendered":"<p>Ultracoat Fine Cut kombinerat med en finpolerande trissa ger en perfekt ytfinish och en spektakul\u00e4r glans. Den \u00e4r l\u00e4mplig f\u00f6r alla typer av polermaskiner, men du kommer att uppn\u00e5 de b\u00e4sta resultaten n\u00e4r du anv\u00e4nder den med en Dual Action-maskin. Arbetet \u00e4r behagligt med en subtil, fruktig doft.<\/p>\n<p>Tips:<\/p>\n<p>Skaka f\u00f6re anv\u00e4ndning. Anv\u00e4nd p\u00e5 en ren och sval yta. Applicera 4-5 droppar p\u00e5 polertrissan. Polera med m\u00e5ttligt tryck tills en n\u00e4stan ren yta uppn\u00e5s. Arbeta p\u00e5 element ca 50 x 50 cm i storlek. Efter polering, ta bort eventuellt kvarvarande polish med Ultracoat Finest Wipe.<\/p>","protected":false},"excerpt":{"rendered":"<p>2Polermedel f\u00f6r att ta bort sm\u00e5 repor och hologram fr\u00e5n lackytor. Perfekt som sista steget av lackkorrigering och f\u00f6r att f\u00f6rbereda nya billacker innan en lackbehandling. Den vattenbaserade formulan g\u00f6r att produkten inte genererar damm, vilket f\u00f6rkortar arbetstiden. Produkten inneh\u00e5ller inga fillers, silikoner eller vaxer. Detta s\u00e4kerst\u00e4ller enkel och snabb avtorkning efter polering. \u00c5terst\u00e4ller slipgrovlek P3000.<\/p>","protected":false},"featured_media":20391,"comment_status":"open","ping_status":"closed","template":"","meta":[],"etheme_brands":[{"term_id":410,"name":"Ultracoat","slug":"ultracoat","term_group":0,"term_taxonomy_id":410,"taxonomy":"brand","description":"","parent":0,"count":79,"filter":"raw"}],"product_brand":[384],"product_cat":[214],"product_tag":[],"class_list":{"0":"post-20390","1":"product","2":"type-product","3":"status-publish","4":"has-post-thumbnail","6":"brand-ultracoat","7":"product_brand-ultracoat","8":"product_cat-polermedel","10":"first","11":"instock","12":"sale","13":"taxable","14":"shipping-taxable","15":"purchasable","16":"product-type-simple"},"_links":{"self":[{"href":"https:\/\/streetpower-rekond.se\/newsite\/en\/wp-json\/wp\/v2\/product\/20390","targetHints":{"allow":["GET"]}}],"collection":[{"href":"https:\/\/streetpower-rekond.se\/newsite\/en\/wp-json\/wp\/v2\/product"}],"about":[{"href":"https:\/\/streetpower-rekond.se\/newsite\/en\/wp-json\/wp\/v2\/types\/product"}],"replies":[{"embeddable":true,"href":"https:\/\/streetpower-rekond.se\/newsite\/en\/wp-json\/wp\/v2\/comments?post=20390"}],"version-history":[{"count":1,"href":"https:\/\/streetpower-rekond.se\/newsite\/en\/wp-json\/wp\/v2\/product\/20390\/revisions"}],"predecessor-version":[{"id":23097,"href":"https:\/\/streetpower-rekond.se\/newsite\/en\/wp-json\/wp\/v2\/product\/20390\/revisions\/23097"}],"wp:featuredmedia":[{"embeddable":true,"href":"https:\/\/streetpower-rekond.se\/newsite\/en\/wp-json\/wp\/v2\/media\/20391"}],"wp:attachment":[{"href":"https:\/\/streetpower-rekond.se\/newsite\/en\/wp-json\/wp\/v2\/media?parent=20390"}],"wp:term":[{"taxonomy":"brand","embeddable":true,"href":"https:\/\/streetpower-rekond.se\/newsite\/en\/wp-json\/wp\/v2\/etheme_brands?post=20390"},{"taxonomy":"product_brand","embeddable":true,"href":"https:\/\/streetpower-rekond.se\/newsite\/en\/wp-json\/wp\/v2\/product_brand?post=20390"},{"taxonomy":"product_cat","embeddable":true,"href":"https:\/\/streetpower-rekond.se\/newsite\/en\/wp-json\/wp\/v2\/product_cat?post=20390"},{"taxonomy":"product_tag","embeddable":true,"href":"https:\/\/streetpower-rekond.se\/newsite\/en\/wp-json\/wp\/v2\/product_tag?post=20390"}],"curies":[{"name":"wp","href":"https:\/\/api.w.org\/{rel}","templated":true}]}}