{"id":20365,"date":"2025-01-04T13:15:53","date_gmt":"2025-01-04T13:15:53","guid":{"rendered":"https:\/\/streetpower-rekond.se\/newsite\/?post_type=product&#038;p=20365"},"modified":"2025-01-05T00:11:04","modified_gmt":"2025-01-05T00:11:04","slug":"ironman-neutral-500ml","status":"publish","type":"product","link":"https:\/\/streetpower-rekond.se\/newsite\/en\/product\/ironman-neutral-500ml\/","title":{"rendered":"Ironman Neutral 500ml"},"content":{"rendered":"<p>Egenskaper<\/p>\n<p>\u2013 Syrafri.<\/p>\n<p>\u2013 Ger en vacker glans.<\/p>\n<p>\u2013 pH-neutral.<\/p>\n<p>Bruksanvisning<\/p>\n<p>Applicera produkten p\u00e5 den yta som ska reng\u00f6ras. L\u00e5t produkten verka n\u00e5gra minuter innan du skrubbar med en f\u00e4lgborste eller svamp\/microfiberduk. Sk\u00f6lj d\u00e4refter av med vatten.<\/p>\n<p>Dosering<\/p>\n<p>Produkten kan anv\u00e4ndas som den \u00e4r, men kan \u00e4ven blandas ut med vatten efter behov<\/p>","protected":false},"excerpt":{"rendered":"<p>Utformad f\u00f6r f\u00e4lgar med mycket damm samt utv\u00e4ndigt p\u00e5 fordon d\u00e4r partiklar och annan smuts har fastnat.<\/p>\n<p>Ger f\u00e4lgarna en vacker glans, samt skyddar mot korrosion. Att f\u00e5 blanka l\u00e4ttmetallf\u00e4lgar efter en vinters\u00e4song \u00e4r inte n\u00e5got problem. Lacken p\u00e5 bilen blir varken skadad eller matt.<\/p>","protected":false},"featured_media":20366,"comment_status":"open","ping_status":"closed","template":"","meta":[],"etheme_brands":[],"product_brand":[],"product_cat":[239],"product_tag":[],"class_list":{"0":"post-20365","1":"product","2":"type-product","3":"status-publish","4":"has-post-thumbnail","6":"product_cat-flygrostloesare","8":"first","9":"instock","10":"taxable","11":"shipping-taxable","12":"purchasable","13":"product-type-simple"},"_links":{"self":[{"href":"https:\/\/streetpower-rekond.se\/newsite\/en\/wp-json\/wp\/v2\/product\/20365","targetHints":{"allow":["GET"]}}],"collection":[{"href":"https:\/\/streetpower-rekond.se\/newsite\/en\/wp-json\/wp\/v2\/product"}],"about":[{"href":"https:\/\/streetpower-rekond.se\/newsite\/en\/wp-json\/wp\/v2\/types\/product"}],"replies":[{"embeddable":true,"href":"https:\/\/streetpower-rekond.se\/newsite\/en\/wp-json\/wp\/v2\/comments?post=20365"}],"version-history":[{"count":0,"href":"https:\/\/streetpower-rekond.se\/newsite\/en\/wp-json\/wp\/v2\/product\/20365\/revisions"}],"wp:featuredmedia":[{"embeddable":true,"href":"https:\/\/streetpower-rekond.se\/newsite\/en\/wp-json\/wp\/v2\/media\/20366"}],"wp:attachment":[{"href":"https:\/\/streetpower-rekond.se\/newsite\/en\/wp-json\/wp\/v2\/media?parent=20365"}],"wp:term":[{"taxonomy":"brand","embeddable":true,"href":"https:\/\/streetpower-rekond.se\/newsite\/en\/wp-json\/wp\/v2\/etheme_brands?post=20365"},{"taxonomy":"product_brand","embeddable":true,"href":"https:\/\/streetpower-rekond.se\/newsite\/en\/wp-json\/wp\/v2\/product_brand?post=20365"},{"taxonomy":"product_cat","embeddable":true,"href":"https:\/\/streetpower-rekond.se\/newsite\/en\/wp-json\/wp\/v2\/product_cat?post=20365"},{"taxonomy":"product_tag","embeddable":true,"href":"https:\/\/streetpower-rekond.se\/newsite\/en\/wp-json\/wp\/v2\/product_tag?post=20365"}],"curies":[{"name":"wp","href":"https:\/\/api.w.org\/{rel}","templated":true}]}}