{"id":20353,"date":"2025-01-01T07:36:31","date_gmt":"2025-01-01T07:36:31","guid":{"rendered":"https:\/\/streetpower-rekond.se\/newsite\/product\/viking-fine-polishing-pad-40x50-x-20mm\/"},"modified":"2025-05-06T08:23:45","modified_gmt":"2025-05-06T08:23:45","slug":"viking-fine-polishing-pad-40x50-x-20mm","status":"publish","type":"product","link":"https:\/\/streetpower-rekond.se\/newsite\/en\/product\/viking-fine-polishing-pad-40x50-x-20mm\/","title":{"rendered":"VIKING Fine Polishing Pad 40&#215;50 x 20mm"},"content":{"rendered":"<p><img decoding=\"async\" src=\"https:\/\/streetpower-rekond.se\/newsite\/img\/cms\/VikingWTrans.png\" alt=\"\" width=\"200\" height=\"93\" title=\"\"><\/p>\n<p>Medium polersvamp av Premium kvalitet f\u00f6r media och finpolering.<\/p>\n<p>L\u00e5ng livsl\u00e4ngd och f\u00f6rb\u00e4ttrad v\u00e4rmeavledning<\/p>\n<p>M\u00e5tt<\/p>\n<p>Ytterdiameter: 50 mm<\/p>\n<p>Innerdiameter : 40 mm<\/p>\n<p>H\u00f6jd : 20 mm<\/p>\n<p>Sk\u00f6tselr\u00e5d polerrondeller<\/p>\n<p>Reng\u00f6rs smidigt genom att bl\u00e5sa rent med tryckluft<\/p>\n<p style=\"margin-top: 0px; margin-bottom: 10px; color: #ffffff; font-family: Poppins, Arial, Helvetica, sans-serif; font-size: 13px;\">","protected":false},"excerpt":{"rendered":"<p><img decoding=\"async\" src=\"https:\/\/streetpower-rekond.se\/newsite\/img\/cms\/VikingWTrans.png\" alt=\"\" width=\"100\" height=\"47\" \/><\/p>\n<p>Medium\u00a0polersvamp av Premium kvalitet\u00a0f\u00f6r media och finpolering.<\/p>","protected":false},"featured_media":20354,"comment_status":"open","ping_status":"closed","template":"","meta":[],"etheme_brands":[{"term_id":389,"name":"VIKING PADS","slug":"viking-pads","term_group":0,"term_taxonomy_id":389,"taxonomy":"brand","description":"","parent":0,"count":30,"filter":"raw"}],"product_brand":[386],"product_cat":[235],"product_tag":[],"class_list":{"0":"post-20353","1":"product","2":"type-product","3":"status-publish","4":"has-post-thumbnail","6":"brand-viking-pads","7":"product_brand-viking-pads","8":"product_cat-skumtrissor-35-50mm","10":"first","11":"instock","12":"taxable","13":"shipping-taxable","14":"purchasable","15":"product-type-simple"},"_links":{"self":[{"href":"https:\/\/streetpower-rekond.se\/newsite\/en\/wp-json\/wp\/v2\/product\/20353","targetHints":{"allow":["GET"]}}],"collection":[{"href":"https:\/\/streetpower-rekond.se\/newsite\/en\/wp-json\/wp\/v2\/product"}],"about":[{"href":"https:\/\/streetpower-rekond.se\/newsite\/en\/wp-json\/wp\/v2\/types\/product"}],"replies":[{"embeddable":true,"href":"https:\/\/streetpower-rekond.se\/newsite\/en\/wp-json\/wp\/v2\/comments?post=20353"}],"version-history":[{"count":1,"href":"https:\/\/streetpower-rekond.se\/newsite\/en\/wp-json\/wp\/v2\/product\/20353\/revisions"}],"predecessor-version":[{"id":23392,"href":"https:\/\/streetpower-rekond.se\/newsite\/en\/wp-json\/wp\/v2\/product\/20353\/revisions\/23392"}],"wp:featuredmedia":[{"embeddable":true,"href":"https:\/\/streetpower-rekond.se\/newsite\/en\/wp-json\/wp\/v2\/media\/20354"}],"wp:attachment":[{"href":"https:\/\/streetpower-rekond.se\/newsite\/en\/wp-json\/wp\/v2\/media?parent=20353"}],"wp:term":[{"taxonomy":"brand","embeddable":true,"href":"https:\/\/streetpower-rekond.se\/newsite\/en\/wp-json\/wp\/v2\/etheme_brands?post=20353"},{"taxonomy":"product_brand","embeddable":true,"href":"https:\/\/streetpower-rekond.se\/newsite\/en\/wp-json\/wp\/v2\/product_brand?post=20353"},{"taxonomy":"product_cat","embeddable":true,"href":"https:\/\/streetpower-rekond.se\/newsite\/en\/wp-json\/wp\/v2\/product_cat?post=20353"},{"taxonomy":"product_tag","embeddable":true,"href":"https:\/\/streetpower-rekond.se\/newsite\/en\/wp-json\/wp\/v2\/product_tag?post=20353"}],"curies":[{"name":"wp","href":"https:\/\/api.w.org\/{rel}","templated":true}]}}