{"id":20170,"date":"2025-01-01T06:25:14","date_gmt":"2025-01-01T06:25:14","guid":{"rendered":"https:\/\/streetpower-rekond.se\/newsite\/product\/ultracoat-master-wash-500ml\/"},"modified":"2025-04-22T09:01:57","modified_gmt":"2025-04-22T09:01:57","slug":"ultracoat-master-wash-500ml","status":"publish","type":"product","link":"https:\/\/streetpower-rekond.se\/newsite\/en\/product\/ultracoat-master-wash-500ml\/","title":{"rendered":"Ultracoat Master Wash 500ml"},"content":{"rendered":"<p>Produkten \u00e4r mycket koncentrerad. Den n\u00e5r sin maximala effektivitet vid en koncentration av 1:9 och en 1:80 l\u00f6sning \u00e4r tillr\u00e4cklig f\u00f6r l\u00e4tt smuts. Du f\u00e5r det b\u00e4sta resultatet genom att applicera det med en tryckspruta. Men om du letar efter ett tjockt skum kan Master Wash ocks\u00e5 appliceras med en skumpistol\/foam lance.<\/p>\n<p>Vi rekommenderar att du anv\u00e4nder Master Wash i ett v\u00e4lventilerat utrymme eller utomhus p\u00e5 avst\u00e5nd fr\u00e5n direkt solljus.<\/p>\n<p>Mycket koncentrerad<\/p>\n<p>Kraftfull reng\u00f6ring<\/p>\n<p>S\u00e4ker och effektiv<\/p>\n<p>F\u00f6rbered en anpassad blandning.<\/p>\n<p>Applicera produkten med en spruta eller en skumpistol.<\/p>\n<p>L\u00e4mna produkten i 60 sekunder.<\/p>\n<p>Sk\u00f6lj den noggrant.<\/p>\n<p>Upprepa vid behov steg 1-4<\/p>\n<p>Anv\u00e4nd alltid skyddskl\u00e4der och handskar. Testa produkten p\u00e5 ett litet, osynligt element. Arbeta p\u00e5 en sval yta fr\u00e5n direkt solljus. F\u00f6rvara vid en temperatur av 5 till 25 grader. Vid reng\u00f6ring av hjul eller motorrum anv\u00e4nd en mjuk borste f\u00f6r att arbeta produkten innan du sk\u00f6ljer av den.<\/p>\n<p>1:9 &#8211; Tung smuts och som f\u00f6rtv\u00e4tt i skumpistol<\/p>\n<p>1:80 &#8211; L\u00e4tt smuts<\/p>\n<p><img decoding=\"async\" src=\"https:\/\/streetpower-rekond.se\/newsite\/img\/cms\/Faro%20Symboler\/acid_red.gif\" alt=\"\" width=\"90\" height=\"90\" title=\"\"><\/p>\n<p>H\u00e4lso- och milj\u00f6farliga \u00e4mnen<\/p>\n<p>Sulfuric acid, mono-C12-14-alkyl esters, sodium salts<\/p>\n<p>Sulfonic acids, C14-16-alkane hydroxy and C14-16-alkene, sodium salts<\/p>\n<p>(R)-p-menta-1,8-dien<\/p>\n<p>linalool<\/p>\n<p>reaktionsblandning av: 5-klor-2-metyl-4-isotiazolin-3-on [EG-nr 247-500-7] och 2-metyl-2H-isotiazol-3-on [EG-nr 220-239-6] (3:1)<\/p>\n<p>H318 Orsakar allvarliga \u00f6gonskador.<\/p>\n<p>P101 Ha f\u00f6rpackningen eller etiketten till hands om du m\u00e5ste s\u00f6ka l\u00e4karv\u00e5rd.<\/p>\n<p>P102 F\u00f6rvaras o\u00e5tkomligt f\u00f6r barn.<\/p>\n<p>P264 Tv\u00e4tta h\u00e4nderna och utsatta delar av kroppen grundligt efter anv\u00e4ndning.<\/p>\n<p>P280 Anv\u00e4nd skyddshandskar\/skyddskl\u00e4der\/\u00f6gonskydd\/ansiktsskydd.<\/p>\n<p>P305+P351+P338 VID KONTAKT MED \u00d6GONEN: Sk\u00f6lj f\u00f6rsiktigt med vatten i flera minuter. Ta ur eventuella kontaktlinser om det g\u00e5r l\u00e4tt. Forts\u00e4tt att sk\u00f6lja.<\/p>\n<p>P501 Inneh\u00e5llet\/beh\u00e5llaren l\u00e4mnas till enligt g\u00e4llande f\u00f6rordningar.<\/p>","protected":false},"excerpt":{"rendered":"<p>99Master Wash \u00e4r ett universalreng\u00f6ringsmedel f\u00f6r att ta hand om ditt fordons utsida. Det \u00e4r mycket m\u00e5ngsidigt &#8211; det kommer att vara perfekt f\u00f6r reng\u00f6ring av lack, f\u00e4lgar, plaster och till och med motorrummet. Master Wash \u00e4r en h\u00f6geffektiv produkt. Den \u00e4r idealisk f\u00f6r snabb tv\u00e4tt och som f\u00f6rtv\u00e4tt. Mjukg\u00f6r effektivt smuts och underl\u00e4ttar avl\u00e4gsnande av insekter och f\u00e5gelspillning avsev\u00e4rt<\/p>","protected":false},"featured_media":20171,"comment_status":"open","ping_status":"closed","template":"","meta":[],"etheme_brands":[{"term_id":410,"name":"Ultracoat","slug":"ultracoat","term_group":0,"term_taxonomy_id":410,"taxonomy":"brand","description":"","parent":0,"count":79,"filter":"raw"}],"product_brand":[384],"product_cat":[256,250],"product_tag":[],"class_list":{"0":"post-20170","1":"product","2":"type-product","3":"status-publish","4":"has-post-thumbnail","6":"brand-ultracoat","7":"product_brand-ultracoat","8":"product_cat-alkalisk-avfettning","9":"product_cat-apc","11":"first","12":"instock","13":"sale","14":"taxable","15":"shipping-taxable","16":"purchasable","17":"product-type-simple"},"_links":{"self":[{"href":"https:\/\/streetpower-rekond.se\/newsite\/en\/wp-json\/wp\/v2\/product\/20170","targetHints":{"allow":["GET"]}}],"collection":[{"href":"https:\/\/streetpower-rekond.se\/newsite\/en\/wp-json\/wp\/v2\/product"}],"about":[{"href":"https:\/\/streetpower-rekond.se\/newsite\/en\/wp-json\/wp\/v2\/types\/product"}],"replies":[{"embeddable":true,"href":"https:\/\/streetpower-rekond.se\/newsite\/en\/wp-json\/wp\/v2\/comments?post=20170"}],"version-history":[{"count":1,"href":"https:\/\/streetpower-rekond.se\/newsite\/en\/wp-json\/wp\/v2\/product\/20170\/revisions"}],"predecessor-version":[{"id":23067,"href":"https:\/\/streetpower-rekond.se\/newsite\/en\/wp-json\/wp\/v2\/product\/20170\/revisions\/23067"}],"wp:featuredmedia":[{"embeddable":true,"href":"https:\/\/streetpower-rekond.se\/newsite\/en\/wp-json\/wp\/v2\/media\/20171"}],"wp:attachment":[{"href":"https:\/\/streetpower-rekond.se\/newsite\/en\/wp-json\/wp\/v2\/media?parent=20170"}],"wp:term":[{"taxonomy":"brand","embeddable":true,"href":"https:\/\/streetpower-rekond.se\/newsite\/en\/wp-json\/wp\/v2\/etheme_brands?post=20170"},{"taxonomy":"product_brand","embeddable":true,"href":"https:\/\/streetpower-rekond.se\/newsite\/en\/wp-json\/wp\/v2\/product_brand?post=20170"},{"taxonomy":"product_cat","embeddable":true,"href":"https:\/\/streetpower-rekond.se\/newsite\/en\/wp-json\/wp\/v2\/product_cat?post=20170"},{"taxonomy":"product_tag","embeddable":true,"href":"https:\/\/streetpower-rekond.se\/newsite\/en\/wp-json\/wp\/v2\/product_tag?post=20170"}],"curies":[{"name":"wp","href":"https:\/\/api.w.org\/{rel}","templated":true}]}}