{"id":20166,"date":"2025-01-01T06:25:01","date_gmt":"2025-01-01T06:25:01","guid":{"rendered":"https:\/\/streetpower-rekond.se\/newsite\/product\/ultracoat-leather-q-detailer-500-ml\/"},"modified":"2025-04-01T09:45:03","modified_gmt":"2025-04-01T09:45:03","slug":"ultracoat-leather-q-detailer-500-ml","status":"publish","type":"product","link":"https:\/\/streetpower-rekond.se\/newsite\/en\/product\/ultracoat-leather-q-detailer-500-ml\/","title":{"rendered":"Ultracoat Leather Q-Detailer 500 ml"},"content":{"rendered":"<p>Produkten mycket enkel att anv\u00e4nda. L\u00e4der Q-Detailer ger UV-skydd och l\u00e4mnar en matt finish. Skyddande egenskaper s\u00e4kerst\u00e4ller l\u00e5ngsammare absorption av smuts och l\u00e4mnar l\u00e4dret mjukt och ger n\u00e4ring.<\/p>\n<p>Snabbt och effektivt<\/p>\n<p>S\u00e4ker f\u00f6r anv\u00e4ndaren och ytan<\/p>\n<p>Satin finish<\/p>\n<p>Spraya produkten p\u00e5 mikrofiberduken eller direkt p\u00e5 l\u00e4der.<\/p>\n<p>Arbeta in produkten med en borste eller mikrofiberduk.<\/p>\n<p>Samla upp \u00f6verfl\u00f6dig produkt med ren mikrofiber.<\/p>\n<p>Upprepa vid behov steg 1-3.<\/p>\n<p>H\u00e4lso- och milj\u00f6farliga \u00e4mnen<\/p>\n<p>oktametylcyklotetrasiloxan<\/p>\n<p>S\u00e4kerhetsangivelser<\/p>\n<p>P101 Ha f\u00f6rpackningen eller etiketten till hands om du m\u00e5ste s\u00f6ka l\u00e4karv\u00e5rd.<\/p>\n<p>P102 F\u00f6rvaras o\u00e5tkomligt f\u00f6r barn.<\/p>\n<p>P501 Inneh\u00e5llet\/beh\u00e5llaren l\u00e4mnas till i enlighet med lokala f\u00f6rordningar genom att<\/p>\n<p>\u00f6verl\u00e4mna till en person som har tillst\u00e5nd att bortskaffa avfall eller till en plats som utsetts av staden.<\/p>","protected":false},"excerpt":{"rendered":"<p>L\u00e4der Q-Detailer \u00e4r en produkt avsedd f\u00f6r reng\u00f6ring och skydd av l\u00e4derytor. Perfekt f\u00f6r bilinteri\u00f6rer, men ocks\u00e5 f\u00f6r motorcykelsitsar och b\u00e5tinteri\u00f6rer. Den har en behaglig kokosdoft och dess sammans\u00e4ttning har valts s\u00e5 att den \u00e4r helt s\u00e4ker f\u00f6r ytan och anv\u00e4ndaren.<\/p>","protected":false},"featured_media":20167,"comment_status":"open","ping_status":"closed","template":"","meta":[],"etheme_brands":[{"term_id":410,"name":"Ultracoat","slug":"ultracoat","term_group":0,"term_taxonomy_id":410,"taxonomy":"brand","description":"","parent":0,"count":79,"filter":"raw"}],"product_brand":[384],"product_cat":[254],"product_tag":[],"class_list":{"0":"post-20166","1":"product","2":"type-product","3":"status-publish","4":"has-post-thumbnail","6":"brand-ultracoat","7":"product_brand-ultracoat","8":"product_cat-laedervard","10":"first","11":"instock","12":"sale","13":"taxable","14":"shipping-taxable","15":"purchasable","16":"product-type-simple"},"_links":{"self":[{"href":"https:\/\/streetpower-rekond.se\/newsite\/en\/wp-json\/wp\/v2\/product\/20166","targetHints":{"allow":["GET"]}}],"collection":[{"href":"https:\/\/streetpower-rekond.se\/newsite\/en\/wp-json\/wp\/v2\/product"}],"about":[{"href":"https:\/\/streetpower-rekond.se\/newsite\/en\/wp-json\/wp\/v2\/types\/product"}],"replies":[{"embeddable":true,"href":"https:\/\/streetpower-rekond.se\/newsite\/en\/wp-json\/wp\/v2\/comments?post=20166"}],"version-history":[{"count":1,"href":"https:\/\/streetpower-rekond.se\/newsite\/en\/wp-json\/wp\/v2\/product\/20166\/revisions"}],"predecessor-version":[{"id":23069,"href":"https:\/\/streetpower-rekond.se\/newsite\/en\/wp-json\/wp\/v2\/product\/20166\/revisions\/23069"}],"wp:featuredmedia":[{"embeddable":true,"href":"https:\/\/streetpower-rekond.se\/newsite\/en\/wp-json\/wp\/v2\/media\/20167"}],"wp:attachment":[{"href":"https:\/\/streetpower-rekond.se\/newsite\/en\/wp-json\/wp\/v2\/media?parent=20166"}],"wp:term":[{"taxonomy":"brand","embeddable":true,"href":"https:\/\/streetpower-rekond.se\/newsite\/en\/wp-json\/wp\/v2\/etheme_brands?post=20166"},{"taxonomy":"product_brand","embeddable":true,"href":"https:\/\/streetpower-rekond.se\/newsite\/en\/wp-json\/wp\/v2\/product_brand?post=20166"},{"taxonomy":"product_cat","embeddable":true,"href":"https:\/\/streetpower-rekond.se\/newsite\/en\/wp-json\/wp\/v2\/product_cat?post=20166"},{"taxonomy":"product_tag","embeddable":true,"href":"https:\/\/streetpower-rekond.se\/newsite\/en\/wp-json\/wp\/v2\/product_tag?post=20166"}],"curies":[{"name":"wp","href":"https:\/\/api.w.org\/{rel}","templated":true}]}}